{"id":996,"date":"2025-10-10T01:34:57","date_gmt":"2025-10-10T01:34:57","guid":{"rendered":"https:\/\/fractaljuegos.com\/?post_type=product&#038;p=996"},"modified":"2025-12-02T01:10:58","modified_gmt":"2025-12-02T01:10:58","slug":"the-mind","status":"publish","type":"product","link":"https:\/\/fractaljuegos.com\/en\/juegos\/the-mind\/","title":{"rendered":"The Mind"},"content":{"rendered":"<p>The Mind es m\u00e1s que un simple juego, es un experimento, un viaje, una experiencia en equipo muy sencilla y que no podr\u00e1n olvidar. Deber\u00e1n superar todos los niveles para ganar la partida, aunque no podr\u00e1n hablar, ponerse de acuerdo ni intercambiar informaci\u00f3n.<\/p>\n<p>No se preocupen, el juego funcionar\u00e1 siempre y cuando se comuniquen telep\u00e1ticamente&#8230;<\/p>\n<p>Nominado al juego del a\u00f1o 2018.<\/p>","protected":false},"excerpt":{"rendered":"<ul class=\"elementor-icon-list-items\">\n<li class=\"elementor-icon-list-item\">120 cartas<\/li>\n<li class=\"elementor-icon-list-item\">Libro de Reglas<\/li>\n<\/ul>","protected":false},"featured_media":3370,"comment_status":"open","ping_status":"closed","template":"","meta":{"_acf_changed":false},"product_brand":[],"product_cat":[34,30,27],"product_tag":[],"disponible-nodisponible":[],"cantidad_de_participantes":[64],"categorias-juegos":[42],"disponibilidad":[38],"mecanica":[58],"tamano_del_juego":[51],"tipo_de_jugador":[49],"class_list":{"0":"post-996","1":"product","2":"type-product","3":"status-publish","4":"has-post-thumbnail","6":"product_cat-cooperativos","7":"product_cat-fillers","8":"product_cat-party-games","9":"cantidad_de_participantes-dos-participantes","10":"categorias-juegos-localizaciones","11":"disponibilidad-disponible","12":"mecanica-cooperativo","13":"tamano_del_juego-de-bolsillo","14":"tipo_de_jugador-todo-publico","16":"first","17":"instock","18":"shipping-taxable","19":"purchasable","20":"product-type-simple"},"acf":[],"_links":{"self":[{"href":"https:\/\/fractaljuegos.com\/en\/wp-json\/wp\/v2\/product\/996","targetHints":{"allow":["GET"]}}],"collection":[{"href":"https:\/\/fractaljuegos.com\/en\/wp-json\/wp\/v2\/product"}],"about":[{"href":"https:\/\/fractaljuegos.com\/en\/wp-json\/wp\/v2\/types\/product"}],"replies":[{"embeddable":true,"href":"https:\/\/fractaljuegos.com\/en\/wp-json\/wp\/v2\/comments?post=996"}],"version-history":[{"count":5,"href":"https:\/\/fractaljuegos.com\/en\/wp-json\/wp\/v2\/product\/996\/revisions"}],"predecessor-version":[{"id":3375,"href":"https:\/\/fractaljuegos.com\/en\/wp-json\/wp\/v2\/product\/996\/revisions\/3375"}],"wp:featuredmedia":[{"embeddable":true,"href":"https:\/\/fractaljuegos.com\/en\/wp-json\/wp\/v2\/media\/3370"}],"wp:attachment":[{"href":"https:\/\/fractaljuegos.com\/en\/wp-json\/wp\/v2\/media?parent=996"}],"wp:term":[{"taxonomy":"product_brand","embeddable":true,"href":"https:\/\/fractaljuegos.com\/en\/wp-json\/wp\/v2\/product_brand?post=996"},{"taxonomy":"product_cat","embeddable":true,"href":"https:\/\/fractaljuegos.com\/en\/wp-json\/wp\/v2\/product_cat?post=996"},{"taxonomy":"product_tag","embeddable":true,"href":"https:\/\/fractaljuegos.com\/en\/wp-json\/wp\/v2\/product_tag?post=996"},{"taxonomy":"disponible-nodisponible","embeddable":true,"href":"https:\/\/fractaljuegos.com\/en\/wp-json\/wp\/v2\/disponible-nodisponible?post=996"},{"taxonomy":"cantidad_de_participantes","embeddable":true,"href":"https:\/\/fractaljuegos.com\/en\/wp-json\/wp\/v2\/cantidad_de_participantes?post=996"},{"taxonomy":"categorias-juegos","embeddable":true,"href":"https:\/\/fractaljuegos.com\/en\/wp-json\/wp\/v2\/categorias-juegos?post=996"},{"taxonomy":"disponibilidad","embeddable":true,"href":"https:\/\/fractaljuegos.com\/en\/wp-json\/wp\/v2\/disponibilidad?post=996"},{"taxonomy":"mecanica","embeddable":true,"href":"https:\/\/fractaljuegos.com\/en\/wp-json\/wp\/v2\/mecanica?post=996"},{"taxonomy":"tamano_del_juego","embeddable":true,"href":"https:\/\/fractaljuegos.com\/en\/wp-json\/wp\/v2\/tamano_del_juego?post=996"},{"taxonomy":"tipo_de_jugador","embeddable":true,"href":"https:\/\/fractaljuegos.com\/en\/wp-json\/wp\/v2\/tipo_de_jugador?post=996"}],"curies":[{"name":"wp","href":"https:\/\/api.w.org\/{rel}","templated":true}]}}