{"id":986,"date":"2025-10-10T01:28:52","date_gmt":"2025-10-10T01:28:52","guid":{"rendered":"https:\/\/fractaljuegos.com\/?post_type=product&#038;p=986"},"modified":"2025-12-02T01:16:26","modified_gmt":"2025-12-02T01:16:26","slug":"illusion","status":"publish","type":"product","link":"https:\/\/fractaljuegos.com\/en\/juegos\/illusion\/","title":{"rendered":"Illusion"},"content":{"rendered":"<p>\u00bfConf\u00edas en tus ojos? \u00bfCu\u00e1nto color eres capaz de ver? \u00bfPuedes ordenar las cartas seg\u00fan cantidad de alg\u00fan color sin equivocarte? En eso consiste Illusion. Las reglas son tan sencillas que puedes comenzar a jugar de inmediato. \u00bfQui\u00e9n tiene la perspectiva correcta y no se dejar\u00e1 enga\u00f1ar?<br \/>\nNo te pierdas este original juego de Wolfgang Warsch.<\/p>","protected":false},"excerpt":{"rendered":"<ul class=\"elementor-icon-list-items\">\n<li class=\"elementor-icon-list-item\">110 cartas<\/li>\n<li class=\"elementor-icon-list-item\">Libro de Reglas<\/li>\n<\/ul>","protected":false},"featured_media":987,"comment_status":"open","ping_status":"closed","template":"","meta":{"_acf_changed":false},"product_brand":[],"product_cat":[35,30,27],"product_tag":[],"disponible-nodisponible":[],"cantidad_de_participantes":[64,65],"categorias-juegos":[42],"disponibilidad":[39],"mecanica":[108],"tamano_del_juego":[51],"tipo_de_jugador":[49],"class_list":{"0":"post-986","1":"product","2":"type-product","3":"status-publish","4":"has-post-thumbnail","6":"product_cat-abstractos","7":"product_cat-fillers","8":"product_cat-party-games","9":"cantidad_de_participantes-dos-participantes","10":"cantidad_de_participantes-grupos-grandes","11":"categorias-juegos-localizaciones","12":"disponibilidad-no-disponible","13":"mecanica-party-game","14":"tamano_del_juego-de-bolsillo","15":"tipo_de_jugador-todo-publico","17":"first","18":"instock","19":"shipping-taxable","20":"purchasable","21":"product-type-simple"},"acf":[],"_links":{"self":[{"href":"https:\/\/fractaljuegos.com\/en\/wp-json\/wp\/v2\/product\/986","targetHints":{"allow":["GET"]}}],"collection":[{"href":"https:\/\/fractaljuegos.com\/en\/wp-json\/wp\/v2\/product"}],"about":[{"href":"https:\/\/fractaljuegos.com\/en\/wp-json\/wp\/v2\/types\/product"}],"replies":[{"embeddable":true,"href":"https:\/\/fractaljuegos.com\/en\/wp-json\/wp\/v2\/comments?post=986"}],"version-history":[{"count":5,"href":"https:\/\/fractaljuegos.com\/en\/wp-json\/wp\/v2\/product\/986\/revisions"}],"predecessor-version":[{"id":3388,"href":"https:\/\/fractaljuegos.com\/en\/wp-json\/wp\/v2\/product\/986\/revisions\/3388"}],"wp:featuredmedia":[{"embeddable":true,"href":"https:\/\/fractaljuegos.com\/en\/wp-json\/wp\/v2\/media\/987"}],"wp:attachment":[{"href":"https:\/\/fractaljuegos.com\/en\/wp-json\/wp\/v2\/media?parent=986"}],"wp:term":[{"taxonomy":"product_brand","embeddable":true,"href":"https:\/\/fractaljuegos.com\/en\/wp-json\/wp\/v2\/product_brand?post=986"},{"taxonomy":"product_cat","embeddable":true,"href":"https:\/\/fractaljuegos.com\/en\/wp-json\/wp\/v2\/product_cat?post=986"},{"taxonomy":"product_tag","embeddable":true,"href":"https:\/\/fractaljuegos.com\/en\/wp-json\/wp\/v2\/product_tag?post=986"},{"taxonomy":"disponible-nodisponible","embeddable":true,"href":"https:\/\/fractaljuegos.com\/en\/wp-json\/wp\/v2\/disponible-nodisponible?post=986"},{"taxonomy":"cantidad_de_participantes","embeddable":true,"href":"https:\/\/fractaljuegos.com\/en\/wp-json\/wp\/v2\/cantidad_de_participantes?post=986"},{"taxonomy":"categorias-juegos","embeddable":true,"href":"https:\/\/fractaljuegos.com\/en\/wp-json\/wp\/v2\/categorias-juegos?post=986"},{"taxonomy":"disponibilidad","embeddable":true,"href":"https:\/\/fractaljuegos.com\/en\/wp-json\/wp\/v2\/disponibilidad?post=986"},{"taxonomy":"mecanica","embeddable":true,"href":"https:\/\/fractaljuegos.com\/en\/wp-json\/wp\/v2\/mecanica?post=986"},{"taxonomy":"tamano_del_juego","embeddable":true,"href":"https:\/\/fractaljuegos.com\/en\/wp-json\/wp\/v2\/tamano_del_juego?post=986"},{"taxonomy":"tipo_de_jugador","embeddable":true,"href":"https:\/\/fractaljuegos.com\/en\/wp-json\/wp\/v2\/tipo_de_jugador?post=986"}],"curies":[{"name":"wp","href":"https:\/\/api.w.org\/{rel}","templated":true}]}}