{"id":981,"date":"2025-10-10T01:26:02","date_gmt":"2025-10-10T01:26:02","guid":{"rendered":"https:\/\/fractaljuegos.com\/?post_type=product&#038;p=981"},"modified":"2025-12-02T01:20:28","modified_gmt":"2025-12-02T01:20:28","slug":"qwixx","status":"publish","type":"product","link":"https:\/\/fractaljuegos.com\/en\/juegos\/qwixx\/","title":{"rendered":"Qwixx"},"content":{"rendered":"<p>\u00a1En Qwixx no hay tiempos de espera! Cuando alguien lanza los dados, el grupo completo puede ganar puntos. Mientras m\u00e1s n\u00fameros marques, m\u00e1s puntos obtendr\u00e1s al final de la partida.<\/p>\n<p>Qwixx es un juego sencillo, r\u00e1pido de aprender y emocionante hasta el final.<\/p>\n<p>Nominado al juego del a\u00f1o el 2013.<\/p>","protected":false},"excerpt":{"rendered":"<ul class=\"elementor-icon-list-items\">\n<li class=\"elementor-icon-list-item\">6 dados<\/li>\n<li class=\"elementor-icon-list-item\">1 libreta de puntuaci\u00f3n<\/li>\n<li class=\"elementor-icon-list-item\">1 reglamento<\/li>\n<\/ul>","protected":false},"featured_media":982,"comment_status":"open","ping_status":"closed","template":"","meta":{"_acf_changed":false},"product_brand":[],"product_cat":[35,32,30,26],"product_tag":[],"disponible-nodisponible":[],"cantidad_de_participantes":[64],"categorias-juegos":[42],"disponibilidad":[39],"mecanica":[96,103],"tamano_del_juego":[51],"tipo_de_jugador":[49],"class_list":{"0":"post-981","1":"product","2":"type-product","3":"status-publish","4":"has-post-thumbnail","6":"product_cat-abstractos","7":"product_cat-estrategicos","8":"product_cat-fillers","9":"product_cat-roll-write","10":"cantidad_de_participantes-dos-participantes","11":"categorias-juegos-localizaciones","12":"disponibilidad-no-disponible","13":"mecanica-dice-rolling","14":"mecanica-roll-and-write","15":"tamano_del_juego-de-bolsillo","16":"tipo_de_jugador-todo-publico","18":"first","19":"instock","20":"shipping-taxable","21":"purchasable","22":"product-type-simple"},"acf":[],"_links":{"self":[{"href":"https:\/\/fractaljuegos.com\/en\/wp-json\/wp\/v2\/product\/981","targetHints":{"allow":["GET"]}}],"collection":[{"href":"https:\/\/fractaljuegos.com\/en\/wp-json\/wp\/v2\/product"}],"about":[{"href":"https:\/\/fractaljuegos.com\/en\/wp-json\/wp\/v2\/types\/product"}],"replies":[{"embeddable":true,"href":"https:\/\/fractaljuegos.com\/en\/wp-json\/wp\/v2\/comments?post=981"}],"version-history":[{"count":5,"href":"https:\/\/fractaljuegos.com\/en\/wp-json\/wp\/v2\/product\/981\/revisions"}],"predecessor-version":[{"id":3393,"href":"https:\/\/fractaljuegos.com\/en\/wp-json\/wp\/v2\/product\/981\/revisions\/3393"}],"wp:featuredmedia":[{"embeddable":true,"href":"https:\/\/fractaljuegos.com\/en\/wp-json\/wp\/v2\/media\/982"}],"wp:attachment":[{"href":"https:\/\/fractaljuegos.com\/en\/wp-json\/wp\/v2\/media?parent=981"}],"wp:term":[{"taxonomy":"product_brand","embeddable":true,"href":"https:\/\/fractaljuegos.com\/en\/wp-json\/wp\/v2\/product_brand?post=981"},{"taxonomy":"product_cat","embeddable":true,"href":"https:\/\/fractaljuegos.com\/en\/wp-json\/wp\/v2\/product_cat?post=981"},{"taxonomy":"product_tag","embeddable":true,"href":"https:\/\/fractaljuegos.com\/en\/wp-json\/wp\/v2\/product_tag?post=981"},{"taxonomy":"disponible-nodisponible","embeddable":true,"href":"https:\/\/fractaljuegos.com\/en\/wp-json\/wp\/v2\/disponible-nodisponible?post=981"},{"taxonomy":"cantidad_de_participantes","embeddable":true,"href":"https:\/\/fractaljuegos.com\/en\/wp-json\/wp\/v2\/cantidad_de_participantes?post=981"},{"taxonomy":"categorias-juegos","embeddable":true,"href":"https:\/\/fractaljuegos.com\/en\/wp-json\/wp\/v2\/categorias-juegos?post=981"},{"taxonomy":"disponibilidad","embeddable":true,"href":"https:\/\/fractaljuegos.com\/en\/wp-json\/wp\/v2\/disponibilidad?post=981"},{"taxonomy":"mecanica","embeddable":true,"href":"https:\/\/fractaljuegos.com\/en\/wp-json\/wp\/v2\/mecanica?post=981"},{"taxonomy":"tamano_del_juego","embeddable":true,"href":"https:\/\/fractaljuegos.com\/en\/wp-json\/wp\/v2\/tamano_del_juego?post=981"},{"taxonomy":"tipo_de_jugador","embeddable":true,"href":"https:\/\/fractaljuegos.com\/en\/wp-json\/wp\/v2\/tipo_de_jugador?post=981"}],"curies":[{"name":"wp","href":"https:\/\/api.w.org\/{rel}","templated":true}]}}