{"id":971,"date":"2025-10-10T01:20:40","date_gmt":"2025-10-10T01:20:40","guid":{"rendered":"https:\/\/fractaljuegos.com\/?post_type=product&#038;p=971"},"modified":"2026-03-03T15:51:23","modified_gmt":"2026-03-03T15:51:23","slug":"llama","status":"publish","type":"product","link":"https:\/\/fractaljuegos.com\/en\/juegos\/llama\/","title":{"rendered":"Llama"},"content":{"rendered":"<p>Debes deshacerte de tus cartas lo m\u00e1s r\u00e1pido posible, pero no siempre tendr\u00e1s una para jugar, \u00bfte sales o robas otra carta?<\/p>\n<p>\u200b\u00a1Ojo! Si te quedas con cartas estas ser\u00e1n puntos negativos.<\/p>\n<p>\u200bTus puntos negativos se cuentan con fichas, pero si en una ronda logras jugar todas tus cartas \u00a1puedes eliminar una de ellas!<\/p>\n<p>\u200bEl juego terminar\u00e1 cuando alguien llegue a 40 puntos. Quien tenga menos puntos ser\u00e1 el ganador.<\/p>\n<p>\u200bNOMINADO AL JUEGO DEL A\u00d1O 2019 (SPIEL DES JAHRES)<\/p>","protected":false},"excerpt":{"rendered":"<ul class=\"elementor-icon-list-items\">\n<li class=\"elementor-icon-list-item\">56 cartas<\/li>\n<li class=\"elementor-icon-list-item\">70 fichas<\/li>\n<li class=\"elementor-icon-list-item\">1 reglamento<\/li>\n<\/ul>","protected":false},"featured_media":4365,"comment_status":"open","ping_status":"closed","template":"","meta":{"_acf_changed":false},"product_brand":[],"product_cat":[30,29,27],"product_tag":[],"disponible-nodisponible":[],"cantidad_de_participantes":[64,65],"categorias-juegos":[42],"disponibilidad":[38],"mecanica":[102,56],"tamano_del_juego":[51],"tipo_de_jugador":[48,49],"class_list":{"0":"post-971","1":"product","2":"type-product","3":"status-publish","4":"has-post-thumbnail","6":"product_cat-fillers","7":"product_cat-infantiles","8":"product_cat-party-games","9":"cantidad_de_participantes-dos-participantes","10":"cantidad_de_participantes-grupos-grandes","11":"categorias-juegos-localizaciones","12":"disponibilidad-disponible","13":"mecanica-escalada","14":"mecanica-manejo-de-mano","15":"tamano_del_juego-de-bolsillo","16":"tipo_de_jugador-nino-a","17":"tipo_de_jugador-todo-publico","19":"first","20":"instock","21":"shipping-taxable","22":"purchasable","23":"product-type-simple"},"acf":[],"_links":{"self":[{"href":"https:\/\/fractaljuegos.com\/en\/wp-json\/wp\/v2\/product\/971","targetHints":{"allow":["GET"]}}],"collection":[{"href":"https:\/\/fractaljuegos.com\/en\/wp-json\/wp\/v2\/product"}],"about":[{"href":"https:\/\/fractaljuegos.com\/en\/wp-json\/wp\/v2\/types\/product"}],"replies":[{"embeddable":true,"href":"https:\/\/fractaljuegos.com\/en\/wp-json\/wp\/v2\/comments?post=971"}],"version-history":[{"count":4,"href":"https:\/\/fractaljuegos.com\/en\/wp-json\/wp\/v2\/product\/971\/revisions"}],"predecessor-version":[{"id":3409,"href":"https:\/\/fractaljuegos.com\/en\/wp-json\/wp\/v2\/product\/971\/revisions\/3409"}],"wp:featuredmedia":[{"embeddable":true,"href":"https:\/\/fractaljuegos.com\/en\/wp-json\/wp\/v2\/media\/4365"}],"wp:attachment":[{"href":"https:\/\/fractaljuegos.com\/en\/wp-json\/wp\/v2\/media?parent=971"}],"wp:term":[{"taxonomy":"product_brand","embeddable":true,"href":"https:\/\/fractaljuegos.com\/en\/wp-json\/wp\/v2\/product_brand?post=971"},{"taxonomy":"product_cat","embeddable":true,"href":"https:\/\/fractaljuegos.com\/en\/wp-json\/wp\/v2\/product_cat?post=971"},{"taxonomy":"product_tag","embeddable":true,"href":"https:\/\/fractaljuegos.com\/en\/wp-json\/wp\/v2\/product_tag?post=971"},{"taxonomy":"disponible-nodisponible","embeddable":true,"href":"https:\/\/fractaljuegos.com\/en\/wp-json\/wp\/v2\/disponible-nodisponible?post=971"},{"taxonomy":"cantidad_de_participantes","embeddable":true,"href":"https:\/\/fractaljuegos.com\/en\/wp-json\/wp\/v2\/cantidad_de_participantes?post=971"},{"taxonomy":"categorias-juegos","embeddable":true,"href":"https:\/\/fractaljuegos.com\/en\/wp-json\/wp\/v2\/categorias-juegos?post=971"},{"taxonomy":"disponibilidad","embeddable":true,"href":"https:\/\/fractaljuegos.com\/en\/wp-json\/wp\/v2\/disponibilidad?post=971"},{"taxonomy":"mecanica","embeddable":true,"href":"https:\/\/fractaljuegos.com\/en\/wp-json\/wp\/v2\/mecanica?post=971"},{"taxonomy":"tamano_del_juego","embeddable":true,"href":"https:\/\/fractaljuegos.com\/en\/wp-json\/wp\/v2\/tamano_del_juego?post=971"},{"taxonomy":"tipo_de_jugador","embeddable":true,"href":"https:\/\/fractaljuegos.com\/en\/wp-json\/wp\/v2\/tipo_de_jugador?post=971"}],"curies":[{"name":"wp","href":"https:\/\/api.w.org\/{rel}","templated":true}]}}