{"id":963,"date":"2025-10-10T01:16:31","date_gmt":"2025-10-10T01:16:31","guid":{"rendered":"https:\/\/fractaljuegos.com\/?post_type=product&#038;p=963"},"modified":"2026-03-03T15:41:24","modified_gmt":"2026-03-03T15:41:24","slug":"corruptia","status":"publish","type":"product","link":"https:\/\/fractaljuegos.com\/en\/juegos\/corruptia\/","title":{"rendered":"Corruptia"},"content":{"rendered":"<p>En CORRUPTIA, el pa\u00eds m\u00e1s corrupto del mundo, los senadores y senadoras har\u00e1n todo lo posible para aumentar sus riquezas.<\/p>\n<p>Enga\u00f1a, soborna, compra votos, chantajea y col\u00fadete. Todo est\u00e1 permitido. Cualquier parecido a la realidad, es pura coincidencia.<\/p>","protected":false},"excerpt":{"rendered":"<ul class=\"elementor-icon-list-items\">\n<li class=\"elementor-icon-list-item\">90 cartas de Proyecto de Ley<\/li>\n<li class=\"elementor-icon-list-item\">20 cartas de chantaje<\/li>\n<li class=\"elementor-icon-list-item\">5 cartas de Ayuda<\/li>\n<li class=\"elementor-icon-list-item\">5 tableros de Senador<\/li>\n<li class=\"elementor-icon-list-item\">33 trabajadores<\/li>\n<li class=\"elementor-icon-list-item\">30 fichas de Apoyo Ciudadano<\/li>\n<li class=\"elementor-icon-list-item\">1 dado del Pueblo<\/li>\n<li class=\"elementor-icon-list-item\">1 ficha Presidencial<\/li>\n<li class=\"elementor-icon-list-item\">1 libreta de puntaje<\/li>\n<li class=\"elementor-icon-list-item\">1 Manual de Reglas<\/li>\n<\/ul>","protected":false},"featured_media":4352,"comment_status":"open","ping_status":"closed","template":"","meta":{"_acf_changed":false},"product_brand":[],"product_cat":[32,27],"product_tag":[],"disponible-nodisponible":[],"cantidad_de_participantes":[],"categorias-juegos":[],"disponibilidad":[38],"mecanica":[56,101],"tamano_del_juego":[53],"tipo_de_jugador":[49],"class_list":{"0":"post-963","1":"product","2":"type-product","3":"status-publish","4":"has-post-thumbnail","6":"product_cat-estrategicos","7":"product_cat-party-games","8":"disponibilidad-disponible","9":"mecanica-manejo-de-mano","10":"mecanica-negociacion","11":"tamano_del_juego-de-morral","12":"tipo_de_jugador-todo-publico","14":"first","15":"outofstock","16":"shipping-taxable","17":"purchasable","18":"product-type-simple"},"acf":[],"_links":{"self":[{"href":"https:\/\/fractaljuegos.com\/en\/wp-json\/wp\/v2\/product\/963","targetHints":{"allow":["GET"]}}],"collection":[{"href":"https:\/\/fractaljuegos.com\/en\/wp-json\/wp\/v2\/product"}],"about":[{"href":"https:\/\/fractaljuegos.com\/en\/wp-json\/wp\/v2\/types\/product"}],"replies":[{"embeddable":true,"href":"https:\/\/fractaljuegos.com\/en\/wp-json\/wp\/v2\/comments?post=963"}],"version-history":[{"count":6,"href":"https:\/\/fractaljuegos.com\/en\/wp-json\/wp\/v2\/product\/963\/revisions"}],"predecessor-version":[{"id":3802,"href":"https:\/\/fractaljuegos.com\/en\/wp-json\/wp\/v2\/product\/963\/revisions\/3802"}],"wp:featuredmedia":[{"embeddable":true,"href":"https:\/\/fractaljuegos.com\/en\/wp-json\/wp\/v2\/media\/4352"}],"wp:attachment":[{"href":"https:\/\/fractaljuegos.com\/en\/wp-json\/wp\/v2\/media?parent=963"}],"wp:term":[{"taxonomy":"product_brand","embeddable":true,"href":"https:\/\/fractaljuegos.com\/en\/wp-json\/wp\/v2\/product_brand?post=963"},{"taxonomy":"product_cat","embeddable":true,"href":"https:\/\/fractaljuegos.com\/en\/wp-json\/wp\/v2\/product_cat?post=963"},{"taxonomy":"product_tag","embeddable":true,"href":"https:\/\/fractaljuegos.com\/en\/wp-json\/wp\/v2\/product_tag?post=963"},{"taxonomy":"disponible-nodisponible","embeddable":true,"href":"https:\/\/fractaljuegos.com\/en\/wp-json\/wp\/v2\/disponible-nodisponible?post=963"},{"taxonomy":"cantidad_de_participantes","embeddable":true,"href":"https:\/\/fractaljuegos.com\/en\/wp-json\/wp\/v2\/cantidad_de_participantes?post=963"},{"taxonomy":"categorias-juegos","embeddable":true,"href":"https:\/\/fractaljuegos.com\/en\/wp-json\/wp\/v2\/categorias-juegos?post=963"},{"taxonomy":"disponibilidad","embeddable":true,"href":"https:\/\/fractaljuegos.com\/en\/wp-json\/wp\/v2\/disponibilidad?post=963"},{"taxonomy":"mecanica","embeddable":true,"href":"https:\/\/fractaljuegos.com\/en\/wp-json\/wp\/v2\/mecanica?post=963"},{"taxonomy":"tamano_del_juego","embeddable":true,"href":"https:\/\/fractaljuegos.com\/en\/wp-json\/wp\/v2\/tamano_del_juego?post=963"},{"taxonomy":"tipo_de_jugador","embeddable":true,"href":"https:\/\/fractaljuegos.com\/en\/wp-json\/wp\/v2\/tipo_de_jugador?post=963"}],"curies":[{"name":"wp","href":"https:\/\/api.w.org\/{rel}","templated":true}]}}