{"id":961,"date":"2025-10-10T01:14:14","date_gmt":"2025-10-10T01:14:14","guid":{"rendered":"https:\/\/fractaljuegos.com\/?post_type=product&#038;p=961"},"modified":"2026-03-03T16:06:17","modified_gmt":"2026-03-03T16:06:17","slug":"tough-calls-dystopia","status":"publish","type":"product","link":"https:\/\/fractaljuegos.com\/en\/juegos\/tough-calls-dystopia\/","title":{"rendered":"Tough Calls: Dystopia"},"content":{"rendered":"<p>Tough Calls: Dystopia es un juego narrativo y argumentativo ambientado en una variedad de escenarios construidos a partir de los motivos m\u00e1s ic\u00f3nicos de la Ciencia Ficci\u00f3n contempor\u00e1nea, como una invasi\u00f3n zombie, la rebeli\u00f3n de las maquinas o una gran pandemia.<\/p>\n<p>\u200bEn cada partida, los jugadores asumen el rol de un personaje que est\u00e1 dispuesto a liderar una comunidad de sobrevivientes en un mundo post-apocal\u00edptico.<\/p>\n<p>\u200bLa partida consiste en una ronda de turnos en el que cada participante elegir\u00e1 una pregunta que todos deben responder. Luego de cada ronda de respuestas los jugadores votan en secreto por la mejor respuesta y quien obtenga la mayor cantidad de votos al final de la partida ser\u00e1 el ganador.<\/p>\n<p>\u200bEn Tough Calls los participantes van creando un mundo a partir de sus respuestas. El escenario, las preguntas y los eventos son s\u00f3lo una gu\u00eda: las respuestas de cada participante ir\u00e1n creando las particularidades de cada partida.<\/p>","protected":false},"excerpt":{"rendered":"<ul class=\"elementor-icon-list-items\">\n<li class=\"elementor-icon-list-item\">10 Cartas de Escenario<\/li>\n<li class=\"elementor-icon-list-item\">30 Cartas de Pregunta<\/li>\n<li class=\"elementor-icon-list-item\">30 Cartas de Evento<\/li>\n<li class=\"elementor-icon-list-item\">10 Fichas de Facci\u00f3n<\/li>\n<li class=\"elementor-icon-list-item\">34 Fichas de Voto<\/li>\n<li class=\"elementor-icon-list-item\">1 Reloj de arena<\/li>\n<li class=\"elementor-icon-list-item\">1 Reglamento<\/li>\n<li class=\"elementor-icon-list-item\">1 Abrebotellas<\/li>\n<\/ul>","protected":false},"featured_media":4394,"comment_status":"open","ping_status":"closed","template":"","meta":{"_acf_changed":false},"product_brand":[],"product_cat":[28,27],"product_tag":[],"disponible-nodisponible":[],"cantidad_de_participantes":[],"categorias-juegos":[41],"disponibilidad":[38],"mecanica":[111],"tamano_del_juego":[53],"tipo_de_jugador":[49],"class_list":{"0":"post-961","1":"product","2":"type-product","3":"status-publish","4":"has-post-thumbnail","6":"product_cat-narrativos","7":"product_cat-party-games","8":"categorias-juegos-originales","9":"disponibilidad-disponible","10":"mecanica-juego-de-roles","11":"tamano_del_juego-de-morral","12":"tipo_de_jugador-todo-publico","14":"first","15":"outofstock","16":"shipping-taxable","17":"purchasable","18":"product-type-simple"},"acf":[],"_links":{"self":[{"href":"https:\/\/fractaljuegos.com\/en\/wp-json\/wp\/v2\/product\/961","targetHints":{"allow":["GET"]}}],"collection":[{"href":"https:\/\/fractaljuegos.com\/en\/wp-json\/wp\/v2\/product"}],"about":[{"href":"https:\/\/fractaljuegos.com\/en\/wp-json\/wp\/v2\/types\/product"}],"replies":[{"embeddable":true,"href":"https:\/\/fractaljuegos.com\/en\/wp-json\/wp\/v2\/comments?post=961"}],"version-history":[{"count":3,"href":"https:\/\/fractaljuegos.com\/en\/wp-json\/wp\/v2\/product\/961\/revisions"}],"predecessor-version":[{"id":2919,"href":"https:\/\/fractaljuegos.com\/en\/wp-json\/wp\/v2\/product\/961\/revisions\/2919"}],"wp:featuredmedia":[{"embeddable":true,"href":"https:\/\/fractaljuegos.com\/en\/wp-json\/wp\/v2\/media\/4394"}],"wp:attachment":[{"href":"https:\/\/fractaljuegos.com\/en\/wp-json\/wp\/v2\/media?parent=961"}],"wp:term":[{"taxonomy":"product_brand","embeddable":true,"href":"https:\/\/fractaljuegos.com\/en\/wp-json\/wp\/v2\/product_brand?post=961"},{"taxonomy":"product_cat","embeddable":true,"href":"https:\/\/fractaljuegos.com\/en\/wp-json\/wp\/v2\/product_cat?post=961"},{"taxonomy":"product_tag","embeddable":true,"href":"https:\/\/fractaljuegos.com\/en\/wp-json\/wp\/v2\/product_tag?post=961"},{"taxonomy":"disponible-nodisponible","embeddable":true,"href":"https:\/\/fractaljuegos.com\/en\/wp-json\/wp\/v2\/disponible-nodisponible?post=961"},{"taxonomy":"cantidad_de_participantes","embeddable":true,"href":"https:\/\/fractaljuegos.com\/en\/wp-json\/wp\/v2\/cantidad_de_participantes?post=961"},{"taxonomy":"categorias-juegos","embeddable":true,"href":"https:\/\/fractaljuegos.com\/en\/wp-json\/wp\/v2\/categorias-juegos?post=961"},{"taxonomy":"disponibilidad","embeddable":true,"href":"https:\/\/fractaljuegos.com\/en\/wp-json\/wp\/v2\/disponibilidad?post=961"},{"taxonomy":"mecanica","embeddable":true,"href":"https:\/\/fractaljuegos.com\/en\/wp-json\/wp\/v2\/mecanica?post=961"},{"taxonomy":"tamano_del_juego","embeddable":true,"href":"https:\/\/fractaljuegos.com\/en\/wp-json\/wp\/v2\/tamano_del_juego?post=961"},{"taxonomy":"tipo_de_jugador","embeddable":true,"href":"https:\/\/fractaljuegos.com\/en\/wp-json\/wp\/v2\/tipo_de_jugador?post=961"}],"curies":[{"name":"wp","href":"https:\/\/api.w.org\/{rel}","templated":true}]}}