{"id":947,"date":"2025-10-10T01:03:50","date_gmt":"2025-10-10T01:03:50","guid":{"rendered":"https:\/\/fractaljuegos.com\/?post_type=product&#038;p=947"},"modified":"2026-03-03T15:44:24","modified_gmt":"2026-03-03T15:44:24","slug":"hula-hula","status":"publish","type":"product","link":"https:\/\/fractaljuegos.com\/en\/juegos\/hula-hula\/","title":{"rendered":"\u00a1Hula Hula!"},"content":{"rendered":"<p>El gran mundial de Hula-hula ha comenzado y animales de todo el mundo se han congregado para competir.<\/p>\n<p>Lanzando cartas por turno, deber\u00e1s subir y bajar seg\u00fan sea necesario para mantenerte en juego. Quien juegue primero todas sus cartas o se mantenga en pie ganar\u00e1 la ronda. La persona que acumule m\u00e1s puntos al final de la partida demostrar\u00e1 sus dotes de hula-hula \u00a1Hulal\u00e1!<\/p>\n<p>\u00a1No te pierdas este adictivo juego de Jacques Zeimet!<\/p>","protected":false},"excerpt":{"rendered":"<ul class=\"elementor-icon-list-items\">\n<li class=\"elementor-icon-list-item\">84 cartas<\/li>\n<li class=\"elementor-icon-list-item\">Libro de Reglas<\/li>\n<\/ul>","protected":false},"featured_media":4354,"comment_status":"open","ping_status":"closed","template":"","meta":{"_acf_changed":false},"product_brand":[],"product_cat":[30,29,27],"product_tag":[],"disponible-nodisponible":[],"cantidad_de_participantes":[64,65],"categorias-juegos":[42],"disponibilidad":[38],"mecanica":[56],"tamano_del_juego":[51],"tipo_de_jugador":[49],"class_list":{"0":"post-947","1":"product","2":"type-product","3":"status-publish","4":"has-post-thumbnail","6":"product_cat-fillers","7":"product_cat-infantiles","8":"product_cat-party-games","9":"cantidad_de_participantes-dos-participantes","10":"cantidad_de_participantes-grupos-grandes","11":"categorias-juegos-localizaciones","12":"disponibilidad-disponible","13":"mecanica-manejo-de-mano","14":"tamano_del_juego-de-bolsillo","15":"tipo_de_jugador-todo-publico","17":"first","18":"instock","19":"shipping-taxable","20":"purchasable","21":"product-type-simple"},"acf":[],"_links":{"self":[{"href":"https:\/\/fractaljuegos.com\/en\/wp-json\/wp\/v2\/product\/947","targetHints":{"allow":["GET"]}}],"collection":[{"href":"https:\/\/fractaljuegos.com\/en\/wp-json\/wp\/v2\/product"}],"about":[{"href":"https:\/\/fractaljuegos.com\/en\/wp-json\/wp\/v2\/types\/product"}],"replies":[{"embeddable":true,"href":"https:\/\/fractaljuegos.com\/en\/wp-json\/wp\/v2\/comments?post=947"}],"version-history":[{"count":6,"href":"https:\/\/fractaljuegos.com\/en\/wp-json\/wp\/v2\/product\/947\/revisions"}],"predecessor-version":[{"id":3608,"href":"https:\/\/fractaljuegos.com\/en\/wp-json\/wp\/v2\/product\/947\/revisions\/3608"}],"wp:featuredmedia":[{"embeddable":true,"href":"https:\/\/fractaljuegos.com\/en\/wp-json\/wp\/v2\/media\/4354"}],"wp:attachment":[{"href":"https:\/\/fractaljuegos.com\/en\/wp-json\/wp\/v2\/media?parent=947"}],"wp:term":[{"taxonomy":"product_brand","embeddable":true,"href":"https:\/\/fractaljuegos.com\/en\/wp-json\/wp\/v2\/product_brand?post=947"},{"taxonomy":"product_cat","embeddable":true,"href":"https:\/\/fractaljuegos.com\/en\/wp-json\/wp\/v2\/product_cat?post=947"},{"taxonomy":"product_tag","embeddable":true,"href":"https:\/\/fractaljuegos.com\/en\/wp-json\/wp\/v2\/product_tag?post=947"},{"taxonomy":"disponible-nodisponible","embeddable":true,"href":"https:\/\/fractaljuegos.com\/en\/wp-json\/wp\/v2\/disponible-nodisponible?post=947"},{"taxonomy":"cantidad_de_participantes","embeddable":true,"href":"https:\/\/fractaljuegos.com\/en\/wp-json\/wp\/v2\/cantidad_de_participantes?post=947"},{"taxonomy":"categorias-juegos","embeddable":true,"href":"https:\/\/fractaljuegos.com\/en\/wp-json\/wp\/v2\/categorias-juegos?post=947"},{"taxonomy":"disponibilidad","embeddable":true,"href":"https:\/\/fractaljuegos.com\/en\/wp-json\/wp\/v2\/disponibilidad?post=947"},{"taxonomy":"mecanica","embeddable":true,"href":"https:\/\/fractaljuegos.com\/en\/wp-json\/wp\/v2\/mecanica?post=947"},{"taxonomy":"tamano_del_juego","embeddable":true,"href":"https:\/\/fractaljuegos.com\/en\/wp-json\/wp\/v2\/tamano_del_juego?post=947"},{"taxonomy":"tipo_de_jugador","embeddable":true,"href":"https:\/\/fractaljuegos.com\/en\/wp-json\/wp\/v2\/tipo_de_jugador?post=947"}],"curies":[{"name":"wp","href":"https:\/\/api.w.org\/{rel}","templated":true}]}}