{"id":945,"date":"2025-10-10T01:02:22","date_gmt":"2025-10-10T01:02:22","guid":{"rendered":"https:\/\/fractaljuegos.com\/?post_type=product&#038;p=945"},"modified":"2026-03-03T15:58:19","modified_gmt":"2026-03-03T15:58:19","slug":"qwinto","status":"publish","type":"product","link":"https:\/\/fractaljuegos.com\/en\/juegos\/qwinto\/","title":{"rendered":"Qwinto"},"content":{"rendered":"<p>Qwinto es un juego sencillo y emocionante \u00bfQu\u00e9 mejor que lanzar dados? Cada vez que alguien lanza, el grupo completo puede jugar inmediatamente, eligiendo un n\u00famero y ubic\u00e1ndolo de manera estrat\u00e9gica en una de las tres filas de colores. Quien logre anotar m\u00e1s n\u00fameros y obtenga m\u00e1s bonificaciones ganar\u00e1 la partida.<\/p>\n<p>Recomendado al juego del a\u00f1o 2016.<\/p>","protected":false},"excerpt":{"rendered":"<ul class=\"elementor-icon-list-items\">\n<li class=\"elementor-icon-list-item\">3 dados<\/li>\n<li class=\"elementor-icon-list-item\">1 libreta de puntuaci\u00f3n<\/li>\n<li class=\"elementor-icon-list-item\">4 l\u00e1pices<\/li>\n<li class=\"elementor-icon-list-item\">1 reglamento<\/li>\n<\/ul>","protected":false},"featured_media":4377,"comment_status":"open","ping_status":"closed","template":"","meta":{"_acf_changed":false},"product_brand":[],"product_cat":[35,32,30,26],"product_tag":[],"disponible-nodisponible":[],"cantidad_de_participantes":[64,65],"categorias-juegos":[46,42],"disponibilidad":[39],"mecanica":[96,103],"tamano_del_juego":[51],"tipo_de_jugador":[49],"class_list":{"0":"post-945","1":"product","2":"type-product","3":"status-publish","4":"has-post-thumbnail","6":"product_cat-abstractos","7":"product_cat-estrategicos","8":"product_cat-fillers","9":"product_cat-roll-write","10":"cantidad_de_participantes-dos-participantes","11":"cantidad_de_participantes-grupos-grandes","12":"categorias-juegos-archivo","13":"categorias-juegos-localizaciones","14":"disponibilidad-no-disponible","15":"mecanica-dice-rolling","16":"mecanica-roll-and-write","17":"tamano_del_juego-de-bolsillo","18":"tipo_de_jugador-todo-publico","20":"first","21":"outofstock","22":"shipping-taxable","23":"purchasable","24":"product-type-simple"},"acf":[],"_links":{"self":[{"href":"https:\/\/fractaljuegos.com\/en\/wp-json\/wp\/v2\/product\/945","targetHints":{"allow":["GET"]}}],"collection":[{"href":"https:\/\/fractaljuegos.com\/en\/wp-json\/wp\/v2\/product"}],"about":[{"href":"https:\/\/fractaljuegos.com\/en\/wp-json\/wp\/v2\/types\/product"}],"replies":[{"embeddable":true,"href":"https:\/\/fractaljuegos.com\/en\/wp-json\/wp\/v2\/comments?post=945"}],"version-history":[{"count":5,"href":"https:\/\/fractaljuegos.com\/en\/wp-json\/wp\/v2\/product\/945\/revisions"}],"predecessor-version":[{"id":3602,"href":"https:\/\/fractaljuegos.com\/en\/wp-json\/wp\/v2\/product\/945\/revisions\/3602"}],"wp:featuredmedia":[{"embeddable":true,"href":"https:\/\/fractaljuegos.com\/en\/wp-json\/wp\/v2\/media\/4377"}],"wp:attachment":[{"href":"https:\/\/fractaljuegos.com\/en\/wp-json\/wp\/v2\/media?parent=945"}],"wp:term":[{"taxonomy":"product_brand","embeddable":true,"href":"https:\/\/fractaljuegos.com\/en\/wp-json\/wp\/v2\/product_brand?post=945"},{"taxonomy":"product_cat","embeddable":true,"href":"https:\/\/fractaljuegos.com\/en\/wp-json\/wp\/v2\/product_cat?post=945"},{"taxonomy":"product_tag","embeddable":true,"href":"https:\/\/fractaljuegos.com\/en\/wp-json\/wp\/v2\/product_tag?post=945"},{"taxonomy":"disponible-nodisponible","embeddable":true,"href":"https:\/\/fractaljuegos.com\/en\/wp-json\/wp\/v2\/disponible-nodisponible?post=945"},{"taxonomy":"cantidad_de_participantes","embeddable":true,"href":"https:\/\/fractaljuegos.com\/en\/wp-json\/wp\/v2\/cantidad_de_participantes?post=945"},{"taxonomy":"categorias-juegos","embeddable":true,"href":"https:\/\/fractaljuegos.com\/en\/wp-json\/wp\/v2\/categorias-juegos?post=945"},{"taxonomy":"disponibilidad","embeddable":true,"href":"https:\/\/fractaljuegos.com\/en\/wp-json\/wp\/v2\/disponibilidad?post=945"},{"taxonomy":"mecanica","embeddable":true,"href":"https:\/\/fractaljuegos.com\/en\/wp-json\/wp\/v2\/mecanica?post=945"},{"taxonomy":"tamano_del_juego","embeddable":true,"href":"https:\/\/fractaljuegos.com\/en\/wp-json\/wp\/v2\/tamano_del_juego?post=945"},{"taxonomy":"tipo_de_jugador","embeddable":true,"href":"https:\/\/fractaljuegos.com\/en\/wp-json\/wp\/v2\/tipo_de_jugador?post=945"}],"curies":[{"name":"wp","href":"https:\/\/api.w.org\/{rel}","templated":true}]}}