{"id":936,"date":"2025-10-10T00:59:09","date_gmt":"2025-10-10T00:59:09","guid":{"rendered":"https:\/\/fractaljuegos.com\/?post_type=product&#038;p=936"},"modified":"2025-12-02T03:35:22","modified_gmt":"2025-12-02T03:35:22","slug":"knister","status":"publish","type":"product","link":"https:\/\/fractaljuegos.com\/en\/juegos\/knister\/","title":{"rendered":"Knister"},"content":{"rendered":"<p>Knister es un juego sencillo, emocionante, r\u00e1pido y multipremiado \u00bfQu\u00e9 m\u00e1s se puede pedir?<br \/>\nLanzando dados comunes a todo el grupo, deber\u00e1s completar una grilla formando las combinaciones m\u00e1s convenientes. Ganar\u00e1 quien obtenga la mayor cantidad de puntos al final de la partida.<\/p>\n<p>Parte de la nueva colecci\u00f3n de juegos Mini.<\/p>\n<p>Recomendado al juego del a\u00f1o 2007.<\/p>","protected":false},"excerpt":{"rendered":"<ul class=\"elementor-icon-list-items\">\n<li class=\"elementor-icon-list-item\">2 dados<\/li>\n<li class=\"elementor-icon-list-item\">1 libreta de puntuaci\u00f3n<\/li>\n<li class=\"elementor-icon-list-item\">1 l\u00e1piz<\/li>\n<li class=\"elementor-icon-list-item\">1 reglamento<\/li>\n<\/ul>","protected":false},"featured_media":3594,"comment_status":"open","ping_status":"closed","template":"","meta":{"_acf_changed":false},"product_brand":[],"product_cat":[35,32,30,26],"product_tag":[],"disponible-nodisponible":[],"cantidad_de_participantes":[64,65,63],"categorias-juegos":[46,42],"disponibilidad":[39],"mecanica":[103],"tamano_del_juego":[51],"tipo_de_jugador":[49],"class_list":{"0":"post-936","1":"product","2":"type-product","3":"status-publish","4":"has-post-thumbnail","6":"product_cat-abstractos","7":"product_cat-estrategicos","8":"product_cat-fillers","9":"product_cat-roll-write","10":"cantidad_de_participantes-dos-participantes","11":"cantidad_de_participantes-grupos-grandes","12":"cantidad_de_participantes-solitario","13":"categorias-juegos-archivo","14":"categorias-juegos-localizaciones","15":"disponibilidad-no-disponible","16":"mecanica-roll-and-write","17":"tamano_del_juego-de-bolsillo","18":"tipo_de_jugador-todo-publico","20":"first","21":"outofstock","22":"shipping-taxable","23":"purchasable","24":"product-type-simple"},"acf":[],"_links":{"self":[{"href":"https:\/\/fractaljuegos.com\/en\/wp-json\/wp\/v2\/product\/936","targetHints":{"allow":["GET"]}}],"collection":[{"href":"https:\/\/fractaljuegos.com\/en\/wp-json\/wp\/v2\/product"}],"about":[{"href":"https:\/\/fractaljuegos.com\/en\/wp-json\/wp\/v2\/types\/product"}],"replies":[{"embeddable":true,"href":"https:\/\/fractaljuegos.com\/en\/wp-json\/wp\/v2\/comments?post=936"}],"version-history":[{"count":5,"href":"https:\/\/fractaljuegos.com\/en\/wp-json\/wp\/v2\/product\/936\/revisions"}],"predecessor-version":[{"id":3598,"href":"https:\/\/fractaljuegos.com\/en\/wp-json\/wp\/v2\/product\/936\/revisions\/3598"}],"wp:featuredmedia":[{"embeddable":true,"href":"https:\/\/fractaljuegos.com\/en\/wp-json\/wp\/v2\/media\/3594"}],"wp:attachment":[{"href":"https:\/\/fractaljuegos.com\/en\/wp-json\/wp\/v2\/media?parent=936"}],"wp:term":[{"taxonomy":"product_brand","embeddable":true,"href":"https:\/\/fractaljuegos.com\/en\/wp-json\/wp\/v2\/product_brand?post=936"},{"taxonomy":"product_cat","embeddable":true,"href":"https:\/\/fractaljuegos.com\/en\/wp-json\/wp\/v2\/product_cat?post=936"},{"taxonomy":"product_tag","embeddable":true,"href":"https:\/\/fractaljuegos.com\/en\/wp-json\/wp\/v2\/product_tag?post=936"},{"taxonomy":"disponible-nodisponible","embeddable":true,"href":"https:\/\/fractaljuegos.com\/en\/wp-json\/wp\/v2\/disponible-nodisponible?post=936"},{"taxonomy":"cantidad_de_participantes","embeddable":true,"href":"https:\/\/fractaljuegos.com\/en\/wp-json\/wp\/v2\/cantidad_de_participantes?post=936"},{"taxonomy":"categorias-juegos","embeddable":true,"href":"https:\/\/fractaljuegos.com\/en\/wp-json\/wp\/v2\/categorias-juegos?post=936"},{"taxonomy":"disponibilidad","embeddable":true,"href":"https:\/\/fractaljuegos.com\/en\/wp-json\/wp\/v2\/disponibilidad?post=936"},{"taxonomy":"mecanica","embeddable":true,"href":"https:\/\/fractaljuegos.com\/en\/wp-json\/wp\/v2\/mecanica?post=936"},{"taxonomy":"tamano_del_juego","embeddable":true,"href":"https:\/\/fractaljuegos.com\/en\/wp-json\/wp\/v2\/tamano_del_juego?post=936"},{"taxonomy":"tipo_de_jugador","embeddable":true,"href":"https:\/\/fractaljuegos.com\/en\/wp-json\/wp\/v2\/tipo_de_jugador?post=936"}],"curies":[{"name":"wp","href":"https:\/\/api.w.org\/{rel}","templated":true}]}}