{"id":927,"date":"2025-10-10T00:50:55","date_gmt":"2025-10-10T00:50:55","guid":{"rendered":"https:\/\/fractaljuegos.com\/?post_type=product&#038;p=927"},"modified":"2025-12-02T03:31:39","modified_gmt":"2025-12-02T03:31:39","slug":"no-gracias","status":"publish","type":"product","link":"https:\/\/fractaljuegos.com\/en\/juegos\/no-gracias\/","title":{"rendered":"\u00a1No Gracias!"},"content":{"rendered":"<p>En \u00a1No Gracias! conocer\u00e1s c\u00f3mo es un d\u00eda en la vida de la persona m\u00e1s desafortunada del mundo. \u00bfAcaso se levant\u00f3 con el pie izquierdo? \u00bfO habr\u00e1 pasado por debajo de una escalera?<\/p>\n<p>Ten cuidado, en cada ronda habr\u00e1 una carta con una situaci\u00f3n desagradable en el centro de la mesa. Cada participante tendr\u00e1 dos opciones: esquivar la mala suerte pagando una ficha, o aceptar la carta con sus puntos negativos dej\u00e1ndola en frente suyo.<\/p>\n<p>\u00a1La persona con menos puntos negativos al final de la partida ser\u00e1 la ganadora!<\/p>\n<p>Recomendado al juego del a\u00f1o 2005.<\/p>","protected":false},"excerpt":{"rendered":"<ul class=\"elementor-icon-list-items\">\n<li class=\"elementor-icon-list-item\">33 cartas<\/li>\n<li class=\"elementor-icon-list-item\">55 fichas<\/li>\n<li class=\"elementor-icon-list-item\">1 reglamento<\/li>\n<\/ul>","protected":false},"featured_media":3584,"comment_status":"open","ping_status":"closed","template":"","meta":{"_acf_changed":false},"product_brand":[],"product_cat":[35,30,27],"product_tag":[],"disponible-nodisponible":[],"cantidad_de_participantes":[65],"categorias-juegos":[42],"disponibilidad":[39],"mecanica":[62,95],"tamano_del_juego":[51],"tipo_de_jugador":[49],"class_list":{"0":"post-927","1":"product","2":"type-product","3":"status-publish","4":"has-post-thumbnail","6":"product_cat-abstractos","7":"product_cat-fillers","8":"product_cat-party-games","9":"cantidad_de_participantes-grupos-grandes","10":"categorias-juegos-localizaciones","11":"disponibilidad-no-disponible","12":"mecanica-push-your-luck","13":"mecanica-subasta","14":"tamano_del_juego-de-bolsillo","15":"tipo_de_jugador-todo-publico","17":"first","18":"outofstock","19":"shipping-taxable","20":"purchasable","21":"product-type-simple"},"acf":[],"_links":{"self":[{"href":"https:\/\/fractaljuegos.com\/en\/wp-json\/wp\/v2\/product\/927","targetHints":{"allow":["GET"]}}],"collection":[{"href":"https:\/\/fractaljuegos.com\/en\/wp-json\/wp\/v2\/product"}],"about":[{"href":"https:\/\/fractaljuegos.com\/en\/wp-json\/wp\/v2\/types\/product"}],"replies":[{"embeddable":true,"href":"https:\/\/fractaljuegos.com\/en\/wp-json\/wp\/v2\/comments?post=927"}],"version-history":[{"count":5,"href":"https:\/\/fractaljuegos.com\/en\/wp-json\/wp\/v2\/product\/927\/revisions"}],"predecessor-version":[{"id":3589,"href":"https:\/\/fractaljuegos.com\/en\/wp-json\/wp\/v2\/product\/927\/revisions\/3589"}],"wp:featuredmedia":[{"embeddable":true,"href":"https:\/\/fractaljuegos.com\/en\/wp-json\/wp\/v2\/media\/3584"}],"wp:attachment":[{"href":"https:\/\/fractaljuegos.com\/en\/wp-json\/wp\/v2\/media?parent=927"}],"wp:term":[{"taxonomy":"product_brand","embeddable":true,"href":"https:\/\/fractaljuegos.com\/en\/wp-json\/wp\/v2\/product_brand?post=927"},{"taxonomy":"product_cat","embeddable":true,"href":"https:\/\/fractaljuegos.com\/en\/wp-json\/wp\/v2\/product_cat?post=927"},{"taxonomy":"product_tag","embeddable":true,"href":"https:\/\/fractaljuegos.com\/en\/wp-json\/wp\/v2\/product_tag?post=927"},{"taxonomy":"disponible-nodisponible","embeddable":true,"href":"https:\/\/fractaljuegos.com\/en\/wp-json\/wp\/v2\/disponible-nodisponible?post=927"},{"taxonomy":"cantidad_de_participantes","embeddable":true,"href":"https:\/\/fractaljuegos.com\/en\/wp-json\/wp\/v2\/cantidad_de_participantes?post=927"},{"taxonomy":"categorias-juegos","embeddable":true,"href":"https:\/\/fractaljuegos.com\/en\/wp-json\/wp\/v2\/categorias-juegos?post=927"},{"taxonomy":"disponibilidad","embeddable":true,"href":"https:\/\/fractaljuegos.com\/en\/wp-json\/wp\/v2\/disponibilidad?post=927"},{"taxonomy":"mecanica","embeddable":true,"href":"https:\/\/fractaljuegos.com\/en\/wp-json\/wp\/v2\/mecanica?post=927"},{"taxonomy":"tamano_del_juego","embeddable":true,"href":"https:\/\/fractaljuegos.com\/en\/wp-json\/wp\/v2\/tamano_del_juego?post=927"},{"taxonomy":"tipo_de_jugador","embeddable":true,"href":"https:\/\/fractaljuegos.com\/en\/wp-json\/wp\/v2\/tipo_de_jugador?post=927"}],"curies":[{"name":"wp","href":"https:\/\/api.w.org\/{rel}","templated":true}]}}