{"id":923,"date":"2025-10-10T00:44:33","date_gmt":"2025-10-10T00:44:33","guid":{"rendered":"https:\/\/fractaljuegos.com\/?post_type=product&#038;p=923"},"modified":"2025-12-02T03:28:34","modified_gmt":"2025-12-02T03:28:34","slug":"pistas-cruzadas","status":"publish","type":"product","link":"https:\/\/fractaljuegos.com\/en\/juegos\/pistas-cruzadas\/","title":{"rendered":"Pistas Cruzadas"},"content":{"rendered":"<p>\u00a1Trabajen en equipo para llenar la grilla con cartas de pista! Cada participante debe dar una pista que represente la intersecci\u00f3n exacta entre dos palabras claves. Si el resto acierta la intersecci\u00f3n exacta entre las dos palabras, podr\u00e1n colocar esa carta de pista en el lugar correspondiente de la grilla. Si se equivocan, la carta es descartada. El objetivo es llenar la grilla con tantas pistas como sea posible a trav\u00e9s de los aciertos de locaci\u00f3n para cada carta.<\/p>\n<p>\u00a1Escojan sus pistas cuidadosamente e intenten obtener el mayor puntaje posible!<\/p>","protected":false},"excerpt":{"rendered":"<ul class=\"elementor-icon-list-items\">\n<li class=\"elementor-icon-list-item\">10 Losetas de Eje<\/li>\n<li class=\"elementor-icon-list-item\">25 Cartas de Pista<\/li>\n<li class=\"elementor-icon-list-item\">50 Cartas de Palabras Clave<\/li>\n<li class=\"elementor-icon-list-item\">1 Temporizador<\/li>\n<li class=\"elementor-icon-list-item\">Reglamento<\/li>\n<\/ul>","protected":false},"featured_media":3581,"comment_status":"open","ping_status":"closed","template":"","meta":{"_acf_changed":false},"product_brand":[],"product_cat":[34,27],"product_tag":[],"disponible-nodisponible":[],"cantidad_de_participantes":[65],"categorias-juegos":[42],"disponibilidad":[38],"mecanica":[58],"tamano_del_juego":[53],"tipo_de_jugador":[49],"class_list":{"0":"post-923","1":"product","2":"type-product","3":"status-publish","4":"has-post-thumbnail","6":"product_cat-cooperativos","7":"product_cat-party-games","8":"cantidad_de_participantes-grupos-grandes","9":"categorias-juegos-localizaciones","10":"disponibilidad-disponible","11":"mecanica-cooperativo","12":"tamano_del_juego-de-morral","13":"tipo_de_jugador-todo-publico","15":"first","16":"outofstock","17":"shipping-taxable","18":"purchasable","19":"product-type-simple"},"acf":[],"_links":{"self":[{"href":"https:\/\/fractaljuegos.com\/en\/wp-json\/wp\/v2\/product\/923","targetHints":{"allow":["GET"]}}],"collection":[{"href":"https:\/\/fractaljuegos.com\/en\/wp-json\/wp\/v2\/product"}],"about":[{"href":"https:\/\/fractaljuegos.com\/en\/wp-json\/wp\/v2\/types\/product"}],"replies":[{"embeddable":true,"href":"https:\/\/fractaljuegos.com\/en\/wp-json\/wp\/v2\/comments?post=923"}],"version-history":[{"count":5,"href":"https:\/\/fractaljuegos.com\/en\/wp-json\/wp\/v2\/product\/923\/revisions"}],"predecessor-version":[{"id":3583,"href":"https:\/\/fractaljuegos.com\/en\/wp-json\/wp\/v2\/product\/923\/revisions\/3583"}],"wp:featuredmedia":[{"embeddable":true,"href":"https:\/\/fractaljuegos.com\/en\/wp-json\/wp\/v2\/media\/3581"}],"wp:attachment":[{"href":"https:\/\/fractaljuegos.com\/en\/wp-json\/wp\/v2\/media?parent=923"}],"wp:term":[{"taxonomy":"product_brand","embeddable":true,"href":"https:\/\/fractaljuegos.com\/en\/wp-json\/wp\/v2\/product_brand?post=923"},{"taxonomy":"product_cat","embeddable":true,"href":"https:\/\/fractaljuegos.com\/en\/wp-json\/wp\/v2\/product_cat?post=923"},{"taxonomy":"product_tag","embeddable":true,"href":"https:\/\/fractaljuegos.com\/en\/wp-json\/wp\/v2\/product_tag?post=923"},{"taxonomy":"disponible-nodisponible","embeddable":true,"href":"https:\/\/fractaljuegos.com\/en\/wp-json\/wp\/v2\/disponible-nodisponible?post=923"},{"taxonomy":"cantidad_de_participantes","embeddable":true,"href":"https:\/\/fractaljuegos.com\/en\/wp-json\/wp\/v2\/cantidad_de_participantes?post=923"},{"taxonomy":"categorias-juegos","embeddable":true,"href":"https:\/\/fractaljuegos.com\/en\/wp-json\/wp\/v2\/categorias-juegos?post=923"},{"taxonomy":"disponibilidad","embeddable":true,"href":"https:\/\/fractaljuegos.com\/en\/wp-json\/wp\/v2\/disponibilidad?post=923"},{"taxonomy":"mecanica","embeddable":true,"href":"https:\/\/fractaljuegos.com\/en\/wp-json\/wp\/v2\/mecanica?post=923"},{"taxonomy":"tamano_del_juego","embeddable":true,"href":"https:\/\/fractaljuegos.com\/en\/wp-json\/wp\/v2\/tamano_del_juego?post=923"},{"taxonomy":"tipo_de_jugador","embeddable":true,"href":"https:\/\/fractaljuegos.com\/en\/wp-json\/wp\/v2\/tipo_de_jugador?post=923"}],"curies":[{"name":"wp","href":"https:\/\/api.w.org\/{rel}","templated":true}]}}