{"id":918,"date":"2025-10-10T00:40:46","date_gmt":"2025-10-10T00:40:46","guid":{"rendered":"https:\/\/fractaljuegos.com\/?post_type=product&#038;p=918"},"modified":"2026-03-03T16:06:14","modified_gmt":"2026-03-03T16:06:14","slug":"tori-tori-especies-en-peligro","status":"publish","type":"product","link":"https:\/\/fractaljuegos.com\/en\/juegos\/tori-tori-especies-en-peligro\/","title":{"rendered":"Tori-Tori: Especies en Peligro"},"content":{"rendered":"<p>La instalaci\u00f3n de una Industria y el crecimiento constante de la poblaci\u00f3n est\u00e1n amenazando con extinguir al Tori-tori y a otras especies nativas de esta remota isla.<\/p>\n<p>\u00a1Organ\u00edcense y recuperen el equilibrio del ecosistema! Logren que, tanto el pueblo como la industria, se vuelvan responsables con el medioambiente.<\/p>\n<p>Juego co-editado con Ludoismo.<\/p>","protected":false},"excerpt":{"rendered":"<ul class=\"elementor-icon-list-items\">\n<li class=\"elementor-icon-list-item\">1 Tablero de la Isla<\/li>\n<li class=\"elementor-icon-list-item\">1 Mapa de habilidades<\/li>\n<li class=\"elementor-icon-list-item\">2 Losetas de construcci\u00f3n humanas<\/li>\n<li class=\"elementor-icon-list-item\">57 Losetas de especies<\/li>\n<li class=\"elementor-icon-list-item\">12 Fichas numeradas<\/li>\n<li class=\"elementor-icon-list-item\">4 Marcadores de habilidad<\/li>\n<li class=\"elementor-icon-list-item\">1 Marcador de ronda<\/li>\n<li class=\"elementor-icon-list-item\">18 Cartas de activaci\u00f3n<\/li>\n<li class=\"elementor-icon-list-item\">4 Cartas de ayuda<\/li>\n<li class=\"elementor-icon-list-item\">4 Peones de Investigadoras<\/li>\n<li class=\"elementor-icon-list-item\">2 Dados<\/li>\n<li class=\"elementor-icon-list-item\">1 Reglamento<\/li>\n<\/ul>","protected":false},"featured_media":4395,"comment_status":"open","ping_status":"closed","template":"","meta":{"_acf_changed":false},"product_brand":[],"product_cat":[34,32],"product_tag":[],"disponible-nodisponible":[],"cantidad_de_participantes":[64],"categorias-juegos":[41],"disponibilidad":[39],"mecanica":[58,110],"tamano_del_juego":[53],"tipo_de_jugador":[49],"class_list":{"0":"post-918","1":"product","2":"type-product","3":"status-publish","4":"has-post-thumbnail","6":"product_cat-cooperativos","7":"product_cat-estrategicos","8":"cantidad_de_participantes-dos-participantes","9":"categorias-juegos-originales","10":"disponibilidad-no-disponible","11":"mecanica-cooperativo","12":"mecanica-puntos-de-accion","13":"tamano_del_juego-de-morral","14":"tipo_de_jugador-todo-publico","16":"first","17":"outofstock","18":"shipping-taxable","19":"purchasable","20":"product-type-simple"},"acf":[],"_links":{"self":[{"href":"https:\/\/fractaljuegos.com\/en\/wp-json\/wp\/v2\/product\/918","targetHints":{"allow":["GET"]}}],"collection":[{"href":"https:\/\/fractaljuegos.com\/en\/wp-json\/wp\/v2\/product"}],"about":[{"href":"https:\/\/fractaljuegos.com\/en\/wp-json\/wp\/v2\/types\/product"}],"replies":[{"embeddable":true,"href":"https:\/\/fractaljuegos.com\/en\/wp-json\/wp\/v2\/comments?post=918"}],"version-history":[{"count":5,"href":"https:\/\/fractaljuegos.com\/en\/wp-json\/wp\/v2\/product\/918\/revisions"}],"predecessor-version":[{"id":4396,"href":"https:\/\/fractaljuegos.com\/en\/wp-json\/wp\/v2\/product\/918\/revisions\/4396"}],"wp:featuredmedia":[{"embeddable":true,"href":"https:\/\/fractaljuegos.com\/en\/wp-json\/wp\/v2\/media\/4395"}],"wp:attachment":[{"href":"https:\/\/fractaljuegos.com\/en\/wp-json\/wp\/v2\/media?parent=918"}],"wp:term":[{"taxonomy":"product_brand","embeddable":true,"href":"https:\/\/fractaljuegos.com\/en\/wp-json\/wp\/v2\/product_brand?post=918"},{"taxonomy":"product_cat","embeddable":true,"href":"https:\/\/fractaljuegos.com\/en\/wp-json\/wp\/v2\/product_cat?post=918"},{"taxonomy":"product_tag","embeddable":true,"href":"https:\/\/fractaljuegos.com\/en\/wp-json\/wp\/v2\/product_tag?post=918"},{"taxonomy":"disponible-nodisponible","embeddable":true,"href":"https:\/\/fractaljuegos.com\/en\/wp-json\/wp\/v2\/disponible-nodisponible?post=918"},{"taxonomy":"cantidad_de_participantes","embeddable":true,"href":"https:\/\/fractaljuegos.com\/en\/wp-json\/wp\/v2\/cantidad_de_participantes?post=918"},{"taxonomy":"categorias-juegos","embeddable":true,"href":"https:\/\/fractaljuegos.com\/en\/wp-json\/wp\/v2\/categorias-juegos?post=918"},{"taxonomy":"disponibilidad","embeddable":true,"href":"https:\/\/fractaljuegos.com\/en\/wp-json\/wp\/v2\/disponibilidad?post=918"},{"taxonomy":"mecanica","embeddable":true,"href":"https:\/\/fractaljuegos.com\/en\/wp-json\/wp\/v2\/mecanica?post=918"},{"taxonomy":"tamano_del_juego","embeddable":true,"href":"https:\/\/fractaljuegos.com\/en\/wp-json\/wp\/v2\/tamano_del_juego?post=918"},{"taxonomy":"tipo_de_jugador","embeddable":true,"href":"https:\/\/fractaljuegos.com\/en\/wp-json\/wp\/v2\/tipo_de_jugador?post=918"}],"curies":[{"name":"wp","href":"https:\/\/api.w.org\/{rel}","templated":true}]}}