{"id":913,"date":"2025-10-10T00:32:15","date_gmt":"2025-10-10T00:32:15","guid":{"rendered":"https:\/\/fractaljuegos.com\/?post_type=product&#038;p=913"},"modified":"2026-03-03T15:43:51","modified_gmt":"2026-03-03T15:43:51","slug":"draftosaurus","status":"publish","type":"product","link":"https:\/\/fractaljuegos.com\/en\/juegos\/draftosaurus\/","title":{"rendered":"Draftosaurus"},"content":{"rendered":"<p>Tu sue\u00f1o se ha hecho realidad, est\u00e1s a cargo de un parque de dinosaurios \u00bfC\u00f3mo lo organizar\u00e1s? \u00bfSituar\u00e1s ciertas especies juntas o ser\u00e1 mejor que est\u00e9n en recintos separados? Bas\u00e1ndote en qu\u00e9 especies de dinosaurios est\u00e9n disponibles, y en los desaf\u00edos del d\u00eda a d\u00eda, tendr\u00e1s qu\u00e9 decidir como distribuir las especies para atraer al mayor n\u00famero de visitantes.<\/p>\n<p>Recomendado al juego del a\u00f1o 2020 y finalista del As D&#8217;Or (juego del a\u00f1o franc\u00e9s).<\/p>","protected":false},"excerpt":{"rendered":"<ul class=\"elementor-icon-list-items\">\n<li class=\"elementor-icon-list-item\">5 tableros de parque<\/li>\n<li class=\"elementor-icon-list-item\">60 dinosaurios de madera<\/li>\n<li class=\"elementor-icon-list-item\">1 dado de colocaci\u00f3n<\/li>\n<li class=\"elementor-icon-list-item\">1 bolsa de tela<\/li>\n<li class=\"elementor-icon-list-item\">1 reglamento<\/li>\n<\/ul>","protected":false},"featured_media":4355,"comment_status":"open","ping_status":"closed","template":"","meta":{"_acf_changed":false},"product_brand":[],"product_cat":[32,30],"product_tag":[],"disponible-nodisponible":[],"cantidad_de_participantes":[64],"categorias-juegos":[42],"disponibilidad":[38],"mecanica":[57],"tamano_del_juego":[53],"tipo_de_jugador":[49],"class_list":{"0":"post-913","1":"product","2":"type-product","3":"status-publish","4":"has-post-thumbnail","6":"product_cat-estrategicos","7":"product_cat-fillers","8":"cantidad_de_participantes-dos-participantes","9":"categorias-juegos-localizaciones","10":"disponibilidad-disponible","11":"mecanica-drafting","12":"tamano_del_juego-de-morral","13":"tipo_de_jugador-todo-publico","15":"first","16":"outofstock","17":"shipping-taxable","18":"purchasable","19":"product-type-simple"},"acf":[],"_links":{"self":[{"href":"https:\/\/fractaljuegos.com\/en\/wp-json\/wp\/v2\/product\/913","targetHints":{"allow":["GET"]}}],"collection":[{"href":"https:\/\/fractaljuegos.com\/en\/wp-json\/wp\/v2\/product"}],"about":[{"href":"https:\/\/fractaljuegos.com\/en\/wp-json\/wp\/v2\/types\/product"}],"replies":[{"embeddable":true,"href":"https:\/\/fractaljuegos.com\/en\/wp-json\/wp\/v2\/comments?post=913"}],"version-history":[{"count":5,"href":"https:\/\/fractaljuegos.com\/en\/wp-json\/wp\/v2\/product\/913\/revisions"}],"predecessor-version":[{"id":3573,"href":"https:\/\/fractaljuegos.com\/en\/wp-json\/wp\/v2\/product\/913\/revisions\/3573"}],"wp:featuredmedia":[{"embeddable":true,"href":"https:\/\/fractaljuegos.com\/en\/wp-json\/wp\/v2\/media\/4355"}],"wp:attachment":[{"href":"https:\/\/fractaljuegos.com\/en\/wp-json\/wp\/v2\/media?parent=913"}],"wp:term":[{"taxonomy":"product_brand","embeddable":true,"href":"https:\/\/fractaljuegos.com\/en\/wp-json\/wp\/v2\/product_brand?post=913"},{"taxonomy":"product_cat","embeddable":true,"href":"https:\/\/fractaljuegos.com\/en\/wp-json\/wp\/v2\/product_cat?post=913"},{"taxonomy":"product_tag","embeddable":true,"href":"https:\/\/fractaljuegos.com\/en\/wp-json\/wp\/v2\/product_tag?post=913"},{"taxonomy":"disponible-nodisponible","embeddable":true,"href":"https:\/\/fractaljuegos.com\/en\/wp-json\/wp\/v2\/disponible-nodisponible?post=913"},{"taxonomy":"cantidad_de_participantes","embeddable":true,"href":"https:\/\/fractaljuegos.com\/en\/wp-json\/wp\/v2\/cantidad_de_participantes?post=913"},{"taxonomy":"categorias-juegos","embeddable":true,"href":"https:\/\/fractaljuegos.com\/en\/wp-json\/wp\/v2\/categorias-juegos?post=913"},{"taxonomy":"disponibilidad","embeddable":true,"href":"https:\/\/fractaljuegos.com\/en\/wp-json\/wp\/v2\/disponibilidad?post=913"},{"taxonomy":"mecanica","embeddable":true,"href":"https:\/\/fractaljuegos.com\/en\/wp-json\/wp\/v2\/mecanica?post=913"},{"taxonomy":"tamano_del_juego","embeddable":true,"href":"https:\/\/fractaljuegos.com\/en\/wp-json\/wp\/v2\/tamano_del_juego?post=913"},{"taxonomy":"tipo_de_jugador","embeddable":true,"href":"https:\/\/fractaljuegos.com\/en\/wp-json\/wp\/v2\/tipo_de_jugador?post=913"}],"curies":[{"name":"wp","href":"https:\/\/api.w.org\/{rel}","templated":true}]}}