{"id":905,"date":"2025-10-10T00:13:36","date_gmt":"2025-10-10T00:13:36","guid":{"rendered":"https:\/\/fractaljuegos.com\/?post_type=product&#038;p=905"},"modified":"2026-03-03T16:01:14","modified_gmt":"2026-03-03T16:01:14","slug":"takenoko","status":"publish","type":"product","link":"https:\/\/fractaljuegos.com\/en\/juegos\/takenoko\/","title":{"rendered":"Takenoko"},"content":{"rendered":"<p>Hace mucho, mucho tiempo, el Emperador de China, en un gesto de paz, le ofreci\u00f3 al Emperador de Jap\u00f3n un panda gigante. Tienes la delicada tarea de hacerte cargo de este pol\u00edticamente importante panda y de atender al ilustre jard\u00edn de bamb\u00fas del Emperador.<br \/>\nDebes cultivar parcelas de terreno utilizando el riego y tu inteligencia, de modo que el bamb\u00fa, el \u00fanico alimento que come el panda, crezca en abundancia. Pero cuidado, el apetito del animal es incontrolable&#8230;<\/p>\n<p>Nueva edici\u00f3n del cl\u00e1sico recomendado al juego del a\u00f1o 2012.<\/p>","protected":false},"excerpt":{"rendered":"<ul class=\"elementor-icon-list-items\">\n<li class=\"elementor-icon-list-item\">28 losetas de parcela<\/li>\n<li class=\"elementor-icon-list-item\">36 secciones de bamb\u00fa verde<\/li>\n<li class=\"elementor-icon-list-item\">30 secciones de bamb\u00fa amarillo<\/li>\n<li class=\"elementor-icon-list-item\">24 secciones de bamb\u00fa rosado<\/li>\n<li class=\"elementor-icon-list-item\">20 canales de riego<\/li>\n<li class=\"elementor-icon-list-item\">9 fichas de mejora<\/li>\n<li class=\"elementor-icon-list-item\">46 cartas de objetivo<\/li>\n<li class=\"elementor-icon-list-item\">4 tableros individuales<\/li>\n<li class=\"elementor-icon-list-item\">8 fichas de acci\u00f3n<\/li>\n<li class=\"elementor-icon-list-item\">1 dado del clima<\/li>\n<li class=\"elementor-icon-list-item\">1 panda<\/li>\n<li class=\"elementor-icon-list-item\">1 jardinero<\/li>\n<li class=\"elementor-icon-list-item\">1 reglamento<\/li>\n<\/ul>","protected":false},"featured_media":4384,"comment_status":"open","ping_status":"closed","template":"","meta":{"_acf_changed":false},"product_brand":[],"product_cat":[32],"product_tag":[],"disponible-nodisponible":[],"cantidad_de_participantes":[64],"categorias-juegos":[42],"disponibilidad":[38],"mecanica":[55,100],"tamano_del_juego":[54],"tipo_de_jugador":[49],"class_list":{"0":"post-905","1":"product","2":"type-product","3":"status-publish","4":"has-post-thumbnail","6":"product_cat-estrategicos","7":"cantidad_de_participantes-dos-participantes","8":"categorias-juegos-localizaciones","9":"disponibilidad-disponible","10":"mecanica-colocacion-de-losetas","11":"mecanica-construccion-de-patrones","12":"tamano_del_juego-de-mochila","13":"tipo_de_jugador-todo-publico","15":"first","16":"outofstock","17":"shipping-taxable","18":"purchasable","19":"product-type-simple"},"acf":[],"_links":{"self":[{"href":"https:\/\/fractaljuegos.com\/en\/wp-json\/wp\/v2\/product\/905","targetHints":{"allow":["GET"]}}],"collection":[{"href":"https:\/\/fractaljuegos.com\/en\/wp-json\/wp\/v2\/product"}],"about":[{"href":"https:\/\/fractaljuegos.com\/en\/wp-json\/wp\/v2\/types\/product"}],"replies":[{"embeddable":true,"href":"https:\/\/fractaljuegos.com\/en\/wp-json\/wp\/v2\/comments?post=905"}],"version-history":[{"count":8,"href":"https:\/\/fractaljuegos.com\/en\/wp-json\/wp\/v2\/product\/905\/revisions"}],"predecessor-version":[{"id":3562,"href":"https:\/\/fractaljuegos.com\/en\/wp-json\/wp\/v2\/product\/905\/revisions\/3562"}],"wp:featuredmedia":[{"embeddable":true,"href":"https:\/\/fractaljuegos.com\/en\/wp-json\/wp\/v2\/media\/4384"}],"wp:attachment":[{"href":"https:\/\/fractaljuegos.com\/en\/wp-json\/wp\/v2\/media?parent=905"}],"wp:term":[{"taxonomy":"product_brand","embeddable":true,"href":"https:\/\/fractaljuegos.com\/en\/wp-json\/wp\/v2\/product_brand?post=905"},{"taxonomy":"product_cat","embeddable":true,"href":"https:\/\/fractaljuegos.com\/en\/wp-json\/wp\/v2\/product_cat?post=905"},{"taxonomy":"product_tag","embeddable":true,"href":"https:\/\/fractaljuegos.com\/en\/wp-json\/wp\/v2\/product_tag?post=905"},{"taxonomy":"disponible-nodisponible","embeddable":true,"href":"https:\/\/fractaljuegos.com\/en\/wp-json\/wp\/v2\/disponible-nodisponible?post=905"},{"taxonomy":"cantidad_de_participantes","embeddable":true,"href":"https:\/\/fractaljuegos.com\/en\/wp-json\/wp\/v2\/cantidad_de_participantes?post=905"},{"taxonomy":"categorias-juegos","embeddable":true,"href":"https:\/\/fractaljuegos.com\/en\/wp-json\/wp\/v2\/categorias-juegos?post=905"},{"taxonomy":"disponibilidad","embeddable":true,"href":"https:\/\/fractaljuegos.com\/en\/wp-json\/wp\/v2\/disponibilidad?post=905"},{"taxonomy":"mecanica","embeddable":true,"href":"https:\/\/fractaljuegos.com\/en\/wp-json\/wp\/v2\/mecanica?post=905"},{"taxonomy":"tamano_del_juego","embeddable":true,"href":"https:\/\/fractaljuegos.com\/en\/wp-json\/wp\/v2\/tamano_del_juego?post=905"},{"taxonomy":"tipo_de_jugador","embeddable":true,"href":"https:\/\/fractaljuegos.com\/en\/wp-json\/wp\/v2\/tipo_de_jugador?post=905"}],"curies":[{"name":"wp","href":"https:\/\/api.w.org\/{rel}","templated":true}]}}