{"id":892,"date":"2025-10-09T04:38:21","date_gmt":"2025-10-09T04:38:21","guid":{"rendered":"https:\/\/fractaljuegos.com\/?post_type=product&#038;p=892"},"modified":"2025-12-02T03:12:39","modified_gmt":"2025-12-02T03:12:39","slug":"roba-dispara-whisky","status":"publish","type":"product","link":"https:\/\/fractaljuegos.com\/en\/juegos\/roba-dispara-whisky\/","title":{"rendered":"Roba, Dispara, Whisky"},"content":{"rendered":"<p>\u00a1Un duelo descabellado!<br \/>\nLa cantina est\u00e1 repleta y entre el griter\u00edo se escucha el codiciado sonido de las pepitas de oro golpeando el suelo. Alguien dej\u00f3 caer su bolsa. Por un segundo el silencio reina y la cantina respira antes de la tormenta. Un segundo despu\u00e9s las balas sisean sobre tu cabeza, desenfundas tu pistola, tomas tu botella de whisky y te escondes bajo una mesa. Es tiempo de robar todo el oro que puedas.<\/p>\n<p>Roba, Dispara, Whisky es un r\u00e1pido duelo de cartas que no se decide por piedra, papel o tijera, sino que por oro, pistolas y whisky.<\/p>\n<p>Roba, Dispara, Whisky es parte de la nueva colecci\u00f3n de juegos Mini de Fractal Juegos.<\/p>","protected":false},"excerpt":{"rendered":"<ul class=\"elementor-icon-list-items\">\n<li class=\"elementor-icon-list-item\">36 cartas<\/li>\n<li class=\"elementor-icon-list-item\">1 reglamento<\/li>\n<\/ul>","protected":false},"featured_media":893,"comment_status":"open","ping_status":"closed","template":"","meta":{"_acf_changed":false},"product_brand":[],"product_cat":[30],"product_tag":[],"disponible-nodisponible":[],"cantidad_de_participantes":[64],"categorias-juegos":[42],"disponibilidad":[38],"mecanica":[56,108],"tamano_del_juego":[51],"tipo_de_jugador":[49],"class_list":{"0":"post-892","1":"product","2":"type-product","3":"status-publish","4":"has-post-thumbnail","6":"product_cat-fillers","7":"cantidad_de_participantes-dos-participantes","8":"categorias-juegos-localizaciones","9":"disponibilidad-disponible","10":"mecanica-manejo-de-mano","11":"mecanica-party-game","12":"tamano_del_juego-de-bolsillo","13":"tipo_de_jugador-todo-publico","15":"first","16":"instock","17":"shipping-taxable","18":"purchasable","19":"product-type-simple"},"acf":[],"_links":{"self":[{"href":"https:\/\/fractaljuegos.com\/en\/wp-json\/wp\/v2\/product\/892","targetHints":{"allow":["GET"]}}],"collection":[{"href":"https:\/\/fractaljuegos.com\/en\/wp-json\/wp\/v2\/product"}],"about":[{"href":"https:\/\/fractaljuegos.com\/en\/wp-json\/wp\/v2\/types\/product"}],"replies":[{"embeddable":true,"href":"https:\/\/fractaljuegos.com\/en\/wp-json\/wp\/v2\/comments?post=892"}],"version-history":[{"count":4,"href":"https:\/\/fractaljuegos.com\/en\/wp-json\/wp\/v2\/product\/892\/revisions"}],"predecessor-version":[{"id":3551,"href":"https:\/\/fractaljuegos.com\/en\/wp-json\/wp\/v2\/product\/892\/revisions\/3551"}],"wp:featuredmedia":[{"embeddable":true,"href":"https:\/\/fractaljuegos.com\/en\/wp-json\/wp\/v2\/media\/893"}],"wp:attachment":[{"href":"https:\/\/fractaljuegos.com\/en\/wp-json\/wp\/v2\/media?parent=892"}],"wp:term":[{"taxonomy":"product_brand","embeddable":true,"href":"https:\/\/fractaljuegos.com\/en\/wp-json\/wp\/v2\/product_brand?post=892"},{"taxonomy":"product_cat","embeddable":true,"href":"https:\/\/fractaljuegos.com\/en\/wp-json\/wp\/v2\/product_cat?post=892"},{"taxonomy":"product_tag","embeddable":true,"href":"https:\/\/fractaljuegos.com\/en\/wp-json\/wp\/v2\/product_tag?post=892"},{"taxonomy":"disponible-nodisponible","embeddable":true,"href":"https:\/\/fractaljuegos.com\/en\/wp-json\/wp\/v2\/disponible-nodisponible?post=892"},{"taxonomy":"cantidad_de_participantes","embeddable":true,"href":"https:\/\/fractaljuegos.com\/en\/wp-json\/wp\/v2\/cantidad_de_participantes?post=892"},{"taxonomy":"categorias-juegos","embeddable":true,"href":"https:\/\/fractaljuegos.com\/en\/wp-json\/wp\/v2\/categorias-juegos?post=892"},{"taxonomy":"disponibilidad","embeddable":true,"href":"https:\/\/fractaljuegos.com\/en\/wp-json\/wp\/v2\/disponibilidad?post=892"},{"taxonomy":"mecanica","embeddable":true,"href":"https:\/\/fractaljuegos.com\/en\/wp-json\/wp\/v2\/mecanica?post=892"},{"taxonomy":"tamano_del_juego","embeddable":true,"href":"https:\/\/fractaljuegos.com\/en\/wp-json\/wp\/v2\/tamano_del_juego?post=892"},{"taxonomy":"tipo_de_jugador","embeddable":true,"href":"https:\/\/fractaljuegos.com\/en\/wp-json\/wp\/v2\/tipo_de_jugador?post=892"}],"curies":[{"name":"wp","href":"https:\/\/api.w.org\/{rel}","templated":true}]}}