{"id":887,"date":"2025-10-09T04:35:21","date_gmt":"2025-10-09T04:35:21","guid":{"rendered":"https:\/\/fractaljuegos.com\/?post_type=product&#038;p=887"},"modified":"2026-03-03T15:59:36","modified_gmt":"2026-03-03T15:59:36","slug":"sanssouci","status":"publish","type":"product","link":"https:\/\/fractaljuegos.com\/en\/juegos\/sanssouci\/","title":{"rendered":"Sanssouci"},"content":{"rendered":"<p>El rey Federico IV quiere restaurar el palacio enviado a construir por su t\u00edo, el rey Federico II, remodelando el edificio y tambi\u00e9n redise\u00f1ando sus jardines. Es ah\u00ed donde entras t\u00fa, ya que te ha encargado que le presentes un boceto para construir un jard\u00edn que est\u00e9 a la altura del magn\u00edfico palacio.<\/p>\n<p>El trabajo no ser\u00e1 sencillo pues no solo tendr\u00e1s que complacer al mism\u00edsimo rey, sino que tambi\u00e9n a diversos nobles que evaluar\u00e1n tus distintos senderos planificados para el jard\u00edn del palacio de Sanssouci. \u00bfAceptar\u00e1s el desaf\u00edo?<\/p>\n<p>\u200bSegunda edici\u00f3n del alabado juego de Michael Kiesling, autor de Azul, que fue recomendado al Spiel Des Jahres el 2014.<\/p>","protected":false},"excerpt":{"rendered":"<ul class=\"elementor-icon-list-items\">\n<li class=\"elementor-icon-list-item\">1 Tablero Principal<\/li>\n<li class=\"elementor-icon-list-item\">4 Tableros de Jard\u00edn<\/li>\n<li class=\"elementor-icon-list-item\">81 Losetas de Estructura de Jard\u00edn<\/li>\n<li class=\"elementor-icon-list-item\">1 Bolsa de g\u00e9nero<\/li>\n<li class=\"elementor-icon-list-item\">72 Cartas de Acci\u00f3n<\/li>\n<li class=\"elementor-icon-list-item\">36 Fichas de Nobles<\/li>\n<li class=\"elementor-icon-list-item\">4 Marcadores de Puntuaci\u00f3n<\/li>\n<li class=\"elementor-icon-list-item\">9 Cartas de Misi\u00f3n<\/li>\n<li class=\"elementor-icon-list-item\">4 Tableros de expansi\u00f3n Recompensas<\/li>\n<li class=\"elementor-icon-list-item\">4 Fichas de expansi\u00f3n Jabal\u00edes<\/li>\n<\/ul>","protected":false},"featured_media":4380,"comment_status":"open","ping_status":"closed","template":"","meta":{"_acf_changed":false},"product_brand":[],"product_cat":[32],"product_tag":[],"disponible-nodisponible":[],"cantidad_de_participantes":[64],"categorias-juegos":[41],"disponibilidad":[38],"mecanica":[55,100],"tamano_del_juego":[54],"tipo_de_jugador":[49],"class_list":{"0":"post-887","1":"product","2":"type-product","3":"status-publish","4":"has-post-thumbnail","6":"product_cat-estrategicos","7":"cantidad_de_participantes-dos-participantes","8":"categorias-juegos-originales","9":"disponibilidad-disponible","10":"mecanica-colocacion-de-losetas","11":"mecanica-construccion-de-patrones","12":"tamano_del_juego-de-mochila","13":"tipo_de_jugador-todo-publico","15":"first","16":"instock","17":"shipping-taxable","18":"purchasable","19":"product-type-simple"},"acf":[],"_links":{"self":[{"href":"https:\/\/fractaljuegos.com\/en\/wp-json\/wp\/v2\/product\/887","targetHints":{"allow":["GET"]}}],"collection":[{"href":"https:\/\/fractaljuegos.com\/en\/wp-json\/wp\/v2\/product"}],"about":[{"href":"https:\/\/fractaljuegos.com\/en\/wp-json\/wp\/v2\/types\/product"}],"replies":[{"embeddable":true,"href":"https:\/\/fractaljuegos.com\/en\/wp-json\/wp\/v2\/comments?post=887"}],"version-history":[{"count":5,"href":"https:\/\/fractaljuegos.com\/en\/wp-json\/wp\/v2\/product\/887\/revisions"}],"predecessor-version":[{"id":3548,"href":"https:\/\/fractaljuegos.com\/en\/wp-json\/wp\/v2\/product\/887\/revisions\/3548"}],"wp:featuredmedia":[{"embeddable":true,"href":"https:\/\/fractaljuegos.com\/en\/wp-json\/wp\/v2\/media\/4380"}],"wp:attachment":[{"href":"https:\/\/fractaljuegos.com\/en\/wp-json\/wp\/v2\/media?parent=887"}],"wp:term":[{"taxonomy":"product_brand","embeddable":true,"href":"https:\/\/fractaljuegos.com\/en\/wp-json\/wp\/v2\/product_brand?post=887"},{"taxonomy":"product_cat","embeddable":true,"href":"https:\/\/fractaljuegos.com\/en\/wp-json\/wp\/v2\/product_cat?post=887"},{"taxonomy":"product_tag","embeddable":true,"href":"https:\/\/fractaljuegos.com\/en\/wp-json\/wp\/v2\/product_tag?post=887"},{"taxonomy":"disponible-nodisponible","embeddable":true,"href":"https:\/\/fractaljuegos.com\/en\/wp-json\/wp\/v2\/disponible-nodisponible?post=887"},{"taxonomy":"cantidad_de_participantes","embeddable":true,"href":"https:\/\/fractaljuegos.com\/en\/wp-json\/wp\/v2\/cantidad_de_participantes?post=887"},{"taxonomy":"categorias-juegos","embeddable":true,"href":"https:\/\/fractaljuegos.com\/en\/wp-json\/wp\/v2\/categorias-juegos?post=887"},{"taxonomy":"disponibilidad","embeddable":true,"href":"https:\/\/fractaljuegos.com\/en\/wp-json\/wp\/v2\/disponibilidad?post=887"},{"taxonomy":"mecanica","embeddable":true,"href":"https:\/\/fractaljuegos.com\/en\/wp-json\/wp\/v2\/mecanica?post=887"},{"taxonomy":"tamano_del_juego","embeddable":true,"href":"https:\/\/fractaljuegos.com\/en\/wp-json\/wp\/v2\/tamano_del_juego?post=887"},{"taxonomy":"tipo_de_jugador","embeddable":true,"href":"https:\/\/fractaljuegos.com\/en\/wp-json\/wp\/v2\/tipo_de_jugador?post=887"}],"curies":[{"name":"wp","href":"https:\/\/api.w.org\/{rel}","templated":true}]}}