{"id":868,"date":"2025-10-09T04:25:09","date_gmt":"2025-10-09T04:25:09","guid":{"rendered":"https:\/\/fractaljuegos.com\/?post_type=product&#038;p=868"},"modified":"2026-03-03T15:40:30","modified_gmt":"2026-03-03T15:40:30","slug":"bohnanza","status":"publish","type":"product","link":"https:\/\/fractaljuegos.com\/en\/juegos\/bohnanza\/","title":{"rendered":"Bohnanza"},"content":{"rendered":"<p>Quien crea que los porotos son simples legumbres&#8230; \u00a1est\u00e1 totalmente equivocado! Es posible ganar muchas monedas de oro, siempre y cuando se cosechen los adecuados. Parece una tarea sencilla. \u00a1Pero cuidado! Solo puedes plantar tus cartas en orden y sin mezclar tus porotos. Mientras m\u00e1s de estos logres plantar, m\u00e1s monedas recibir\u00e1s al cosecharlos.<\/p>\n<p>Bohnanza es un juego de cartas donde solo un buen trato te har\u00e1 ganar.<\/p>\n<p>Recomendado al juego del a\u00f1o 1997.<\/p>","protected":false},"excerpt":{"rendered":"<ul class=\"elementor-icon-list-items\">\n<li class=\"elementor-icon-list-item\">110 cartas<\/li>\n<li class=\"elementor-icon-list-item\">5 campos de cultivo<\/li>\n<li class=\"elementor-icon-list-item\">1 reglamento<\/li>\n<\/ul>","protected":false},"featured_media":4349,"comment_status":"open","ping_status":"closed","template":"","meta":{"_acf_changed":false},"product_brand":[],"product_cat":[32,30],"product_tag":[],"disponible-nodisponible":[],"cantidad_de_participantes":[],"categorias-juegos":[42],"disponibilidad":[39],"mecanica":[56,101],"tamano_del_juego":[51],"tipo_de_jugador":[49],"class_list":{"0":"post-868","1":"product","2":"type-product","3":"status-publish","4":"has-post-thumbnail","6":"product_cat-estrategicos","7":"product_cat-fillers","8":"categorias-juegos-localizaciones","9":"disponibilidad-no-disponible","10":"mecanica-manejo-de-mano","11":"mecanica-negociacion","12":"tamano_del_juego-de-bolsillo","13":"tipo_de_jugador-todo-publico","15":"first","16":"outofstock","17":"shipping-taxable","18":"purchasable","19":"product-type-simple"},"acf":[],"_links":{"self":[{"href":"https:\/\/fractaljuegos.com\/en\/wp-json\/wp\/v2\/product\/868","targetHints":{"allow":["GET"]}}],"collection":[{"href":"https:\/\/fractaljuegos.com\/en\/wp-json\/wp\/v2\/product"}],"about":[{"href":"https:\/\/fractaljuegos.com\/en\/wp-json\/wp\/v2\/types\/product"}],"replies":[{"embeddable":true,"href":"https:\/\/fractaljuegos.com\/en\/wp-json\/wp\/v2\/comments?post=868"}],"version-history":[{"count":4,"href":"https:\/\/fractaljuegos.com\/en\/wp-json\/wp\/v2\/product\/868\/revisions"}],"predecessor-version":[{"id":3531,"href":"https:\/\/fractaljuegos.com\/en\/wp-json\/wp\/v2\/product\/868\/revisions\/3531"}],"wp:featuredmedia":[{"embeddable":true,"href":"https:\/\/fractaljuegos.com\/en\/wp-json\/wp\/v2\/media\/4349"}],"wp:attachment":[{"href":"https:\/\/fractaljuegos.com\/en\/wp-json\/wp\/v2\/media?parent=868"}],"wp:term":[{"taxonomy":"product_brand","embeddable":true,"href":"https:\/\/fractaljuegos.com\/en\/wp-json\/wp\/v2\/product_brand?post=868"},{"taxonomy":"product_cat","embeddable":true,"href":"https:\/\/fractaljuegos.com\/en\/wp-json\/wp\/v2\/product_cat?post=868"},{"taxonomy":"product_tag","embeddable":true,"href":"https:\/\/fractaljuegos.com\/en\/wp-json\/wp\/v2\/product_tag?post=868"},{"taxonomy":"disponible-nodisponible","embeddable":true,"href":"https:\/\/fractaljuegos.com\/en\/wp-json\/wp\/v2\/disponible-nodisponible?post=868"},{"taxonomy":"cantidad_de_participantes","embeddable":true,"href":"https:\/\/fractaljuegos.com\/en\/wp-json\/wp\/v2\/cantidad_de_participantes?post=868"},{"taxonomy":"categorias-juegos","embeddable":true,"href":"https:\/\/fractaljuegos.com\/en\/wp-json\/wp\/v2\/categorias-juegos?post=868"},{"taxonomy":"disponibilidad","embeddable":true,"href":"https:\/\/fractaljuegos.com\/en\/wp-json\/wp\/v2\/disponibilidad?post=868"},{"taxonomy":"mecanica","embeddable":true,"href":"https:\/\/fractaljuegos.com\/en\/wp-json\/wp\/v2\/mecanica?post=868"},{"taxonomy":"tamano_del_juego","embeddable":true,"href":"https:\/\/fractaljuegos.com\/en\/wp-json\/wp\/v2\/tamano_del_juego?post=868"},{"taxonomy":"tipo_de_jugador","embeddable":true,"href":"https:\/\/fractaljuegos.com\/en\/wp-json\/wp\/v2\/tipo_de_jugador?post=868"}],"curies":[{"name":"wp","href":"https:\/\/api.w.org\/{rel}","templated":true}]}}