{"id":863,"date":"2025-10-09T04:22:34","date_gmt":"2025-10-09T04:22:34","guid":{"rendered":"https:\/\/fractaljuegos.com\/?post_type=product&#038;p=863"},"modified":"2025-12-02T02:52:46","modified_gmt":"2025-12-02T02:52:46","slug":"crop-circles","status":"publish","type":"product","link":"https:\/\/fractaljuegos.com\/en\/juegos\/crop-circles\/","title":{"rendered":"Crop Circles"},"content":{"rendered":"<p>Extra\u00f1os circulos han comenzado a aparecer en diferentes cosechas de maiz&#8230; \u00bfSer\u00e1 evidencia de vida extraterrestre? \u00bfO una reinvenci\u00f3n del negocio agr\u00edcola para atraer turistas a sus decadentes cultivos?<br \/>\nCada participante deber\u00e1 lanzar los dados, posicionar los n\u00fameros en sus campos, y realizar las mejores combinaciones posibles. \u00bfPodr\u00e1s tener los Crop Circles m\u00e1s atractivos para la invasi\u00f3n de turistas?<\/p>\n<p>JUEGO GANADOR DEL CONCURSO LL\u00c9VALO A LA MESA: ROLL &amp; WRITE 2021<\/p>","protected":false},"excerpt":{"rendered":"<ul class=\"elementor-icon-list-items\">\n<li class=\"elementor-icon-list-item\">2 dados<\/li>\n<li class=\"elementor-icon-list-item\">1 libreta de puntuaci\u00f3n<\/li>\n<li class=\"elementor-icon-list-item\">1 reglamento<\/li>\n<\/ul>","protected":false},"featured_media":864,"comment_status":"open","ping_status":"closed","template":"","meta":{"_acf_changed":false},"product_brand":[],"product_cat":[32,30,26],"product_tag":[],"disponible-nodisponible":[],"cantidad_de_participantes":[64,65,63],"categorias-juegos":[],"disponibilidad":[38],"mecanica":[103],"tamano_del_juego":[51],"tipo_de_jugador":[49],"class_list":{"0":"post-863","1":"product","2":"type-product","3":"status-publish","4":"has-post-thumbnail","6":"product_cat-estrategicos","7":"product_cat-fillers","8":"product_cat-roll-write","9":"cantidad_de_participantes-dos-participantes","10":"cantidad_de_participantes-grupos-grandes","11":"cantidad_de_participantes-solitario","12":"disponibilidad-disponible","13":"mecanica-roll-and-write","14":"tamano_del_juego-de-bolsillo","15":"tipo_de_jugador-todo-publico","17":"first","18":"instock","19":"shipping-taxable","20":"purchasable","21":"product-type-simple"},"acf":[],"_links":{"self":[{"href":"https:\/\/fractaljuegos.com\/en\/wp-json\/wp\/v2\/product\/863","targetHints":{"allow":["GET"]}}],"collection":[{"href":"https:\/\/fractaljuegos.com\/en\/wp-json\/wp\/v2\/product"}],"about":[{"href":"https:\/\/fractaljuegos.com\/en\/wp-json\/wp\/v2\/types\/product"}],"replies":[{"embeddable":true,"href":"https:\/\/fractaljuegos.com\/en\/wp-json\/wp\/v2\/comments?post=863"}],"version-history":[{"count":5,"href":"https:\/\/fractaljuegos.com\/en\/wp-json\/wp\/v2\/product\/863\/revisions"}],"predecessor-version":[{"id":3526,"href":"https:\/\/fractaljuegos.com\/en\/wp-json\/wp\/v2\/product\/863\/revisions\/3526"}],"wp:featuredmedia":[{"embeddable":true,"href":"https:\/\/fractaljuegos.com\/en\/wp-json\/wp\/v2\/media\/864"}],"wp:attachment":[{"href":"https:\/\/fractaljuegos.com\/en\/wp-json\/wp\/v2\/media?parent=863"}],"wp:term":[{"taxonomy":"product_brand","embeddable":true,"href":"https:\/\/fractaljuegos.com\/en\/wp-json\/wp\/v2\/product_brand?post=863"},{"taxonomy":"product_cat","embeddable":true,"href":"https:\/\/fractaljuegos.com\/en\/wp-json\/wp\/v2\/product_cat?post=863"},{"taxonomy":"product_tag","embeddable":true,"href":"https:\/\/fractaljuegos.com\/en\/wp-json\/wp\/v2\/product_tag?post=863"},{"taxonomy":"disponible-nodisponible","embeddable":true,"href":"https:\/\/fractaljuegos.com\/en\/wp-json\/wp\/v2\/disponible-nodisponible?post=863"},{"taxonomy":"cantidad_de_participantes","embeddable":true,"href":"https:\/\/fractaljuegos.com\/en\/wp-json\/wp\/v2\/cantidad_de_participantes?post=863"},{"taxonomy":"categorias-juegos","embeddable":true,"href":"https:\/\/fractaljuegos.com\/en\/wp-json\/wp\/v2\/categorias-juegos?post=863"},{"taxonomy":"disponibilidad","embeddable":true,"href":"https:\/\/fractaljuegos.com\/en\/wp-json\/wp\/v2\/disponibilidad?post=863"},{"taxonomy":"mecanica","embeddable":true,"href":"https:\/\/fractaljuegos.com\/en\/wp-json\/wp\/v2\/mecanica?post=863"},{"taxonomy":"tamano_del_juego","embeddable":true,"href":"https:\/\/fractaljuegos.com\/en\/wp-json\/wp\/v2\/tamano_del_juego?post=863"},{"taxonomy":"tipo_de_jugador","embeddable":true,"href":"https:\/\/fractaljuegos.com\/en\/wp-json\/wp\/v2\/tipo_de_jugador?post=863"}],"curies":[{"name":"wp","href":"https:\/\/api.w.org\/{rel}","templated":true}]}}