{"id":855,"date":"2025-10-09T04:13:13","date_gmt":"2025-10-09T04:13:13","guid":{"rendered":"https:\/\/fractaljuegos.com\/?post_type=product&#038;p=855"},"modified":"2026-03-03T15:44:02","modified_gmt":"2026-03-03T15:44:02","slug":"draftosaurus-marina","status":"publish","type":"product","link":"https:\/\/fractaljuegos.com\/en\/juegos\/draftosaurus-marina\/","title":{"rendered":"Draftosaurus: Marina y Show a\u00e9reo"},"content":{"rendered":"<p>\u00a12 expansiones en 1! Puedes jugarlas por separadas o juntas.<\/p>\n<p>En Marina agrega dinosaurios acu\u00e1ticos a tu parque. \u00a1Para el deleite de tus visitantes los Plesiosaurios est\u00e1n listos para nadar! Disfruta esta nueva zona acu\u00e1tica que extiende tu r\u00edo.<\/p>\n<p>En Show A\u00e9reo agrega un Aviario y Pterod\u00e1ctilos a tu parque de dinosaurios. \u00a1Sus visitantes pueden admirar estos majestuosos dinosaurios mientras pasean por la recientemente abierta zona de monta\u00f1as!<\/p>\n<p>Necesitas el juego base Draftosaurus para jugar.<\/p>","protected":false},"excerpt":{"rendered":"<ul class=\"elementor-icon-list-items\">\n<li class=\"elementor-icon-list-item\">5 tableros de Marina<\/li>\n<li class=\"elementor-icon-list-item\">10 Plesiosaurios<\/li>\n<li class=\"elementor-icon-list-item\">5 tableros de Aviario<\/li>\n<li class=\"elementor-icon-list-item\">10 Pterod\u00e1ctilos<\/li>\n<li class=\"elementor-icon-list-item\">2 reglamentos<\/li>\n<\/ul>","protected":false},"featured_media":4356,"comment_status":"open","ping_status":"closed","template":"","meta":{"_acf_changed":false},"product_brand":[],"product_cat":[32,31],"product_tag":[],"disponible-nodisponible":[],"cantidad_de_participantes":[64],"categorias-juegos":[42],"disponibilidad":[39],"mecanica":[57],"tamano_del_juego":[53],"tipo_de_jugador":[49],"class_list":{"0":"post-855","1":"product","2":"type-product","3":"status-publish","4":"has-post-thumbnail","6":"product_cat-estrategicos","7":"product_cat-expansiones","8":"cantidad_de_participantes-dos-participantes","9":"categorias-juegos-localizaciones","10":"disponibilidad-no-disponible","11":"mecanica-drafting","12":"tamano_del_juego-de-morral","13":"tipo_de_jugador-todo-publico","15":"first","16":"outofstock","17":"shipping-taxable","18":"purchasable","19":"product-type-simple"},"acf":[],"_links":{"self":[{"href":"https:\/\/fractaljuegos.com\/en\/wp-json\/wp\/v2\/product\/855","targetHints":{"allow":["GET"]}}],"collection":[{"href":"https:\/\/fractaljuegos.com\/en\/wp-json\/wp\/v2\/product"}],"about":[{"href":"https:\/\/fractaljuegos.com\/en\/wp-json\/wp\/v2\/types\/product"}],"replies":[{"embeddable":true,"href":"https:\/\/fractaljuegos.com\/en\/wp-json\/wp\/v2\/comments?post=855"}],"version-history":[{"count":5,"href":"https:\/\/fractaljuegos.com\/en\/wp-json\/wp\/v2\/product\/855\/revisions"}],"predecessor-version":[{"id":3521,"href":"https:\/\/fractaljuegos.com\/en\/wp-json\/wp\/v2\/product\/855\/revisions\/3521"}],"wp:featuredmedia":[{"embeddable":true,"href":"https:\/\/fractaljuegos.com\/en\/wp-json\/wp\/v2\/media\/4356"}],"wp:attachment":[{"href":"https:\/\/fractaljuegos.com\/en\/wp-json\/wp\/v2\/media?parent=855"}],"wp:term":[{"taxonomy":"product_brand","embeddable":true,"href":"https:\/\/fractaljuegos.com\/en\/wp-json\/wp\/v2\/product_brand?post=855"},{"taxonomy":"product_cat","embeddable":true,"href":"https:\/\/fractaljuegos.com\/en\/wp-json\/wp\/v2\/product_cat?post=855"},{"taxonomy":"product_tag","embeddable":true,"href":"https:\/\/fractaljuegos.com\/en\/wp-json\/wp\/v2\/product_tag?post=855"},{"taxonomy":"disponible-nodisponible","embeddable":true,"href":"https:\/\/fractaljuegos.com\/en\/wp-json\/wp\/v2\/disponible-nodisponible?post=855"},{"taxonomy":"cantidad_de_participantes","embeddable":true,"href":"https:\/\/fractaljuegos.com\/en\/wp-json\/wp\/v2\/cantidad_de_participantes?post=855"},{"taxonomy":"categorias-juegos","embeddable":true,"href":"https:\/\/fractaljuegos.com\/en\/wp-json\/wp\/v2\/categorias-juegos?post=855"},{"taxonomy":"disponibilidad","embeddable":true,"href":"https:\/\/fractaljuegos.com\/en\/wp-json\/wp\/v2\/disponibilidad?post=855"},{"taxonomy":"mecanica","embeddable":true,"href":"https:\/\/fractaljuegos.com\/en\/wp-json\/wp\/v2\/mecanica?post=855"},{"taxonomy":"tamano_del_juego","embeddable":true,"href":"https:\/\/fractaljuegos.com\/en\/wp-json\/wp\/v2\/tamano_del_juego?post=855"},{"taxonomy":"tipo_de_jugador","embeddable":true,"href":"https:\/\/fractaljuegos.com\/en\/wp-json\/wp\/v2\/tipo_de_jugador?post=855"}],"curies":[{"name":"wp","href":"https:\/\/api.w.org\/{rel}","templated":true}]}}