{"id":851,"date":"2025-10-09T04:10:24","date_gmt":"2025-10-09T04:10:24","guid":{"rendered":"https:\/\/fractaljuegos.com\/?post_type=product&#038;p=851"},"modified":"2026-03-03T15:50:47","modified_gmt":"2026-03-03T15:50:47","slug":"ganimedes","status":"publish","type":"product","link":"https:\/\/fractaljuegos.com\/en\/juegos\/ganimedes\/","title":{"rendered":"Gan\u00edmedes"},"content":{"rendered":"<p>Representando una corporaci\u00f3n especializada en viajes espaciales, debes planificar el largo viaje de terr\u00edcolas a planetas distantes&#8230;<\/p>\n<p>Recluta astronautas, usa transbordadores para llevarlos a Marte y luego Gan\u00edmedes, y has despegar tus naves para colonizar planteas distantes en la galaxia.<\/p>","protected":false},"excerpt":{"rendered":"<ul class=\"elementor-icon-list-items\">\n<li class=\"elementor-icon-list-item\">30 losetas de colonia<\/li>\n<li class=\"elementor-icon-list-item\">52 fichas de astronautas<\/li>\n<li class=\"elementor-icon-list-item\">90 cartas<\/li>\n<li class=\"elementor-icon-list-item\">4 tableros personales<\/li>\n<li class=\"elementor-icon-list-item\">4 marcadores de reputaci\u00f3n<\/li>\n<li class=\"elementor-icon-list-item\">1 reglamento<\/li>\n<\/ul>","protected":false},"featured_media":4361,"comment_status":"open","ping_status":"closed","template":"","meta":{"_acf_changed":false},"product_brand":[],"product_cat":[32],"product_tag":[],"disponible-nodisponible":[],"cantidad_de_participantes":[64],"categorias-juegos":[46,42],"disponibilidad":[39],"mecanica":[57],"tamano_del_juego":[54],"tipo_de_jugador":[49],"class_list":{"0":"post-851","1":"product","2":"type-product","3":"status-publish","4":"has-post-thumbnail","6":"product_cat-estrategicos","7":"cantidad_de_participantes-dos-participantes","8":"categorias-juegos-archivo","9":"categorias-juegos-localizaciones","10":"disponibilidad-no-disponible","11":"mecanica-drafting","12":"tamano_del_juego-de-mochila","13":"tipo_de_jugador-todo-publico","15":"first","16":"instock","17":"shipping-taxable","18":"purchasable","19":"product-type-simple"},"acf":[],"_links":{"self":[{"href":"https:\/\/fractaljuegos.com\/en\/wp-json\/wp\/v2\/product\/851","targetHints":{"allow":["GET"]}}],"collection":[{"href":"https:\/\/fractaljuegos.com\/en\/wp-json\/wp\/v2\/product"}],"about":[{"href":"https:\/\/fractaljuegos.com\/en\/wp-json\/wp\/v2\/types\/product"}],"replies":[{"embeddable":true,"href":"https:\/\/fractaljuegos.com\/en\/wp-json\/wp\/v2\/comments?post=851"}],"version-history":[{"count":4,"href":"https:\/\/fractaljuegos.com\/en\/wp-json\/wp\/v2\/product\/851\/revisions"}],"predecessor-version":[{"id":2748,"href":"https:\/\/fractaljuegos.com\/en\/wp-json\/wp\/v2\/product\/851\/revisions\/2748"}],"wp:featuredmedia":[{"embeddable":true,"href":"https:\/\/fractaljuegos.com\/en\/wp-json\/wp\/v2\/media\/4361"}],"wp:attachment":[{"href":"https:\/\/fractaljuegos.com\/en\/wp-json\/wp\/v2\/media?parent=851"}],"wp:term":[{"taxonomy":"product_brand","embeddable":true,"href":"https:\/\/fractaljuegos.com\/en\/wp-json\/wp\/v2\/product_brand?post=851"},{"taxonomy":"product_cat","embeddable":true,"href":"https:\/\/fractaljuegos.com\/en\/wp-json\/wp\/v2\/product_cat?post=851"},{"taxonomy":"product_tag","embeddable":true,"href":"https:\/\/fractaljuegos.com\/en\/wp-json\/wp\/v2\/product_tag?post=851"},{"taxonomy":"disponible-nodisponible","embeddable":true,"href":"https:\/\/fractaljuegos.com\/en\/wp-json\/wp\/v2\/disponible-nodisponible?post=851"},{"taxonomy":"cantidad_de_participantes","embeddable":true,"href":"https:\/\/fractaljuegos.com\/en\/wp-json\/wp\/v2\/cantidad_de_participantes?post=851"},{"taxonomy":"categorias-juegos","embeddable":true,"href":"https:\/\/fractaljuegos.com\/en\/wp-json\/wp\/v2\/categorias-juegos?post=851"},{"taxonomy":"disponibilidad","embeddable":true,"href":"https:\/\/fractaljuegos.com\/en\/wp-json\/wp\/v2\/disponibilidad?post=851"},{"taxonomy":"mecanica","embeddable":true,"href":"https:\/\/fractaljuegos.com\/en\/wp-json\/wp\/v2\/mecanica?post=851"},{"taxonomy":"tamano_del_juego","embeddable":true,"href":"https:\/\/fractaljuegos.com\/en\/wp-json\/wp\/v2\/tamano_del_juego?post=851"},{"taxonomy":"tipo_de_jugador","embeddable":true,"href":"https:\/\/fractaljuegos.com\/en\/wp-json\/wp\/v2\/tipo_de_jugador?post=851"}],"curies":[{"name":"wp","href":"https:\/\/api.w.org\/{rel}","templated":true}]}}