{"id":844,"date":"2025-10-08T18:29:45","date_gmt":"2025-10-08T18:29:45","guid":{"rendered":"https:\/\/fractaljuegos.com\/?post_type=product&#038;p=844"},"modified":"2026-03-03T15:51:45","modified_gmt":"2026-03-03T15:51:45","slug":"marea-alta","status":"publish","type":"product","link":"https:\/\/fractaljuegos.com\/en\/juegos\/marea-alta\/","title":{"rendered":"Marea Alta"},"content":{"rendered":"<div id=\"bgLayers_comp-kshq11u1\" class=\"MW5IWV\" data-hook=\"bgLayers\" data-motion-part=\"BG_LAYER comp-kshq11u1\"><\/div>\n<div class=\"\" data-mesh-id=\"comp-kshq11u1inlineContent\" data-testid=\"inline-content\">\n<div data-mesh-id=\"comp-kshq11u1inlineContent-gridContainer\" data-testid=\"mesh-container-content\">\n<div id=\"comp-kviikw64\" class=\"MazNVa comp-kviikw64 wixui-image\">\n<div class=\"j7pOnl\" data-testid=\"linkElement\"><span style=\"font-size: inherit;\">\u00a1El clima est\u00e1 terrible, la marea sube y el viejo faro se est\u00e1 hundiendo!<\/span><\/div>\n<\/div>\n<div id=\"comp-kshq11ud3\" class=\"Z_l5lU MMl86N zQ9jDz qvSjx3 Vq6kJx comp-kshq11ud3 wixui-rich-text\" data-testid=\"richTextElement\">\n<p class=\"font_8 wixui-rich-text__text\"><span class=\"color_14 wixui-rich-text__text\"><span class=\"wixui-rich-text__text\"><br \/>\nJuega inteligentemente tus cartas y procura no quedarte sin salvavidas. Quien obtenga m\u00e1s puntos ganar\u00e1 y recibir\u00e1 la alabanzas de las ovejas.<\/span><\/span><\/p>\n<p>Recomendado al juego del a\u00f1o 2001.<\/p>\n<\/div>\n<\/div>\n<\/div>","protected":false},"excerpt":{"rendered":"<ul class=\"elementor-icon-list-items\">\n<li class=\"elementor-icon-list-item\">108 cartas<\/li>\n<li class=\"elementor-icon-list-item\">1 reglamento<\/li>\n<\/ul>","protected":false},"featured_media":4368,"comment_status":"open","ping_status":"closed","template":"","meta":{"_acf_changed":false},"product_brand":[],"product_cat":[32,30],"product_tag":[],"disponible-nodisponible":[],"cantidad_de_participantes":[],"categorias-juegos":[42],"disponibilidad":[38],"mecanica":[56],"tamano_del_juego":[51],"tipo_de_jugador":[49],"class_list":{"0":"post-844","1":"product","2":"type-product","3":"status-publish","4":"has-post-thumbnail","6":"product_cat-estrategicos","7":"product_cat-fillers","8":"categorias-juegos-localizaciones","9":"disponibilidad-disponible","10":"mecanica-manejo-de-mano","11":"tamano_del_juego-de-bolsillo","12":"tipo_de_jugador-todo-publico","14":"first","15":"instock","16":"shipping-taxable","17":"purchasable","18":"product-type-simple"},"acf":[],"_links":{"self":[{"href":"https:\/\/fractaljuegos.com\/en\/wp-json\/wp\/v2\/product\/844","targetHints":{"allow":["GET"]}}],"collection":[{"href":"https:\/\/fractaljuegos.com\/en\/wp-json\/wp\/v2\/product"}],"about":[{"href":"https:\/\/fractaljuegos.com\/en\/wp-json\/wp\/v2\/types\/product"}],"replies":[{"embeddable":true,"href":"https:\/\/fractaljuegos.com\/en\/wp-json\/wp\/v2\/comments?post=844"}],"version-history":[{"count":6,"href":"https:\/\/fractaljuegos.com\/en\/wp-json\/wp\/v2\/product\/844\/revisions"}],"predecessor-version":[{"id":4370,"href":"https:\/\/fractaljuegos.com\/en\/wp-json\/wp\/v2\/product\/844\/revisions\/4370"}],"wp:featuredmedia":[{"embeddable":true,"href":"https:\/\/fractaljuegos.com\/en\/wp-json\/wp\/v2\/media\/4368"}],"wp:attachment":[{"href":"https:\/\/fractaljuegos.com\/en\/wp-json\/wp\/v2\/media?parent=844"}],"wp:term":[{"taxonomy":"product_brand","embeddable":true,"href":"https:\/\/fractaljuegos.com\/en\/wp-json\/wp\/v2\/product_brand?post=844"},{"taxonomy":"product_cat","embeddable":true,"href":"https:\/\/fractaljuegos.com\/en\/wp-json\/wp\/v2\/product_cat?post=844"},{"taxonomy":"product_tag","embeddable":true,"href":"https:\/\/fractaljuegos.com\/en\/wp-json\/wp\/v2\/product_tag?post=844"},{"taxonomy":"disponible-nodisponible","embeddable":true,"href":"https:\/\/fractaljuegos.com\/en\/wp-json\/wp\/v2\/disponible-nodisponible?post=844"},{"taxonomy":"cantidad_de_participantes","embeddable":true,"href":"https:\/\/fractaljuegos.com\/en\/wp-json\/wp\/v2\/cantidad_de_participantes?post=844"},{"taxonomy":"categorias-juegos","embeddable":true,"href":"https:\/\/fractaljuegos.com\/en\/wp-json\/wp\/v2\/categorias-juegos?post=844"},{"taxonomy":"disponibilidad","embeddable":true,"href":"https:\/\/fractaljuegos.com\/en\/wp-json\/wp\/v2\/disponibilidad?post=844"},{"taxonomy":"mecanica","embeddable":true,"href":"https:\/\/fractaljuegos.com\/en\/wp-json\/wp\/v2\/mecanica?post=844"},{"taxonomy":"tamano_del_juego","embeddable":true,"href":"https:\/\/fractaljuegos.com\/en\/wp-json\/wp\/v2\/tamano_del_juego?post=844"},{"taxonomy":"tipo_de_jugador","embeddable":true,"href":"https:\/\/fractaljuegos.com\/en\/wp-json\/wp\/v2\/tipo_de_jugador?post=844"}],"curies":[{"name":"wp","href":"https:\/\/api.w.org\/{rel}","templated":true}]}}