{"id":829,"date":"2025-10-08T17:51:36","date_gmt":"2025-10-08T17:51:36","guid":{"rendered":"https:\/\/fractaljuegos.com\/?post_type=product&#038;p=829"},"modified":"2025-12-02T02:42:26","modified_gmt":"2025-12-02T02:42:26","slug":"the-game-cara-a-cara","status":"publish","type":"product","link":"https:\/\/fractaljuegos.com\/en\/juegos\/the-game-cara-a-cara\/","title":{"rendered":"The Game: Cara a Cara"},"content":{"rendered":"<p>En CARA A CARA ya no jugar\u00e1n en equipo, si no que tendr\u00e1n que enfrentarse entre s\u00ed. Lastima que para ganar te ver\u00e1s en la obligaci\u00f3n de ayudar a tu rival de vez en cuando&#8230; \u00a1No digan que no les avisamos!<\/p>\n<p>Nuevamente The Game jugar\u00e1 con ustedes.<\/p>\n<p>The Game CARA A CARA no es una expansi\u00f3n, es un juego independiente a The Game.<\/p>","protected":false},"excerpt":{"rendered":"<ul class=\"elementor-icon-list-items\">\n<li class=\"elementor-icon-list-item\">120 cartas<\/li>\n<li class=\"elementor-icon-list-item\">1 reglamento<\/li>\n<\/ul>","protected":false},"featured_media":830,"comment_status":"open","ping_status":"closed","template":"","meta":{"_acf_changed":false},"product_brand":[],"product_cat":[35,32,30],"product_tag":[],"disponible-nodisponible":[],"cantidad_de_participantes":[64],"categorias-juegos":[42],"disponibilidad":[38],"mecanica":[56],"tamano_del_juego":[51],"tipo_de_jugador":[49],"class_list":{"0":"post-829","1":"product","2":"type-product","3":"status-publish","4":"has-post-thumbnail","6":"product_cat-abstractos","7":"product_cat-estrategicos","8":"product_cat-fillers","9":"cantidad_de_participantes-dos-participantes","10":"categorias-juegos-localizaciones","11":"disponibilidad-disponible","12":"mecanica-manejo-de-mano","13":"tamano_del_juego-de-bolsillo","14":"tipo_de_jugador-todo-publico","16":"first","17":"outofstock","18":"shipping-taxable","19":"purchasable","20":"product-type-simple"},"acf":[],"_links":{"self":[{"href":"https:\/\/fractaljuegos.com\/en\/wp-json\/wp\/v2\/product\/829","targetHints":{"allow":["GET"]}}],"collection":[{"href":"https:\/\/fractaljuegos.com\/en\/wp-json\/wp\/v2\/product"}],"about":[{"href":"https:\/\/fractaljuegos.com\/en\/wp-json\/wp\/v2\/types\/product"}],"replies":[{"embeddable":true,"href":"https:\/\/fractaljuegos.com\/en\/wp-json\/wp\/v2\/comments?post=829"}],"version-history":[{"count":5,"href":"https:\/\/fractaljuegos.com\/en\/wp-json\/wp\/v2\/product\/829\/revisions"}],"predecessor-version":[{"id":3505,"href":"https:\/\/fractaljuegos.com\/en\/wp-json\/wp\/v2\/product\/829\/revisions\/3505"}],"wp:featuredmedia":[{"embeddable":true,"href":"https:\/\/fractaljuegos.com\/en\/wp-json\/wp\/v2\/media\/830"}],"wp:attachment":[{"href":"https:\/\/fractaljuegos.com\/en\/wp-json\/wp\/v2\/media?parent=829"}],"wp:term":[{"taxonomy":"product_brand","embeddable":true,"href":"https:\/\/fractaljuegos.com\/en\/wp-json\/wp\/v2\/product_brand?post=829"},{"taxonomy":"product_cat","embeddable":true,"href":"https:\/\/fractaljuegos.com\/en\/wp-json\/wp\/v2\/product_cat?post=829"},{"taxonomy":"product_tag","embeddable":true,"href":"https:\/\/fractaljuegos.com\/en\/wp-json\/wp\/v2\/product_tag?post=829"},{"taxonomy":"disponible-nodisponible","embeddable":true,"href":"https:\/\/fractaljuegos.com\/en\/wp-json\/wp\/v2\/disponible-nodisponible?post=829"},{"taxonomy":"cantidad_de_participantes","embeddable":true,"href":"https:\/\/fractaljuegos.com\/en\/wp-json\/wp\/v2\/cantidad_de_participantes?post=829"},{"taxonomy":"categorias-juegos","embeddable":true,"href":"https:\/\/fractaljuegos.com\/en\/wp-json\/wp\/v2\/categorias-juegos?post=829"},{"taxonomy":"disponibilidad","embeddable":true,"href":"https:\/\/fractaljuegos.com\/en\/wp-json\/wp\/v2\/disponibilidad?post=829"},{"taxonomy":"mecanica","embeddable":true,"href":"https:\/\/fractaljuegos.com\/en\/wp-json\/wp\/v2\/mecanica?post=829"},{"taxonomy":"tamano_del_juego","embeddable":true,"href":"https:\/\/fractaljuegos.com\/en\/wp-json\/wp\/v2\/tamano_del_juego?post=829"},{"taxonomy":"tipo_de_jugador","embeddable":true,"href":"https:\/\/fractaljuegos.com\/en\/wp-json\/wp\/v2\/tipo_de_jugador?post=829"}],"curies":[{"name":"wp","href":"https:\/\/api.w.org\/{rel}","templated":true}]}}