{"id":813,"date":"2025-10-08T17:40:24","date_gmt":"2025-10-08T17:40:24","guid":{"rendered":"https:\/\/fractaljuegos.com\/?post_type=product&#038;p=813"},"modified":"2026-03-03T15:44:08","modified_gmt":"2026-03-03T15:44:08","slug":"dragones-del-mar","status":"publish","type":"product","link":"https:\/\/fractaljuegos.com\/en\/juegos\/dragones-del-mar\/","title":{"rendered":"Dragones del Mar"},"content":{"rendered":"<div id=\"bgLayers_comp-kshq11u1\" class=\"MW5IWV\" data-hook=\"bgLayers\" data-motion-part=\"BG_LAYER comp-kshq11u1\"><\/div>\n<div class=\"\" data-mesh-id=\"comp-kshq11u1inlineContent\" data-testid=\"inline-content\">\n<div data-mesh-id=\"comp-kshq11u1inlineContent-gridContainer\" data-testid=\"mesh-container-content\">\n<div id=\"comp-kviikw64\" class=\"MazNVa comp-kviikw64 wixui-image rYiAuL\"><span style=\"font-size: inherit;\">La humanidad se ha vuelto m\u00e1s osada al surcar los mares. Cada vez son m\u00e1s los barcos piratas que se aventuran en los mares prohibidos, poniendo en peligro sus reinos submarinos y a las extra\u00f1as criaturas que all\u00ed habitan\u2026<\/span><\/div>\n<div id=\"comp-kshq11ud3\" class=\"Z_l5lU MMl86N zQ9jDz qvSjx3 Vq6kJx comp-kshq11ud3 wixui-rich-text\" data-testid=\"richTextElement\">\n<p class=\"font_8 wixui-rich-text__text\"><span class=\"color_14 wixui-rich-text__text\"><span class=\"wixui-rich-text__text\"><br \/>\nEn Dragones del Mar posicionar\u00e1s a tu clan de dragones para recolectar tesoros y proteger los reinos acu\u00e1ticos de los atrevidos piratas que los surcan. En cada turno, jugar\u00e1s una carta de patr\u00f3n de tu mano para posicionar un Drag\u00f3n del Mar en el tablero, aumentando tu presencia en los 4 reinos marinos. Pero cuidado, no podr\u00e1s colocar tus propios Dragones del Mar uno junto a otro, y estar\u00e1s recompensando a tus rivales si te posicionas junto a ellos. Consigue la victoria obteniendo la mayor\u00eda en cada uno de los 4 reinos, cumpliendo las misiones y recolectando tesoros.<\/span><\/span><\/p>\n<p>Juego familiar dise\u00f1ado por Yaniv Kahana, Pini Shekhter y Simone Luciani.<\/p>\n<\/div>\n<\/div>\n<\/div>","protected":false},"excerpt":{"rendered":"<ul class=\"elementor-icon-list-items\">\n<li class=\"elementor-icon-list-item\">4 Tableros modulares de Mar de doble cara<\/li>\n<li class=\"elementor-icon-list-item\">1 Isla Central<\/li>\n<li class=\"elementor-icon-list-item\">54 Cabezas de Dragones en 5 colores<\/li>\n<li class=\"elementor-icon-list-item\">190 Cuerpos de Dragones en 5 colores<\/li>\n<li class=\"elementor-icon-list-item\">44 Fichas de Barcos Piratas<\/li>\n<li class=\"elementor-icon-list-item\">60 Fichas de 1 Oro<\/li>\n<li class=\"elementor-icon-list-item\">15 Fichas de 5 Oro<\/li>\n<li class=\"elementor-icon-list-item\">36 Cartas de Patrones Normales<\/li>\n<li class=\"elementor-icon-list-item\">26 Cartas de Patrones Peque\u00f1os<\/li>\n<li class=\"elementor-icon-list-item\">18 Cartas de Patrones Grandes<\/li>\n<li class=\"elementor-icon-list-item\">33 Cartas de Misiones<\/li>\n<li class=\"elementor-icon-list-item\">24 Cartas de Cuevas Marinas<\/li>\n<li class=\"elementor-icon-list-item\">1 Libreta de Puntuaci\u00f3n<\/li>\n<li class=\"elementor-icon-list-item\">1 Reglamento<\/li>\n<\/ul>","protected":false},"featured_media":4357,"comment_status":"open","ping_status":"closed","template":"","meta":{"_acf_changed":false},"product_brand":[],"product_cat":[35,32],"product_tag":[],"disponible-nodisponible":[],"cantidad_de_participantes":[64],"categorias-juegos":[41],"disponibilidad":[38],"mecanica":[105],"tamano_del_juego":[54],"tipo_de_jugador":[49],"class_list":{"0":"post-813","1":"product","2":"type-product","3":"status-publish","4":"has-post-thumbnail","6":"product_cat-abstractos","7":"product_cat-estrategicos","8":"cantidad_de_participantes-dos-participantes","9":"categorias-juegos-originales","10":"disponibilidad-disponible","11":"mecanica-control-de-area","12":"tamano_del_juego-de-mochila","13":"tipo_de_jugador-todo-publico","15":"first","16":"outofstock","17":"shipping-taxable","18":"purchasable","19":"product-type-simple"},"acf":[],"_links":{"self":[{"href":"https:\/\/fractaljuegos.com\/en\/wp-json\/wp\/v2\/product\/813","targetHints":{"allow":["GET"]}}],"collection":[{"href":"https:\/\/fractaljuegos.com\/en\/wp-json\/wp\/v2\/product"}],"about":[{"href":"https:\/\/fractaljuegos.com\/en\/wp-json\/wp\/v2\/types\/product"}],"replies":[{"embeddable":true,"href":"https:\/\/fractaljuegos.com\/en\/wp-json\/wp\/v2\/comments?post=813"}],"version-history":[{"count":6,"href":"https:\/\/fractaljuegos.com\/en\/wp-json\/wp\/v2\/product\/813\/revisions"}],"predecessor-version":[{"id":3493,"href":"https:\/\/fractaljuegos.com\/en\/wp-json\/wp\/v2\/product\/813\/revisions\/3493"}],"wp:featuredmedia":[{"embeddable":true,"href":"https:\/\/fractaljuegos.com\/en\/wp-json\/wp\/v2\/media\/4357"}],"wp:attachment":[{"href":"https:\/\/fractaljuegos.com\/en\/wp-json\/wp\/v2\/media?parent=813"}],"wp:term":[{"taxonomy":"product_brand","embeddable":true,"href":"https:\/\/fractaljuegos.com\/en\/wp-json\/wp\/v2\/product_brand?post=813"},{"taxonomy":"product_cat","embeddable":true,"href":"https:\/\/fractaljuegos.com\/en\/wp-json\/wp\/v2\/product_cat?post=813"},{"taxonomy":"product_tag","embeddable":true,"href":"https:\/\/fractaljuegos.com\/en\/wp-json\/wp\/v2\/product_tag?post=813"},{"taxonomy":"disponible-nodisponible","embeddable":true,"href":"https:\/\/fractaljuegos.com\/en\/wp-json\/wp\/v2\/disponible-nodisponible?post=813"},{"taxonomy":"cantidad_de_participantes","embeddable":true,"href":"https:\/\/fractaljuegos.com\/en\/wp-json\/wp\/v2\/cantidad_de_participantes?post=813"},{"taxonomy":"categorias-juegos","embeddable":true,"href":"https:\/\/fractaljuegos.com\/en\/wp-json\/wp\/v2\/categorias-juegos?post=813"},{"taxonomy":"disponibilidad","embeddable":true,"href":"https:\/\/fractaljuegos.com\/en\/wp-json\/wp\/v2\/disponibilidad?post=813"},{"taxonomy":"mecanica","embeddable":true,"href":"https:\/\/fractaljuegos.com\/en\/wp-json\/wp\/v2\/mecanica?post=813"},{"taxonomy":"tamano_del_juego","embeddable":true,"href":"https:\/\/fractaljuegos.com\/en\/wp-json\/wp\/v2\/tamano_del_juego?post=813"},{"taxonomy":"tipo_de_jugador","embeddable":true,"href":"https:\/\/fractaljuegos.com\/en\/wp-json\/wp\/v2\/tipo_de_jugador?post=813"}],"curies":[{"name":"wp","href":"https:\/\/api.w.org\/{rel}","templated":true}]}}