{"id":809,"date":"2025-10-08T17:37:22","date_gmt":"2025-10-08T17:37:22","guid":{"rendered":"https:\/\/fractaljuegos.com\/?post_type=product&#038;p=809"},"modified":"2025-12-02T02:32:07","modified_gmt":"2025-12-02T02:32:07","slug":"expedicion-a-5x","status":"publish","type":"product","link":"https:\/\/fractaljuegos.com\/en\/juegos\/expedicion-a-5x\/","title":{"rendered":"Expedici\u00f3n a 5X"},"content":{"rendered":"<p>Nuestro planeta natal ha sido destruido. En una b\u00fasqueda desesperada por un nuevo hogar hemos encontrado el Planeta 5X. Es un lugar des\u00e9rtico, el agua es escasa y no somos los \u00fanicos que llegaron aqu\u00ed. Tendremos que luchar con los dem\u00e1s clanes para abastecernos.<br \/>\nExcavando en b\u00fasqueda de pozos, descubrimos algo asombroso: tecnolog\u00edas de una civilizaci\u00f3n antigua abundan en el planeta. Se trata de ingeniosas construcciones que mejorar\u00e1n nuestras habilidades y nos ayudar\u00e1n a obtener la victoria.<\/p>\n<p>Nos enfrentaremos entre distintos clanes durante 15 rondas. En cada ronda elegiremos una acci\u00f3n: podremos Excavar tecnolog\u00edas antiguas, Explotar el agua de los oasis, Exterminar a nuestros oponentes, Explorar el territorio o Expandir nuestras posibilidades.<\/p>\n<p>El clan m\u00e1s avanzado conseguir\u00e1 la victoria.<\/p>","protected":false},"excerpt":{"rendered":"<ul class=\"elementor-icon-list-items\">\n<li class=\"elementor-icon-list-item\">25 cartas de Acci\u00f3n<\/li>\n<li class=\"elementor-icon-list-item\">15 cartas de Asentamiento<\/li>\n<li class=\"elementor-icon-list-item\">15 cartas de Tecnolog\u00eda<\/li>\n<li class=\"elementor-icon-list-item\">50 fichas de Agua<\/li>\n<li class=\"elementor-icon-list-item\">5 pantallas<\/li>\n<li class=\"elementor-icon-list-item\">1 dado de 8 caras<\/li>\n<li class=\"elementor-icon-list-item\">1 libreta de puntaje<\/li>\n<li class=\"elementor-icon-list-item\">1 Manual de Reglas\u200b<\/li>\n<\/ul>","protected":false},"featured_media":810,"comment_status":"open","ping_status":"closed","template":"","meta":{"_acf_changed":false},"product_brand":[],"product_cat":[32,30],"product_tag":[],"disponible-nodisponible":[],"cantidad_de_participantes":[],"categorias-juegos":[42],"disponibilidad":[38],"mecanica":[56,95],"tamano_del_juego":[52],"tipo_de_jugador":[49],"class_list":{"0":"post-809","1":"product","2":"type-product","3":"status-publish","4":"has-post-thumbnail","6":"product_cat-estrategicos","7":"product_cat-fillers","8":"categorias-juegos-localizaciones","9":"disponibilidad-disponible","10":"mecanica-manejo-de-mano","11":"mecanica-subasta","12":"tamano_del_juego-de-cartera","13":"tipo_de_jugador-todo-publico","15":"first","16":"instock","17":"shipping-taxable","18":"purchasable","19":"product-type-simple"},"acf":[],"_links":{"self":[{"href":"https:\/\/fractaljuegos.com\/en\/wp-json\/wp\/v2\/product\/809","targetHints":{"allow":["GET"]}}],"collection":[{"href":"https:\/\/fractaljuegos.com\/en\/wp-json\/wp\/v2\/product"}],"about":[{"href":"https:\/\/fractaljuegos.com\/en\/wp-json\/wp\/v2\/types\/product"}],"replies":[{"embeddable":true,"href":"https:\/\/fractaljuegos.com\/en\/wp-json\/wp\/v2\/comments?post=809"}],"version-history":[{"count":4,"href":"https:\/\/fractaljuegos.com\/en\/wp-json\/wp\/v2\/product\/809\/revisions"}],"predecessor-version":[{"id":3487,"href":"https:\/\/fractaljuegos.com\/en\/wp-json\/wp\/v2\/product\/809\/revisions\/3487"}],"wp:featuredmedia":[{"embeddable":true,"href":"https:\/\/fractaljuegos.com\/en\/wp-json\/wp\/v2\/media\/810"}],"wp:attachment":[{"href":"https:\/\/fractaljuegos.com\/en\/wp-json\/wp\/v2\/media?parent=809"}],"wp:term":[{"taxonomy":"product_brand","embeddable":true,"href":"https:\/\/fractaljuegos.com\/en\/wp-json\/wp\/v2\/product_brand?post=809"},{"taxonomy":"product_cat","embeddable":true,"href":"https:\/\/fractaljuegos.com\/en\/wp-json\/wp\/v2\/product_cat?post=809"},{"taxonomy":"product_tag","embeddable":true,"href":"https:\/\/fractaljuegos.com\/en\/wp-json\/wp\/v2\/product_tag?post=809"},{"taxonomy":"disponible-nodisponible","embeddable":true,"href":"https:\/\/fractaljuegos.com\/en\/wp-json\/wp\/v2\/disponible-nodisponible?post=809"},{"taxonomy":"cantidad_de_participantes","embeddable":true,"href":"https:\/\/fractaljuegos.com\/en\/wp-json\/wp\/v2\/cantidad_de_participantes?post=809"},{"taxonomy":"categorias-juegos","embeddable":true,"href":"https:\/\/fractaljuegos.com\/en\/wp-json\/wp\/v2\/categorias-juegos?post=809"},{"taxonomy":"disponibilidad","embeddable":true,"href":"https:\/\/fractaljuegos.com\/en\/wp-json\/wp\/v2\/disponibilidad?post=809"},{"taxonomy":"mecanica","embeddable":true,"href":"https:\/\/fractaljuegos.com\/en\/wp-json\/wp\/v2\/mecanica?post=809"},{"taxonomy":"tamano_del_juego","embeddable":true,"href":"https:\/\/fractaljuegos.com\/en\/wp-json\/wp\/v2\/tamano_del_juego?post=809"},{"taxonomy":"tipo_de_jugador","embeddable":true,"href":"https:\/\/fractaljuegos.com\/en\/wp-json\/wp\/v2\/tipo_de_jugador?post=809"}],"curies":[{"name":"wp","href":"https:\/\/api.w.org\/{rel}","templated":true}]}}