{"id":805,"date":"2025-10-08T17:35:36","date_gmt":"2025-10-08T17:35:36","guid":{"rendered":"https:\/\/fractaljuegos.com\/?post_type=product&#038;p=805"},"modified":"2026-03-03T15:51:14","modified_gmt":"2026-03-03T15:51:14","slug":"linko","status":"publish","type":"product","link":"https:\/\/fractaljuegos.com\/en\/juegos\/linko\/","title":{"rendered":"Linko"},"content":{"rendered":"<p>\u00a1Vamos a ara\u00f1ar!<br \/>\nColoca tantas cartas en frente tuyo como puedas, ya que te otorgar\u00e1n puntos. \u00a1Pero cuidado con el resto! Estar\u00e1n al acecho de lo que tengas y podr\u00e1n robarte tus puntos de un momento a otro. Juega h\u00e1bilmente tus cartas y roba lo que necesites para obtener la victoria.<\/p>","protected":false},"excerpt":{"rendered":"<ul class=\"elementor-icon-list-items\">\n<li class=\"elementor-icon-list-item\">110 cartas<\/li>\n<li class=\"elementor-icon-list-item\">1 reglamento<\/li>\n<\/ul>","protected":false},"featured_media":4364,"comment_status":"open","ping_status":"closed","template":"","meta":{"_acf_changed":false},"product_brand":[],"product_cat":[35,32,30],"product_tag":[],"disponible-nodisponible":[],"cantidad_de_participantes":[],"categorias-juegos":[42],"disponibilidad":[38],"mecanica":[57,56],"tamano_del_juego":[51],"tipo_de_jugador":[49],"class_list":{"0":"post-805","1":"product","2":"type-product","3":"status-publish","4":"has-post-thumbnail","6":"product_cat-abstractos","7":"product_cat-estrategicos","8":"product_cat-fillers","9":"categorias-juegos-localizaciones","10":"disponibilidad-disponible","11":"mecanica-drafting","12":"mecanica-manejo-de-mano","13":"tamano_del_juego-de-bolsillo","14":"tipo_de_jugador-todo-publico","16":"first","17":"instock","18":"shipping-taxable","19":"purchasable","20":"product-type-simple"},"acf":[],"_links":{"self":[{"href":"https:\/\/fractaljuegos.com\/en\/wp-json\/wp\/v2\/product\/805","targetHints":{"allow":["GET"]}}],"collection":[{"href":"https:\/\/fractaljuegos.com\/en\/wp-json\/wp\/v2\/product"}],"about":[{"href":"https:\/\/fractaljuegos.com\/en\/wp-json\/wp\/v2\/types\/product"}],"replies":[{"embeddable":true,"href":"https:\/\/fractaljuegos.com\/en\/wp-json\/wp\/v2\/comments?post=805"}],"version-history":[{"count":5,"href":"https:\/\/fractaljuegos.com\/en\/wp-json\/wp\/v2\/product\/805\/revisions"}],"predecessor-version":[{"id":3483,"href":"https:\/\/fractaljuegos.com\/en\/wp-json\/wp\/v2\/product\/805\/revisions\/3483"}],"wp:featuredmedia":[{"embeddable":true,"href":"https:\/\/fractaljuegos.com\/en\/wp-json\/wp\/v2\/media\/4364"}],"wp:attachment":[{"href":"https:\/\/fractaljuegos.com\/en\/wp-json\/wp\/v2\/media?parent=805"}],"wp:term":[{"taxonomy":"product_brand","embeddable":true,"href":"https:\/\/fractaljuegos.com\/en\/wp-json\/wp\/v2\/product_brand?post=805"},{"taxonomy":"product_cat","embeddable":true,"href":"https:\/\/fractaljuegos.com\/en\/wp-json\/wp\/v2\/product_cat?post=805"},{"taxonomy":"product_tag","embeddable":true,"href":"https:\/\/fractaljuegos.com\/en\/wp-json\/wp\/v2\/product_tag?post=805"},{"taxonomy":"disponible-nodisponible","embeddable":true,"href":"https:\/\/fractaljuegos.com\/en\/wp-json\/wp\/v2\/disponible-nodisponible?post=805"},{"taxonomy":"cantidad_de_participantes","embeddable":true,"href":"https:\/\/fractaljuegos.com\/en\/wp-json\/wp\/v2\/cantidad_de_participantes?post=805"},{"taxonomy":"categorias-juegos","embeddable":true,"href":"https:\/\/fractaljuegos.com\/en\/wp-json\/wp\/v2\/categorias-juegos?post=805"},{"taxonomy":"disponibilidad","embeddable":true,"href":"https:\/\/fractaljuegos.com\/en\/wp-json\/wp\/v2\/disponibilidad?post=805"},{"taxonomy":"mecanica","embeddable":true,"href":"https:\/\/fractaljuegos.com\/en\/wp-json\/wp\/v2\/mecanica?post=805"},{"taxonomy":"tamano_del_juego","embeddable":true,"href":"https:\/\/fractaljuegos.com\/en\/wp-json\/wp\/v2\/tamano_del_juego?post=805"},{"taxonomy":"tipo_de_jugador","embeddable":true,"href":"https:\/\/fractaljuegos.com\/en\/wp-json\/wp\/v2\/tipo_de_jugador?post=805"}],"curies":[{"name":"wp","href":"https:\/\/api.w.org\/{rel}","templated":true}]}}