{"id":801,"date":"2025-10-08T17:28:53","date_gmt":"2025-10-08T17:28:53","guid":{"rendered":"https:\/\/fractaljuegos.com\/?post_type=product&#038;p=801"},"modified":"2026-03-03T15:51:39","modified_gmt":"2026-03-03T15:51:39","slug":"mada","status":"publish","type":"product","link":"https:\/\/fractaljuegos.com\/en\/juegos\/mada\/","title":{"rendered":"Mada"},"content":{"rendered":"<p>En Mada deber\u00e1s evitar pincharte con los cactus, adem\u00e1s de intentar recolectar m\u00e1s tunas que el resto.<\/p>\n<p>En tu turno podr\u00e1s jugar una carta de tu mano en tu pozo personal, robar una carta a tu mano o tentar a la suerte jugando la primera carta del mazo en tu pozo (\u00a1cuidado con pincharte!).<\/p>\n<p>\u00a1Calcula con cautela y logra reunir m\u00e1s tunas en este divertido juego de cartas!<\/p>","protected":false},"excerpt":{"rendered":"<ul class=\"elementor-icon-list-items\">\n<li class=\"elementor-icon-list-item\">70 cartas<\/li>\n<li class=\"elementor-icon-list-item\">1 reglamento<\/li>\n<\/ul>","protected":false},"featured_media":4367,"comment_status":"open","ping_status":"closed","template":"","meta":{"_acf_changed":false},"product_brand":[],"product_cat":[30,29],"product_tag":[],"disponible-nodisponible":[],"cantidad_de_participantes":[64],"categorias-juegos":[42],"disponibilidad":[38],"mecanica":[56,62],"tamano_del_juego":[51],"tipo_de_jugador":[48,49],"class_list":{"0":"post-801","1":"product","2":"type-product","3":"status-publish","4":"has-post-thumbnail","6":"product_cat-fillers","7":"product_cat-infantiles","8":"cantidad_de_participantes-dos-participantes","9":"categorias-juegos-localizaciones","10":"disponibilidad-disponible","11":"mecanica-manejo-de-mano","12":"mecanica-push-your-luck","13":"tamano_del_juego-de-bolsillo","14":"tipo_de_jugador-nino-a","15":"tipo_de_jugador-todo-publico","17":"first","18":"instock","19":"shipping-taxable","20":"purchasable","21":"product-type-simple"},"acf":[],"_links":{"self":[{"href":"https:\/\/fractaljuegos.com\/en\/wp-json\/wp\/v2\/product\/801","targetHints":{"allow":["GET"]}}],"collection":[{"href":"https:\/\/fractaljuegos.com\/en\/wp-json\/wp\/v2\/product"}],"about":[{"href":"https:\/\/fractaljuegos.com\/en\/wp-json\/wp\/v2\/types\/product"}],"replies":[{"embeddable":true,"href":"https:\/\/fractaljuegos.com\/en\/wp-json\/wp\/v2\/comments?post=801"}],"version-history":[{"count":4,"href":"https:\/\/fractaljuegos.com\/en\/wp-json\/wp\/v2\/product\/801\/revisions"}],"predecessor-version":[{"id":3477,"href":"https:\/\/fractaljuegos.com\/en\/wp-json\/wp\/v2\/product\/801\/revisions\/3477"}],"wp:featuredmedia":[{"embeddable":true,"href":"https:\/\/fractaljuegos.com\/en\/wp-json\/wp\/v2\/media\/4367"}],"wp:attachment":[{"href":"https:\/\/fractaljuegos.com\/en\/wp-json\/wp\/v2\/media?parent=801"}],"wp:term":[{"taxonomy":"product_brand","embeddable":true,"href":"https:\/\/fractaljuegos.com\/en\/wp-json\/wp\/v2\/product_brand?post=801"},{"taxonomy":"product_cat","embeddable":true,"href":"https:\/\/fractaljuegos.com\/en\/wp-json\/wp\/v2\/product_cat?post=801"},{"taxonomy":"product_tag","embeddable":true,"href":"https:\/\/fractaljuegos.com\/en\/wp-json\/wp\/v2\/product_tag?post=801"},{"taxonomy":"disponible-nodisponible","embeddable":true,"href":"https:\/\/fractaljuegos.com\/en\/wp-json\/wp\/v2\/disponible-nodisponible?post=801"},{"taxonomy":"cantidad_de_participantes","embeddable":true,"href":"https:\/\/fractaljuegos.com\/en\/wp-json\/wp\/v2\/cantidad_de_participantes?post=801"},{"taxonomy":"categorias-juegos","embeddable":true,"href":"https:\/\/fractaljuegos.com\/en\/wp-json\/wp\/v2\/categorias-juegos?post=801"},{"taxonomy":"disponibilidad","embeddable":true,"href":"https:\/\/fractaljuegos.com\/en\/wp-json\/wp\/v2\/disponibilidad?post=801"},{"taxonomy":"mecanica","embeddable":true,"href":"https:\/\/fractaljuegos.com\/en\/wp-json\/wp\/v2\/mecanica?post=801"},{"taxonomy":"tamano_del_juego","embeddable":true,"href":"https:\/\/fractaljuegos.com\/en\/wp-json\/wp\/v2\/tamano_del_juego?post=801"},{"taxonomy":"tipo_de_jugador","embeddable":true,"href":"https:\/\/fractaljuegos.com\/en\/wp-json\/wp\/v2\/tipo_de_jugador?post=801"}],"curies":[{"name":"wp","href":"https:\/\/api.w.org\/{rel}","templated":true}]}}