{"id":796,"date":"2025-10-08T17:26:13","date_gmt":"2025-10-08T17:26:13","guid":{"rendered":"https:\/\/fractaljuegos.com\/?post_type=product&#038;p=796"},"modified":"2025-12-02T02:24:39","modified_gmt":"2025-12-02T02:24:39","slug":"monster-chef","status":"publish","type":"product","link":"https:\/\/fractaljuegos.com\/en\/juegos\/monster-chef\/","title":{"rendered":"Monster Chef"},"content":{"rendered":"<p>Pocos d\u00edas despu\u00e9s de mudarnos recibimos una misteriosa invitaci\u00f3n. A trav\u00e9s de una carta con un repugnante olor, la familia vecina nos invita a una cena de bienvenida al barrio.<\/p>\n<p>Al acercarnos a su casa, empezamos a notar inquietantes detalles&#8230; sus maceteros parecen cr\u00e1neos y las plantas tienen forma de tent\u00e1culos&#8230; Con el pulso acelerado, avanzamos hasta la entrada. Su timbre tiene forma de ojo y al presionarlo suenan gritos escalofriantes. Al abrirse la puerta nuestra sospecha se confirma, \u00a1son monstruos!<\/p>","protected":false},"excerpt":{"rendered":"<ul class=\"elementor-icon-list-items\">\n<li class=\"elementor-icon-list-item\">100 cartas<\/li>\n<li class=\"elementor-icon-list-item\">1 reglamento<\/li>\n<\/ul>","protected":false},"featured_media":797,"comment_status":"open","ping_status":"closed","template":"","meta":{"_acf_changed":false},"product_brand":[],"product_cat":[30,29],"product_tag":[],"disponible-nodisponible":[],"cantidad_de_participantes":[64],"categorias-juegos":[41],"disponibilidad":[39],"mecanica":[56],"tamano_del_juego":[51],"tipo_de_jugador":[48,49],"class_list":{"0":"post-796","1":"product","2":"type-product","3":"status-publish","4":"has-post-thumbnail","6":"product_cat-fillers","7":"product_cat-infantiles","8":"cantidad_de_participantes-dos-participantes","9":"categorias-juegos-originales","10":"disponibilidad-no-disponible","11":"mecanica-manejo-de-mano","12":"tamano_del_juego-de-bolsillo","13":"tipo_de_jugador-nino-a","14":"tipo_de_jugador-todo-publico","16":"first","17":"instock","18":"shipping-taxable","19":"purchasable","20":"product-type-simple"},"acf":[],"_links":{"self":[{"href":"https:\/\/fractaljuegos.com\/en\/wp-json\/wp\/v2\/product\/796","targetHints":{"allow":["GET"]}}],"collection":[{"href":"https:\/\/fractaljuegos.com\/en\/wp-json\/wp\/v2\/product"}],"about":[{"href":"https:\/\/fractaljuegos.com\/en\/wp-json\/wp\/v2\/types\/product"}],"replies":[{"embeddable":true,"href":"https:\/\/fractaljuegos.com\/en\/wp-json\/wp\/v2\/comments?post=796"}],"version-history":[{"count":4,"href":"https:\/\/fractaljuegos.com\/en\/wp-json\/wp\/v2\/product\/796\/revisions"}],"predecessor-version":[{"id":3473,"href":"https:\/\/fractaljuegos.com\/en\/wp-json\/wp\/v2\/product\/796\/revisions\/3473"}],"wp:featuredmedia":[{"embeddable":true,"href":"https:\/\/fractaljuegos.com\/en\/wp-json\/wp\/v2\/media\/797"}],"wp:attachment":[{"href":"https:\/\/fractaljuegos.com\/en\/wp-json\/wp\/v2\/media?parent=796"}],"wp:term":[{"taxonomy":"product_brand","embeddable":true,"href":"https:\/\/fractaljuegos.com\/en\/wp-json\/wp\/v2\/product_brand?post=796"},{"taxonomy":"product_cat","embeddable":true,"href":"https:\/\/fractaljuegos.com\/en\/wp-json\/wp\/v2\/product_cat?post=796"},{"taxonomy":"product_tag","embeddable":true,"href":"https:\/\/fractaljuegos.com\/en\/wp-json\/wp\/v2\/product_tag?post=796"},{"taxonomy":"disponible-nodisponible","embeddable":true,"href":"https:\/\/fractaljuegos.com\/en\/wp-json\/wp\/v2\/disponible-nodisponible?post=796"},{"taxonomy":"cantidad_de_participantes","embeddable":true,"href":"https:\/\/fractaljuegos.com\/en\/wp-json\/wp\/v2\/cantidad_de_participantes?post=796"},{"taxonomy":"categorias-juegos","embeddable":true,"href":"https:\/\/fractaljuegos.com\/en\/wp-json\/wp\/v2\/categorias-juegos?post=796"},{"taxonomy":"disponibilidad","embeddable":true,"href":"https:\/\/fractaljuegos.com\/en\/wp-json\/wp\/v2\/disponibilidad?post=796"},{"taxonomy":"mecanica","embeddable":true,"href":"https:\/\/fractaljuegos.com\/en\/wp-json\/wp\/v2\/mecanica?post=796"},{"taxonomy":"tamano_del_juego","embeddable":true,"href":"https:\/\/fractaljuegos.com\/en\/wp-json\/wp\/v2\/tamano_del_juego?post=796"},{"taxonomy":"tipo_de_jugador","embeddable":true,"href":"https:\/\/fractaljuegos.com\/en\/wp-json\/wp\/v2\/tipo_de_jugador?post=796"}],"curies":[{"name":"wp","href":"https:\/\/api.w.org\/{rel}","templated":true}]}}