{"id":792,"date":"2025-10-08T15:57:40","date_gmt":"2025-10-08T15:57:40","guid":{"rendered":"https:\/\/fractaljuegos.com\/?post_type=product&#038;p=792"},"modified":"2025-12-12T15:58:09","modified_gmt":"2025-12-12T15:58:09","slug":"nebula","status":"publish","type":"product","link":"https:\/\/fractaljuegos.com\/en\/juegos\/nebula\/","title":{"rendered":"Nebula"},"content":{"rendered":"<p>Se dice que por cada persona que ha habitado la Tierra, hay m\u00e1s de una estrella que brilla en el universo&#8230;<\/p>\n<p>En Nebula deber\u00e1s recolectar estrellas para posicionarlas en tu galaxia. Las estrellas se presentan en diversas etapas, desde gigantes rojas hasta enanas blancas, las cuales podr\u00e1s conseguir desde los c\u00famulos estelares. Podr\u00e1s obtener estrellas invirtiendo Tiempo o acudiendo al Caos. Luego deber\u00e1s posicionarlas en alguna orbita y constelaci\u00f3n respetando la ley de gravedad. Finalmente, habr\u00e1n objetivos, tanto personales como compartidos, que podr\u00e1n recompensarte, y tambi\u00e9n algunas estrellas sin resplandor que nos har\u00e1n recordar que la muerte es parte de la vida estelar.<\/p>\n<p>Dale vida a tu Galaxia y encuentra la armon\u00eda dentro de tus constelaciones. Las historias que se inventar\u00e1n mientras las observas perdurar\u00e1n en el tiempo&#8230;<\/p>","protected":false},"excerpt":{"rendered":"<ul class=\"elementor-icon-list-items\">\n<li class=\"elementor-icon-list-item\">1 Tablero de C\u00famulos Estelares<\/li>\n<li class=\"elementor-icon-list-item\">1 Tablero de Valores<\/li>\n<li class=\"elementor-icon-list-item\">4 Tableros personales de Galaxia<\/li>\n<li class=\"elementor-icon-list-item\">16 Marcadores personales de Carrera (4 de cada color)<\/li>\n<li class=\"elementor-icon-list-item\">3 Indicadores de Tiempo<\/li>\n<li class=\"elementor-icon-list-item\">1 Indicador de Estrellas Negras<\/li>\n<li class=\"elementor-icon-list-item\">1 Bolsa de tela<\/li>\n<li class=\"elementor-icon-list-item\">14 Fichas de Valores<\/li>\n<li class=\"elementor-icon-list-item\">120 Estrellas de colores (20 de cada color)<\/li>\n<li class=\"elementor-icon-list-item\">30 Estrellas Negras<\/li>\n<li class=\"elementor-icon-list-item\">20 Cartas de Objetivos Personales<\/li>\n<li class=\"elementor-icon-list-item\">20 Cartas de Objetivos de Carrera<\/li>\n<li class=\"elementor-icon-list-item\">30 Cartas de Objetivos Avanzados<\/li>\n<li class=\"elementor-icon-list-item\">4 Cartas de Ayuda<\/li>\n<li class=\"elementor-icon-list-item\">1 Libreta de Puntuaci\u00f3n<\/li>\n<li class=\"elementor-icon-list-item\">1 Ficha de Participante Inicial<\/li>\n<\/ul>","protected":false},"featured_media":3807,"comment_status":"open","ping_status":"closed","template":"","meta":{"_acf_changed":false},"product_brand":[],"product_cat":[35,32],"product_tag":[],"disponible-nodisponible":[],"cantidad_de_participantes":[64],"categorias-juegos":[41],"disponibilidad":[38],"mecanica":[100],"tamano_del_juego":[54],"tipo_de_jugador":[49],"class_list":{"0":"post-792","1":"product","2":"type-product","3":"status-publish","4":"has-post-thumbnail","6":"product_cat-abstractos","7":"product_cat-estrategicos","8":"cantidad_de_participantes-dos-participantes","9":"categorias-juegos-originales","10":"disponibilidad-disponible","11":"mecanica-construccion-de-patrones","12":"tamano_del_juego-de-mochila","13":"tipo_de_jugador-todo-publico","15":"first","16":"instock","17":"shipping-taxable","18":"purchasable","19":"product-type-simple"},"acf":[],"_links":{"self":[{"href":"https:\/\/fractaljuegos.com\/en\/wp-json\/wp\/v2\/product\/792","targetHints":{"allow":["GET"]}}],"collection":[{"href":"https:\/\/fractaljuegos.com\/en\/wp-json\/wp\/v2\/product"}],"about":[{"href":"https:\/\/fractaljuegos.com\/en\/wp-json\/wp\/v2\/types\/product"}],"replies":[{"embeddable":true,"href":"https:\/\/fractaljuegos.com\/en\/wp-json\/wp\/v2\/comments?post=792"}],"version-history":[{"count":5,"href":"https:\/\/fractaljuegos.com\/en\/wp-json\/wp\/v2\/product\/792\/revisions"}],"predecessor-version":[{"id":3468,"href":"https:\/\/fractaljuegos.com\/en\/wp-json\/wp\/v2\/product\/792\/revisions\/3468"}],"wp:featuredmedia":[{"embeddable":true,"href":"https:\/\/fractaljuegos.com\/en\/wp-json\/wp\/v2\/media\/3807"}],"wp:attachment":[{"href":"https:\/\/fractaljuegos.com\/en\/wp-json\/wp\/v2\/media?parent=792"}],"wp:term":[{"taxonomy":"product_brand","embeddable":true,"href":"https:\/\/fractaljuegos.com\/en\/wp-json\/wp\/v2\/product_brand?post=792"},{"taxonomy":"product_cat","embeddable":true,"href":"https:\/\/fractaljuegos.com\/en\/wp-json\/wp\/v2\/product_cat?post=792"},{"taxonomy":"product_tag","embeddable":true,"href":"https:\/\/fractaljuegos.com\/en\/wp-json\/wp\/v2\/product_tag?post=792"},{"taxonomy":"disponible-nodisponible","embeddable":true,"href":"https:\/\/fractaljuegos.com\/en\/wp-json\/wp\/v2\/disponible-nodisponible?post=792"},{"taxonomy":"cantidad_de_participantes","embeddable":true,"href":"https:\/\/fractaljuegos.com\/en\/wp-json\/wp\/v2\/cantidad_de_participantes?post=792"},{"taxonomy":"categorias-juegos","embeddable":true,"href":"https:\/\/fractaljuegos.com\/en\/wp-json\/wp\/v2\/categorias-juegos?post=792"},{"taxonomy":"disponibilidad","embeddable":true,"href":"https:\/\/fractaljuegos.com\/en\/wp-json\/wp\/v2\/disponibilidad?post=792"},{"taxonomy":"mecanica","embeddable":true,"href":"https:\/\/fractaljuegos.com\/en\/wp-json\/wp\/v2\/mecanica?post=792"},{"taxonomy":"tamano_del_juego","embeddable":true,"href":"https:\/\/fractaljuegos.com\/en\/wp-json\/wp\/v2\/tamano_del_juego?post=792"},{"taxonomy":"tipo_de_jugador","embeddable":true,"href":"https:\/\/fractaljuegos.com\/en\/wp-json\/wp\/v2\/tipo_de_jugador?post=792"}],"curies":[{"name":"wp","href":"https:\/\/api.w.org\/{rel}","templated":true}]}}