{"id":787,"date":"2025-10-08T15:54:42","date_gmt":"2025-10-08T15:54:42","guid":{"rendered":"https:\/\/fractaljuegos.com\/?post_type=product&#038;p=787"},"modified":"2025-12-02T02:21:10","modified_gmt":"2025-12-02T02:21:10","slug":"next-station-london","status":"publish","type":"product","link":"https:\/\/fractaljuegos.com\/en\/juegos\/next-station-london\/","title":{"rendered":"Next Station: London"},"content":{"rendered":"<p>\u00a1La ciudad de Londres te ha contratado para redise\u00f1ar sus l\u00edneas del Metro!<\/p>\n<p>Optimiza sus combinaciones, para por la mayor cantidad de sitios tur\u00edsticos, y toma ventaja pasando recorridos bajo el r\u00edo Thames, sin olvidar tambi\u00e9n los requerimientos mismos de la ciudad.<\/p>\n<p>\u00bfQui\u00e9n de ustedes ser\u00e1 quien haga la mejor planificaci\u00f3n?<\/p>\n<p>Nominado al Juego del A\u00f1o 2023.<\/p>","protected":false},"excerpt":{"rendered":"<ul class=\"elementor-icon-list-items\">\n<li class=\"elementor-icon-list-item\">1 libreta con el Mapa de Londres<\/li>\n<li class=\"elementor-icon-list-item\">4 l\u00e1pices de colores diferentes: violeta, azul, rosado y verde.<\/li>\n<li class=\"elementor-icon-list-item\">11 cartas de Estaci\u00f3n<\/li>\n<li class=\"elementor-icon-list-item\">5 cartas de Objetivos Comunes<\/li>\n<li class=\"elementor-icon-list-item\">4 cartas de Poder de l\u00e1piz<\/li>\n<li class=\"elementor-icon-list-item\">reglamento<\/li>\n<\/ul>","protected":false},"featured_media":788,"comment_status":"open","ping_status":"closed","template":"","meta":{"_acf_changed":false},"product_brand":[],"product_cat":[35,32,26],"product_tag":[],"disponible-nodisponible":[],"cantidad_de_participantes":[64,63],"categorias-juegos":[42],"disponibilidad":[38],"mecanica":[109],"tamano_del_juego":[53],"tipo_de_jugador":[49],"class_list":{"0":"post-787","1":"product","2":"type-product","3":"status-publish","4":"has-post-thumbnail","6":"product_cat-abstractos","7":"product_cat-estrategicos","8":"product_cat-roll-write","9":"cantidad_de_participantes-dos-participantes","10":"cantidad_de_participantes-solitario","11":"categorias-juegos-localizaciones","12":"disponibilidad-disponible","13":"mecanica-flip-and-write","14":"tamano_del_juego-de-morral","15":"tipo_de_jugador-todo-publico","17":"first","18":"outofstock","19":"shipping-taxable","20":"purchasable","21":"product-type-simple"},"acf":[],"_links":{"self":[{"href":"https:\/\/fractaljuegos.com\/en\/wp-json\/wp\/v2\/product\/787","targetHints":{"allow":["GET"]}}],"collection":[{"href":"https:\/\/fractaljuegos.com\/en\/wp-json\/wp\/v2\/product"}],"about":[{"href":"https:\/\/fractaljuegos.com\/en\/wp-json\/wp\/v2\/types\/product"}],"replies":[{"embeddable":true,"href":"https:\/\/fractaljuegos.com\/en\/wp-json\/wp\/v2\/comments?post=787"}],"version-history":[{"count":4,"href":"https:\/\/fractaljuegos.com\/en\/wp-json\/wp\/v2\/product\/787\/revisions"}],"predecessor-version":[{"id":3466,"href":"https:\/\/fractaljuegos.com\/en\/wp-json\/wp\/v2\/product\/787\/revisions\/3466"}],"wp:featuredmedia":[{"embeddable":true,"href":"https:\/\/fractaljuegos.com\/en\/wp-json\/wp\/v2\/media\/788"}],"wp:attachment":[{"href":"https:\/\/fractaljuegos.com\/en\/wp-json\/wp\/v2\/media?parent=787"}],"wp:term":[{"taxonomy":"product_brand","embeddable":true,"href":"https:\/\/fractaljuegos.com\/en\/wp-json\/wp\/v2\/product_brand?post=787"},{"taxonomy":"product_cat","embeddable":true,"href":"https:\/\/fractaljuegos.com\/en\/wp-json\/wp\/v2\/product_cat?post=787"},{"taxonomy":"product_tag","embeddable":true,"href":"https:\/\/fractaljuegos.com\/en\/wp-json\/wp\/v2\/product_tag?post=787"},{"taxonomy":"disponible-nodisponible","embeddable":true,"href":"https:\/\/fractaljuegos.com\/en\/wp-json\/wp\/v2\/disponible-nodisponible?post=787"},{"taxonomy":"cantidad_de_participantes","embeddable":true,"href":"https:\/\/fractaljuegos.com\/en\/wp-json\/wp\/v2\/cantidad_de_participantes?post=787"},{"taxonomy":"categorias-juegos","embeddable":true,"href":"https:\/\/fractaljuegos.com\/en\/wp-json\/wp\/v2\/categorias-juegos?post=787"},{"taxonomy":"disponibilidad","embeddable":true,"href":"https:\/\/fractaljuegos.com\/en\/wp-json\/wp\/v2\/disponibilidad?post=787"},{"taxonomy":"mecanica","embeddable":true,"href":"https:\/\/fractaljuegos.com\/en\/wp-json\/wp\/v2\/mecanica?post=787"},{"taxonomy":"tamano_del_juego","embeddable":true,"href":"https:\/\/fractaljuegos.com\/en\/wp-json\/wp\/v2\/tamano_del_juego?post=787"},{"taxonomy":"tipo_de_jugador","embeddable":true,"href":"https:\/\/fractaljuegos.com\/en\/wp-json\/wp\/v2\/tipo_de_jugador?post=787"}],"curies":[{"name":"wp","href":"https:\/\/api.w.org\/{rel}","templated":true}]}}