{"id":603,"date":"2025-09-26T15:31:04","date_gmt":"2025-09-26T15:31:04","guid":{"rendered":"https:\/\/fractaljuegos.com\/?post_type=product&#038;p=603"},"modified":"2025-12-02T01:59:03","modified_gmt":"2025-12-02T01:59:03","slug":"toma-6-edicion-30-aniversario","status":"publish","type":"product","link":"https:\/\/fractaljuegos.com\/en\/juegos\/toma-6-edicion-30-aniversario\/","title":{"rendered":"\u00a1Toma 6!: Edici\u00f3n 30 Aniversario"},"content":{"rendered":"<p>\u00a1Durante 30 a\u00f1os, los fans de \u00a1Toma 6! han demostrado c\u00f3mo evitar llevarse cabezas de toro!<br \/>\nEsta edici\u00f3n aniversario ofrece el conocido juego base, y la nueva variante cooperativa \u201cVencer al B\u00fafalo\u201d. Usen las cartas especiales de forma inteligente y aseg\u00farense de no cargarse mutuamente con puntos negativos, sino que d\u00e1rselos al b\u00fafalo.<\/p>\n<p>Adem\u00e1s, esta edici\u00f3n incluye cuatro cartas especiales adicionales, creadas por fans de \u00a1Toma 6!<\/p>","protected":false},"excerpt":{"rendered":"<ul class=\"elementor-icon-list-items\">\n<li class=\"elementor-icon-list-item\">5 Cartas de nuevos Escenarios<\/li>\n<li class=\"elementor-icon-list-item\">30 Cartas de nuevos Eventos<\/li>\n<li class=\"elementor-icon-list-item\">10 Cartas de Emergencia<\/li>\n<li class=\"elementor-icon-list-item\">10 Cartas de Desaf\u00edo<\/li>\n<li class=\"elementor-icon-list-item\">10 Cartas de Facci\u00f3n<\/li>\n<li class=\"elementor-icon-list-item\">1 Reglamento<\/li>\n<\/ul>","protected":false},"featured_media":604,"comment_status":"open","ping_status":"closed","template":"","meta":{"_acf_changed":false},"product_brand":[],"product_cat":[35,34,32,30],"product_tag":[],"disponible-nodisponible":[],"cantidad_de_participantes":[65,63],"categorias-juegos":[42],"disponibilidad":[38],"mecanica":[58,56],"tamano_del_juego":[52],"tipo_de_jugador":[49],"class_list":{"0":"post-603","1":"product","2":"type-product","3":"status-publish","4":"has-post-thumbnail","6":"product_cat-abstractos","7":"product_cat-cooperativos","8":"product_cat-estrategicos","9":"product_cat-fillers","10":"cantidad_de_participantes-grupos-grandes","11":"cantidad_de_participantes-solitario","12":"categorias-juegos-localizaciones","13":"disponibilidad-disponible","14":"mecanica-cooperativo","15":"mecanica-manejo-de-mano","16":"tamano_del_juego-de-cartera","17":"tipo_de_jugador-todo-publico","19":"first","20":"instock","21":"shipping-taxable","22":"purchasable","23":"product-type-simple"},"acf":[],"_links":{"self":[{"href":"https:\/\/fractaljuegos.com\/en\/wp-json\/wp\/v2\/product\/603","targetHints":{"allow":["GET"]}}],"collection":[{"href":"https:\/\/fractaljuegos.com\/en\/wp-json\/wp\/v2\/product"}],"about":[{"href":"https:\/\/fractaljuegos.com\/en\/wp-json\/wp\/v2\/types\/product"}],"replies":[{"embeddable":true,"href":"https:\/\/fractaljuegos.com\/en\/wp-json\/wp\/v2\/comments?post=603"}],"version-history":[{"count":21,"href":"https:\/\/fractaljuegos.com\/en\/wp-json\/wp\/v2\/product\/603\/revisions"}],"predecessor-version":[{"id":3436,"href":"https:\/\/fractaljuegos.com\/en\/wp-json\/wp\/v2\/product\/603\/revisions\/3436"}],"wp:featuredmedia":[{"embeddable":true,"href":"https:\/\/fractaljuegos.com\/en\/wp-json\/wp\/v2\/media\/604"}],"wp:attachment":[{"href":"https:\/\/fractaljuegos.com\/en\/wp-json\/wp\/v2\/media?parent=603"}],"wp:term":[{"taxonomy":"product_brand","embeddable":true,"href":"https:\/\/fractaljuegos.com\/en\/wp-json\/wp\/v2\/product_brand?post=603"},{"taxonomy":"product_cat","embeddable":true,"href":"https:\/\/fractaljuegos.com\/en\/wp-json\/wp\/v2\/product_cat?post=603"},{"taxonomy":"product_tag","embeddable":true,"href":"https:\/\/fractaljuegos.com\/en\/wp-json\/wp\/v2\/product_tag?post=603"},{"taxonomy":"disponible-nodisponible","embeddable":true,"href":"https:\/\/fractaljuegos.com\/en\/wp-json\/wp\/v2\/disponible-nodisponible?post=603"},{"taxonomy":"cantidad_de_participantes","embeddable":true,"href":"https:\/\/fractaljuegos.com\/en\/wp-json\/wp\/v2\/cantidad_de_participantes?post=603"},{"taxonomy":"categorias-juegos","embeddable":true,"href":"https:\/\/fractaljuegos.com\/en\/wp-json\/wp\/v2\/categorias-juegos?post=603"},{"taxonomy":"disponibilidad","embeddable":true,"href":"https:\/\/fractaljuegos.com\/en\/wp-json\/wp\/v2\/disponibilidad?post=603"},{"taxonomy":"mecanica","embeddable":true,"href":"https:\/\/fractaljuegos.com\/en\/wp-json\/wp\/v2\/mecanica?post=603"},{"taxonomy":"tamano_del_juego","embeddable":true,"href":"https:\/\/fractaljuegos.com\/en\/wp-json\/wp\/v2\/tamano_del_juego?post=603"},{"taxonomy":"tipo_de_jugador","embeddable":true,"href":"https:\/\/fractaljuegos.com\/en\/wp-json\/wp\/v2\/tipo_de_jugador?post=603"}],"curies":[{"name":"wp","href":"https:\/\/api.w.org\/{rel}","templated":true}]}}