{"id":524,"date":"2025-09-12T00:20:05","date_gmt":"2025-09-12T00:20:05","guid":{"rendered":"https:\/\/fractaljuegos.com\/?post_type=product&#038;p=524"},"modified":"2026-03-03T15:36:43","modified_gmt":"2026-03-03T15:36:43","slug":"bajo-las-hojas","status":"publish","type":"product","link":"https:\/\/fractaljuegos.com\/en\/juegos\/bajo-las-hojas\/","title":{"rendered":"Bajo las hojas"},"content":{"rendered":"<div id=\"comp-kshq11ud3\" class=\"Z_l5lU MMl86N zQ9jDz qvSjx3 Vq6kJx comp-kshq11ud3 wixui-rich-text\" data-testid=\"richTextElement\">\n<p class=\"font_8 wixui-rich-text__text\"><span class=\"color_14 wixui-rich-text__text\"><span class=\"wixui-rich-text__text\">Si logramos mantener nuestro jard\u00edn saludable y diverso, se llenar\u00e1 de vida y se convertir\u00e1 en un refugio para fascinantes criaturas. Los colibr\u00edes y las abejas son los primeros en llegar, llenando el aire con color y movimiento. Pero si nos detenemos a observar con m\u00e1s atenci\u00f3n descubriremos un mundo oculto y desconocido: habitantes diminutos abundan en los hongos, charcos y hojas. Viven bajo nuestros pies, pasando desapercibidos&#8230; hasta que decidimos observar bajo las hojas.<\/span><\/span><\/p>\n<\/div>","protected":false},"excerpt":{"rendered":"<ul>\n<li>4 Losetas de jard\u00edn inicial<\/li>\n<li>50 Losetas de jard\u00edn<\/li>\n<li>48 fichas de colibr\u00ed<\/li>\n<li>66 fichas de abeja<\/li>\n<li>60 fichas de habitantes del jard\u00edn<\/li>\n<li>60 fichas de habitantes<\/li>\n<li>12 cartas de habitantes del jard\u00edn<\/li>\n<li>1 bolsa de g\u00e9nero<\/li>\n<li>1 reglamento<\/li>\n<\/ul>","protected":false},"featured_media":4345,"comment_status":"open","ping_status":"closed","template":"","meta":{"_acf_changed":false},"product_brand":[],"product_cat":[15],"product_tag":[],"disponible-nodisponible":[],"cantidad_de_participantes":[64],"categorias-juegos":[41,43],"disponibilidad":[38],"mecanica":[55,100],"tamano_del_juego":[53],"tipo_de_jugador":[49],"class_list":{"0":"post-524","1":"product","2":"type-product","3":"status-publish","4":"has-post-thumbnail","6":"product_cat-sin-categorizar","7":"cantidad_de_participantes-dos-participantes","8":"categorias-juegos-originales","9":"categorias-juegos-proximos-lanzamientos","10":"disponibilidad-disponible","11":"mecanica-colocacion-de-losetas","12":"mecanica-construccion-de-patrones","13":"tamano_del_juego-de-morral","14":"tipo_de_jugador-todo-publico","16":"first","17":"instock","18":"shipping-taxable","19":"purchasable","20":"product-type-simple"},"acf":[],"_links":{"self":[{"href":"https:\/\/fractaljuegos.com\/en\/wp-json\/wp\/v2\/product\/524","targetHints":{"allow":["GET"]}}],"collection":[{"href":"https:\/\/fractaljuegos.com\/en\/wp-json\/wp\/v2\/product"}],"about":[{"href":"https:\/\/fractaljuegos.com\/en\/wp-json\/wp\/v2\/types\/product"}],"replies":[{"embeddable":true,"href":"https:\/\/fractaljuegos.com\/en\/wp-json\/wp\/v2\/comments?post=524"}],"version-history":[{"count":5,"href":"https:\/\/fractaljuegos.com\/en\/wp-json\/wp\/v2\/product\/524\/revisions"}],"predecessor-version":[{"id":3434,"href":"https:\/\/fractaljuegos.com\/en\/wp-json\/wp\/v2\/product\/524\/revisions\/3434"}],"wp:featuredmedia":[{"embeddable":true,"href":"https:\/\/fractaljuegos.com\/en\/wp-json\/wp\/v2\/media\/4345"}],"wp:attachment":[{"href":"https:\/\/fractaljuegos.com\/en\/wp-json\/wp\/v2\/media?parent=524"}],"wp:term":[{"taxonomy":"product_brand","embeddable":true,"href":"https:\/\/fractaljuegos.com\/en\/wp-json\/wp\/v2\/product_brand?post=524"},{"taxonomy":"product_cat","embeddable":true,"href":"https:\/\/fractaljuegos.com\/en\/wp-json\/wp\/v2\/product_cat?post=524"},{"taxonomy":"product_tag","embeddable":true,"href":"https:\/\/fractaljuegos.com\/en\/wp-json\/wp\/v2\/product_tag?post=524"},{"taxonomy":"disponible-nodisponible","embeddable":true,"href":"https:\/\/fractaljuegos.com\/en\/wp-json\/wp\/v2\/disponible-nodisponible?post=524"},{"taxonomy":"cantidad_de_participantes","embeddable":true,"href":"https:\/\/fractaljuegos.com\/en\/wp-json\/wp\/v2\/cantidad_de_participantes?post=524"},{"taxonomy":"categorias-juegos","embeddable":true,"href":"https:\/\/fractaljuegos.com\/en\/wp-json\/wp\/v2\/categorias-juegos?post=524"},{"taxonomy":"disponibilidad","embeddable":true,"href":"https:\/\/fractaljuegos.com\/en\/wp-json\/wp\/v2\/disponibilidad?post=524"},{"taxonomy":"mecanica","embeddable":true,"href":"https:\/\/fractaljuegos.com\/en\/wp-json\/wp\/v2\/mecanica?post=524"},{"taxonomy":"tamano_del_juego","embeddable":true,"href":"https:\/\/fractaljuegos.com\/en\/wp-json\/wp\/v2\/tamano_del_juego?post=524"},{"taxonomy":"tipo_de_jugador","embeddable":true,"href":"https:\/\/fractaljuegos.com\/en\/wp-json\/wp\/v2\/tipo_de_jugador?post=524"}],"curies":[{"name":"wp","href":"https:\/\/api.w.org\/{rel}","templated":true}]}}