{"id":4834,"date":"2026-04-15T19:45:11","date_gmt":"2026-04-15T19:45:11","guid":{"rendered":"https:\/\/fractaljuegos.com\/?post_type=product&#038;p=4834"},"modified":"2026-04-16T16:20:51","modified_gmt":"2026-04-16T16:20:51","slug":"cosmo","status":"publish","type":"product","link":"https:\/\/fractaljuegos.com\/en\/juegos\/cosmo\/","title":{"rendered":"Cosmo"},"content":{"rendered":"<p>Arma tu mejor mano de poker reclutando estrat\u00e9gicamente la tripulaci\u00f3n perfecta para tu misi\u00f3n a Marte. Simplemente roba cartas de cualquiera de las 6 pilas. El giro: algunas de las cartas de cada participante ser\u00e1n visibles y otras ocultas.<\/p>\n<p>\u00bfPuedes asegurar que el resto no terminar\u00e1 con una mejor tripulaci\u00f3n que la tuya? Una vez que hayan recolectado 5 cartas es hora del espect\u00e1culo. La mano m\u00e1s poderosa\u2026. eh, la mejor tripulaci\u00f3n obtiene su pasaje a Marte.<\/p>","protected":false},"excerpt":{"rendered":"<ul>\n<li>36 Cartas (6 de cada letra de la A a la F)<\/li>\n<li>20 D\u00f3lares espaciales (azules)<\/li>\n<li>5 D\u00f3lares iniciales (amarillo, naranja, rojo, violeta y verde)<\/li>\n<li>5 Cartas de ayuda<\/li>\n<\/ul>","protected":false},"featured_media":4870,"comment_status":"open","ping_status":"closed","template":"","meta":{"_acf_changed":false},"product_brand":[],"product_cat":[30],"product_tag":[],"disponible-nodisponible":[],"cantidad_de_participantes":[64,65],"categorias-juegos":[42,43],"disponibilidad":[97],"mecanica":[56,62],"tamano_del_juego":[51],"tipo_de_jugador":[49],"class_list":{"0":"post-4834","1":"product","2":"type-product","3":"status-publish","4":"has-post-thumbnail","6":"product_cat-fillers","7":"cantidad_de_participantes-dos-participantes","8":"cantidad_de_participantes-grupos-grandes","9":"categorias-juegos-localizaciones","10":"categorias-juegos-proximos-lanzamientos","11":"disponibilidad-en-impresion","12":"mecanica-manejo-de-mano","13":"mecanica-push-your-luck","14":"tamano_del_juego-de-bolsillo","15":"tipo_de_jugador-todo-publico","17":"first","18":"instock","19":"shipping-taxable","20":"product-type-simple"},"acf":[],"_links":{"self":[{"href":"https:\/\/fractaljuegos.com\/en\/wp-json\/wp\/v2\/product\/4834","targetHints":{"allow":["GET"]}}],"collection":[{"href":"https:\/\/fractaljuegos.com\/en\/wp-json\/wp\/v2\/product"}],"about":[{"href":"https:\/\/fractaljuegos.com\/en\/wp-json\/wp\/v2\/types\/product"}],"replies":[{"embeddable":true,"href":"https:\/\/fractaljuegos.com\/en\/wp-json\/wp\/v2\/comments?post=4834"}],"version-history":[{"count":1,"href":"https:\/\/fractaljuegos.com\/en\/wp-json\/wp\/v2\/product\/4834\/revisions"}],"predecessor-version":[{"id":4837,"href":"https:\/\/fractaljuegos.com\/en\/wp-json\/wp\/v2\/product\/4834\/revisions\/4837"}],"wp:featuredmedia":[{"embeddable":true,"href":"https:\/\/fractaljuegos.com\/en\/wp-json\/wp\/v2\/media\/4870"}],"wp:attachment":[{"href":"https:\/\/fractaljuegos.com\/en\/wp-json\/wp\/v2\/media?parent=4834"}],"wp:term":[{"taxonomy":"product_brand","embeddable":true,"href":"https:\/\/fractaljuegos.com\/en\/wp-json\/wp\/v2\/product_brand?post=4834"},{"taxonomy":"product_cat","embeddable":true,"href":"https:\/\/fractaljuegos.com\/en\/wp-json\/wp\/v2\/product_cat?post=4834"},{"taxonomy":"product_tag","embeddable":true,"href":"https:\/\/fractaljuegos.com\/en\/wp-json\/wp\/v2\/product_tag?post=4834"},{"taxonomy":"disponible-nodisponible","embeddable":true,"href":"https:\/\/fractaljuegos.com\/en\/wp-json\/wp\/v2\/disponible-nodisponible?post=4834"},{"taxonomy":"cantidad_de_participantes","embeddable":true,"href":"https:\/\/fractaljuegos.com\/en\/wp-json\/wp\/v2\/cantidad_de_participantes?post=4834"},{"taxonomy":"categorias-juegos","embeddable":true,"href":"https:\/\/fractaljuegos.com\/en\/wp-json\/wp\/v2\/categorias-juegos?post=4834"},{"taxonomy":"disponibilidad","embeddable":true,"href":"https:\/\/fractaljuegos.com\/en\/wp-json\/wp\/v2\/disponibilidad?post=4834"},{"taxonomy":"mecanica","embeddable":true,"href":"https:\/\/fractaljuegos.com\/en\/wp-json\/wp\/v2\/mecanica?post=4834"},{"taxonomy":"tamano_del_juego","embeddable":true,"href":"https:\/\/fractaljuegos.com\/en\/wp-json\/wp\/v2\/tamano_del_juego?post=4834"},{"taxonomy":"tipo_de_jugador","embeddable":true,"href":"https:\/\/fractaljuegos.com\/en\/wp-json\/wp\/v2\/tipo_de_jugador?post=4834"}],"curies":[{"name":"wp","href":"https:\/\/api.w.org\/{rel}","templated":true}]}}