{"id":4827,"date":"2026-04-15T19:08:56","date_gmt":"2026-04-15T19:08:56","guid":{"rendered":"https:\/\/fractaljuegos.com\/?post_type=product&#038;p=4827"},"modified":"2026-04-16T19:12:29","modified_gmt":"2026-04-16T19:12:29","slug":"bandido-alcatraz","status":"publish","type":"product","link":"https:\/\/fractaljuegos.com\/en\/juegos\/bandido-alcatraz\/","title":{"rendered":"Bandido Alcatraz"},"content":{"rendered":"<p>\u00a1Una nueva entrega de la entretenida familia de Bandido y Bandida!<\/p>\n<p>Formen un equipo, re\u00fanan impermeables y cuerdas, y dejen solo un t\u00fanel abierto para que escape el Bandido de Alcatraz. Tengan cuidado con el agua que va a inundar los t\u00faneles.<\/p>\n<p>\u00bfSer\u00e1n capaces de que el Bandido logre escapar?<\/p>","protected":false},"excerpt":{"rendered":"<ul>\n<li>68 cartas (incluyendo 4 cartas con agua, 8 con cuerdas y 12 con impermeables)<\/li>\n<li>1 loseta inicia<\/li>\n<li>1 carta de salida (EXIT)<\/li>\n<\/ul>","protected":false},"featured_media":4871,"comment_status":"open","ping_status":"closed","template":"","meta":{"_acf_changed":false},"product_brand":[],"product_cat":[34,30],"product_tag":[],"disponible-nodisponible":[],"cantidad_de_participantes":[64,65],"categorias-juegos":[42,43],"disponibilidad":[97],"mecanica":[100,108],"tamano_del_juego":[],"tipo_de_jugador":[48,49],"class_list":{"0":"post-4827","1":"product","2":"type-product","3":"status-publish","4":"has-post-thumbnail","6":"product_cat-cooperativos","7":"product_cat-fillers","8":"cantidad_de_participantes-dos-participantes","9":"cantidad_de_participantes-grupos-grandes","10":"categorias-juegos-localizaciones","11":"categorias-juegos-proximos-lanzamientos","12":"disponibilidad-en-impresion","13":"mecanica-construccion-de-patrones","14":"mecanica-party-game","15":"tipo_de_jugador-nino-a","16":"tipo_de_jugador-todo-publico","18":"first","19":"instock","20":"shipping-taxable","21":"product-type-simple"},"acf":[],"_links":{"self":[{"href":"https:\/\/fractaljuegos.com\/en\/wp-json\/wp\/v2\/product\/4827","targetHints":{"allow":["GET"]}}],"collection":[{"href":"https:\/\/fractaljuegos.com\/en\/wp-json\/wp\/v2\/product"}],"about":[{"href":"https:\/\/fractaljuegos.com\/en\/wp-json\/wp\/v2\/types\/product"}],"replies":[{"embeddable":true,"href":"https:\/\/fractaljuegos.com\/en\/wp-json\/wp\/v2\/comments?post=4827"}],"version-history":[{"count":3,"href":"https:\/\/fractaljuegos.com\/en\/wp-json\/wp\/v2\/product\/4827\/revisions"}],"predecessor-version":[{"id":4833,"href":"https:\/\/fractaljuegos.com\/en\/wp-json\/wp\/v2\/product\/4827\/revisions\/4833"}],"wp:featuredmedia":[{"embeddable":true,"href":"https:\/\/fractaljuegos.com\/en\/wp-json\/wp\/v2\/media\/4871"}],"wp:attachment":[{"href":"https:\/\/fractaljuegos.com\/en\/wp-json\/wp\/v2\/media?parent=4827"}],"wp:term":[{"taxonomy":"product_brand","embeddable":true,"href":"https:\/\/fractaljuegos.com\/en\/wp-json\/wp\/v2\/product_brand?post=4827"},{"taxonomy":"product_cat","embeddable":true,"href":"https:\/\/fractaljuegos.com\/en\/wp-json\/wp\/v2\/product_cat?post=4827"},{"taxonomy":"product_tag","embeddable":true,"href":"https:\/\/fractaljuegos.com\/en\/wp-json\/wp\/v2\/product_tag?post=4827"},{"taxonomy":"disponible-nodisponible","embeddable":true,"href":"https:\/\/fractaljuegos.com\/en\/wp-json\/wp\/v2\/disponible-nodisponible?post=4827"},{"taxonomy":"cantidad_de_participantes","embeddable":true,"href":"https:\/\/fractaljuegos.com\/en\/wp-json\/wp\/v2\/cantidad_de_participantes?post=4827"},{"taxonomy":"categorias-juegos","embeddable":true,"href":"https:\/\/fractaljuegos.com\/en\/wp-json\/wp\/v2\/categorias-juegos?post=4827"},{"taxonomy":"disponibilidad","embeddable":true,"href":"https:\/\/fractaljuegos.com\/en\/wp-json\/wp\/v2\/disponibilidad?post=4827"},{"taxonomy":"mecanica","embeddable":true,"href":"https:\/\/fractaljuegos.com\/en\/wp-json\/wp\/v2\/mecanica?post=4827"},{"taxonomy":"tamano_del_juego","embeddable":true,"href":"https:\/\/fractaljuegos.com\/en\/wp-json\/wp\/v2\/tamano_del_juego?post=4827"},{"taxonomy":"tipo_de_jugador","embeddable":true,"href":"https:\/\/fractaljuegos.com\/en\/wp-json\/wp\/v2\/tipo_de_jugador?post=4827"}],"curies":[{"name":"wp","href":"https:\/\/api.w.org\/{rel}","templated":true}]}}