{"id":4775,"date":"2026-04-13T21:05:28","date_gmt":"2026-04-13T21:05:28","guid":{"rendered":"https:\/\/fractaljuegos.com\/?post_type=product&#038;p=4775"},"modified":"2026-04-13T21:10:53","modified_gmt":"2026-04-13T21:10:53","slug":"hazme-un-planeta","status":"publish","type":"product","link":"https:\/\/fractaljuegos.com\/en\/juegos\/hazme-un-planeta\/","title":{"rendered":"Hazme un planeta"},"content":{"rendered":"<p>En Make Me a Planet, cada persona debe crear un peque\u00f1o planeta, igual que los que visit\u00f3 el Principito en su viaje. Loseta a loseta, dar\u00e1s forma a tu propio mundo, eligiendo paisajes, estrellas, animales, volcanes\u2026 y, por supuesto, a los personajes que le dar\u00e1n sentido a todo.<\/p>\n<p>A lo largo de 16 rondas, elegir\u00e1s y colocar\u00e1s losetas para construir un planeta de tama\u00f1o 4\u00d74. Al final de la partida, tus personajes elegidos puntuar\u00e1n el planeta que has creado, cada uno a su manera particular.<br \/>\nPero cuidado: los baobabs pueden crecer si no pones atenci\u00f3n, y los volcanes\u2026 bueno, hay que vigilarlos de cerca.<\/p>\n<p>La persona que construya el planeta m\u00e1s significativo y armonioso (y consiga mas puntos) ganar\u00e1 la partida y, quiz\u00e1s, tambi\u00e9n la admiraci\u00f3n del Principito.<\/p>","protected":false},"excerpt":{"rendered":"<ul>\n<li>20 Losetas de Personaje<\/li>\n<li>60 Losetas de Planeta (3 tipos)<\/li>\n<li>1 Pizarra<\/li>\n<li>1 Marcado<\/li>\n<\/ul>","protected":false},"featured_media":4776,"comment_status":"open","ping_status":"closed","template":"","meta":{"_acf_changed":false},"product_brand":[],"product_cat":[32,30],"product_tag":[],"disponible-nodisponible":[],"cantidad_de_participantes":[65],"categorias-juegos":[44,42,43],"disponibilidad":[97],"mecanica":[104,55,57],"tamano_del_juego":[52],"tipo_de_jugador":[49],"class_list":{"0":"post-4775","1":"product","2":"type-product","3":"status-publish","4":"has-post-thumbnail","6":"product_cat-estrategicos","7":"product_cat-fillers","8":"cantidad_de_participantes-grupos-grandes","9":"categorias-juegos-licencias","10":"categorias-juegos-localizaciones","11":"categorias-juegos-proximos-lanzamientos","12":"disponibilidad-en-impresion","13":"mecanica-coleccion-de-sets","14":"mecanica-colocacion-de-losetas","15":"mecanica-drafting","16":"tamano_del_juego-de-cartera","17":"tipo_de_jugador-todo-publico","19":"first","20":"instock","21":"shipping-taxable","22":"product-type-simple"},"acf":[],"_links":{"self":[{"href":"https:\/\/fractaljuegos.com\/en\/wp-json\/wp\/v2\/product\/4775","targetHints":{"allow":["GET"]}}],"collection":[{"href":"https:\/\/fractaljuegos.com\/en\/wp-json\/wp\/v2\/product"}],"about":[{"href":"https:\/\/fractaljuegos.com\/en\/wp-json\/wp\/v2\/types\/product"}],"replies":[{"embeddable":true,"href":"https:\/\/fractaljuegos.com\/en\/wp-json\/wp\/v2\/comments?post=4775"}],"version-history":[{"count":2,"href":"https:\/\/fractaljuegos.com\/en\/wp-json\/wp\/v2\/product\/4775\/revisions"}],"predecessor-version":[{"id":4780,"href":"https:\/\/fractaljuegos.com\/en\/wp-json\/wp\/v2\/product\/4775\/revisions\/4780"}],"wp:featuredmedia":[{"embeddable":true,"href":"https:\/\/fractaljuegos.com\/en\/wp-json\/wp\/v2\/media\/4776"}],"wp:attachment":[{"href":"https:\/\/fractaljuegos.com\/en\/wp-json\/wp\/v2\/media?parent=4775"}],"wp:term":[{"taxonomy":"product_brand","embeddable":true,"href":"https:\/\/fractaljuegos.com\/en\/wp-json\/wp\/v2\/product_brand?post=4775"},{"taxonomy":"product_cat","embeddable":true,"href":"https:\/\/fractaljuegos.com\/en\/wp-json\/wp\/v2\/product_cat?post=4775"},{"taxonomy":"product_tag","embeddable":true,"href":"https:\/\/fractaljuegos.com\/en\/wp-json\/wp\/v2\/product_tag?post=4775"},{"taxonomy":"disponible-nodisponible","embeddable":true,"href":"https:\/\/fractaljuegos.com\/en\/wp-json\/wp\/v2\/disponible-nodisponible?post=4775"},{"taxonomy":"cantidad_de_participantes","embeddable":true,"href":"https:\/\/fractaljuegos.com\/en\/wp-json\/wp\/v2\/cantidad_de_participantes?post=4775"},{"taxonomy":"categorias-juegos","embeddable":true,"href":"https:\/\/fractaljuegos.com\/en\/wp-json\/wp\/v2\/categorias-juegos?post=4775"},{"taxonomy":"disponibilidad","embeddable":true,"href":"https:\/\/fractaljuegos.com\/en\/wp-json\/wp\/v2\/disponibilidad?post=4775"},{"taxonomy":"mecanica","embeddable":true,"href":"https:\/\/fractaljuegos.com\/en\/wp-json\/wp\/v2\/mecanica?post=4775"},{"taxonomy":"tamano_del_juego","embeddable":true,"href":"https:\/\/fractaljuegos.com\/en\/wp-json\/wp\/v2\/tamano_del_juego?post=4775"},{"taxonomy":"tipo_de_jugador","embeddable":true,"href":"https:\/\/fractaljuegos.com\/en\/wp-json\/wp\/v2\/tipo_de_jugador?post=4775"}],"curies":[{"name":"wp","href":"https:\/\/api.w.org\/{rel}","templated":true}]}}