{"id":4411,"date":"2026-03-03T16:25:34","date_gmt":"2026-03-03T16:25:34","guid":{"rendered":"https:\/\/fractaljuegos.com\/?post_type=product&#038;p=4411"},"modified":"2026-03-03T16:25:35","modified_gmt":"2026-03-03T16:25:35","slug":"oraculo-loco","status":"publish","type":"product","link":"https:\/\/fractaljuegos.com\/en\/juegos\/oraculo-loco\/","title":{"rendered":"Or\u00e1culo Loco"},"content":{"rendered":"<p>\u00a1El juego de dibujos para quienes no saben dibujar!<\/p>\n<p>Los mensajes del or\u00e1culo son confusos y enigm\u00e1ticos, pero con un poco de imaginaci\u00f3n, las im\u00e1genes pueden interpretarse. \u00bfVerdad?<\/p>\n<p>\u00bfPodr\u00e1s dibujar los conceptos s\u00f3lo dibujando sobre las l\u00edneas punteadas? El tiempo est\u00e1 corriendo. \u00bfSer\u00e1s capaz de encontrar todos los conceptos del resto en este caos de garabatos?<\/p>\n<p>NOMINADO AL JUEGO DEL A\u00d1O 2025<\/p>","protected":false},"excerpt":{"rendered":"<ul>\n<li>8 Pizarras<\/li>\n<li>8 Plumones<\/li>\n<li>240 Cartas de Or\u00e1culo<\/li>\n<\/ul>","protected":false},"featured_media":4412,"comment_status":"open","ping_status":"closed","template":"","meta":{"_acf_changed":false},"product_brand":[],"product_cat":[15],"product_tag":[],"disponible-nodisponible":[],"cantidad_de_participantes":[64,65],"categorias-juegos":[],"disponibilidad":[97],"mecanica":[],"tamano_del_juego":[],"tipo_de_jugador":[],"class_list":{"0":"post-4411","1":"product","2":"type-product","3":"status-publish","4":"has-post-thumbnail","6":"product_cat-sin-categorizar","7":"cantidad_de_participantes-dos-participantes","8":"cantidad_de_participantes-grupos-grandes","9":"disponibilidad-en-impresion","11":"first","12":"instock","13":"shipping-taxable","14":"product-type-simple"},"acf":[],"_links":{"self":[{"href":"https:\/\/fractaljuegos.com\/en\/wp-json\/wp\/v2\/product\/4411","targetHints":{"allow":["GET"]}}],"collection":[{"href":"https:\/\/fractaljuegos.com\/en\/wp-json\/wp\/v2\/product"}],"about":[{"href":"https:\/\/fractaljuegos.com\/en\/wp-json\/wp\/v2\/types\/product"}],"replies":[{"embeddable":true,"href":"https:\/\/fractaljuegos.com\/en\/wp-json\/wp\/v2\/comments?post=4411"}],"version-history":[{"count":1,"href":"https:\/\/fractaljuegos.com\/en\/wp-json\/wp\/v2\/product\/4411\/revisions"}],"predecessor-version":[{"id":4413,"href":"https:\/\/fractaljuegos.com\/en\/wp-json\/wp\/v2\/product\/4411\/revisions\/4413"}],"wp:featuredmedia":[{"embeddable":true,"href":"https:\/\/fractaljuegos.com\/en\/wp-json\/wp\/v2\/media\/4412"}],"wp:attachment":[{"href":"https:\/\/fractaljuegos.com\/en\/wp-json\/wp\/v2\/media?parent=4411"}],"wp:term":[{"taxonomy":"product_brand","embeddable":true,"href":"https:\/\/fractaljuegos.com\/en\/wp-json\/wp\/v2\/product_brand?post=4411"},{"taxonomy":"product_cat","embeddable":true,"href":"https:\/\/fractaljuegos.com\/en\/wp-json\/wp\/v2\/product_cat?post=4411"},{"taxonomy":"product_tag","embeddable":true,"href":"https:\/\/fractaljuegos.com\/en\/wp-json\/wp\/v2\/product_tag?post=4411"},{"taxonomy":"disponible-nodisponible","embeddable":true,"href":"https:\/\/fractaljuegos.com\/en\/wp-json\/wp\/v2\/disponible-nodisponible?post=4411"},{"taxonomy":"cantidad_de_participantes","embeddable":true,"href":"https:\/\/fractaljuegos.com\/en\/wp-json\/wp\/v2\/cantidad_de_participantes?post=4411"},{"taxonomy":"categorias-juegos","embeddable":true,"href":"https:\/\/fractaljuegos.com\/en\/wp-json\/wp\/v2\/categorias-juegos?post=4411"},{"taxonomy":"disponibilidad","embeddable":true,"href":"https:\/\/fractaljuegos.com\/en\/wp-json\/wp\/v2\/disponibilidad?post=4411"},{"taxonomy":"mecanica","embeddable":true,"href":"https:\/\/fractaljuegos.com\/en\/wp-json\/wp\/v2\/mecanica?post=4411"},{"taxonomy":"tamano_del_juego","embeddable":true,"href":"https:\/\/fractaljuegos.com\/en\/wp-json\/wp\/v2\/tamano_del_juego?post=4411"},{"taxonomy":"tipo_de_jugador","embeddable":true,"href":"https:\/\/fractaljuegos.com\/en\/wp-json\/wp\/v2\/tipo_de_jugador?post=4411"}],"curies":[{"name":"wp","href":"https:\/\/api.w.org\/{rel}","templated":true}]}}