{"id":4403,"date":"2026-03-03T16:19:25","date_gmt":"2026-03-03T16:19:25","guid":{"rendered":"https:\/\/fractaljuegos.com\/?post_type=product&#038;p=4403"},"modified":"2026-03-03T16:19:25","modified_gmt":"2026-03-03T16:19:25","slug":"dino-museum","status":"publish","type":"product","link":"https:\/\/fractaljuegos.com\/en\/juegos\/dino-museum\/","title":{"rendered":"Dino Museum"},"content":{"rendered":"<p>Los museos de dinosaurios compiten por las mejores piezas para exponer la colecci\u00f3n m\u00e1s destacada.<br \/>\nEn Dino Museum debes liderar tu museo paleontol\u00f3gico. Durante 5 rondas intentas ser la persona m\u00e1s r\u00e1pida en realizar excavaciones de f\u00f3siles e investigaciones para atraer la mayor cantidad de visitantes.<\/p>","protected":false},"excerpt":{"rendered":"<ul>\n<li>4 tableros de museo<\/li>\n<li>4 tableros de investigaciones<\/li>\n<li>4 bolsas de excavaci\u00f3n<\/li>\n<li>1 bolsa de f\u00f3siles<\/li>\n<li>40 huesos de madera<\/li>\n<li>32 dinosaurios<\/li>\n<li>6 cartas de ronda<\/li>\n<li>2 cartas de ronda final<\/li>\n<li>14 losetas de investigaci\u00f3n<\/li>\n<li>32 cartas de visitante<\/li>\n<li>16 fichas de f\u00f3siles<\/li>\n<li>4 cartas de ayuda<\/li>\n<li>1 ficha de participante inicial<\/li>\n<li>1 reglamento<\/li>\n<\/ul>","protected":false},"featured_media":4404,"comment_status":"open","ping_status":"closed","template":"","meta":{"_acf_changed":false},"product_brand":[],"product_cat":[15],"product_tag":[],"disponible-nodisponible":[],"cantidad_de_participantes":[64,65],"categorias-juegos":[],"disponibilidad":[],"mecanica":[],"tamano_del_juego":[],"tipo_de_jugador":[],"class_list":{"0":"post-4403","1":"product","2":"type-product","3":"status-publish","4":"has-post-thumbnail","6":"product_cat-sin-categorizar","7":"cantidad_de_participantes-dos-participantes","8":"cantidad_de_participantes-grupos-grandes","10":"first","11":"instock","12":"shipping-taxable","13":"product-type-simple"},"acf":[],"_links":{"self":[{"href":"https:\/\/fractaljuegos.com\/en\/wp-json\/wp\/v2\/product\/4403","targetHints":{"allow":["GET"]}}],"collection":[{"href":"https:\/\/fractaljuegos.com\/en\/wp-json\/wp\/v2\/product"}],"about":[{"href":"https:\/\/fractaljuegos.com\/en\/wp-json\/wp\/v2\/types\/product"}],"replies":[{"embeddable":true,"href":"https:\/\/fractaljuegos.com\/en\/wp-json\/wp\/v2\/comments?post=4403"}],"version-history":[{"count":1,"href":"https:\/\/fractaljuegos.com\/en\/wp-json\/wp\/v2\/product\/4403\/revisions"}],"predecessor-version":[{"id":4406,"href":"https:\/\/fractaljuegos.com\/en\/wp-json\/wp\/v2\/product\/4403\/revisions\/4406"}],"wp:featuredmedia":[{"embeddable":true,"href":"https:\/\/fractaljuegos.com\/en\/wp-json\/wp\/v2\/media\/4404"}],"wp:attachment":[{"href":"https:\/\/fractaljuegos.com\/en\/wp-json\/wp\/v2\/media?parent=4403"}],"wp:term":[{"taxonomy":"product_brand","embeddable":true,"href":"https:\/\/fractaljuegos.com\/en\/wp-json\/wp\/v2\/product_brand?post=4403"},{"taxonomy":"product_cat","embeddable":true,"href":"https:\/\/fractaljuegos.com\/en\/wp-json\/wp\/v2\/product_cat?post=4403"},{"taxonomy":"product_tag","embeddable":true,"href":"https:\/\/fractaljuegos.com\/en\/wp-json\/wp\/v2\/product_tag?post=4403"},{"taxonomy":"disponible-nodisponible","embeddable":true,"href":"https:\/\/fractaljuegos.com\/en\/wp-json\/wp\/v2\/disponible-nodisponible?post=4403"},{"taxonomy":"cantidad_de_participantes","embeddable":true,"href":"https:\/\/fractaljuegos.com\/en\/wp-json\/wp\/v2\/cantidad_de_participantes?post=4403"},{"taxonomy":"categorias-juegos","embeddable":true,"href":"https:\/\/fractaljuegos.com\/en\/wp-json\/wp\/v2\/categorias-juegos?post=4403"},{"taxonomy":"disponibilidad","embeddable":true,"href":"https:\/\/fractaljuegos.com\/en\/wp-json\/wp\/v2\/disponibilidad?post=4403"},{"taxonomy":"mecanica","embeddable":true,"href":"https:\/\/fractaljuegos.com\/en\/wp-json\/wp\/v2\/mecanica?post=4403"},{"taxonomy":"tamano_del_juego","embeddable":true,"href":"https:\/\/fractaljuegos.com\/en\/wp-json\/wp\/v2\/tamano_del_juego?post=4403"},{"taxonomy":"tipo_de_jugador","embeddable":true,"href":"https:\/\/fractaljuegos.com\/en\/wp-json\/wp\/v2\/tipo_de_jugador?post=4403"}],"curies":[{"name":"wp","href":"https:\/\/api.w.org\/{rel}","templated":true}]}}