{"id":2889,"date":"2025-12-01T04:40:18","date_gmt":"2025-12-01T04:40:18","guid":{"rendered":"https:\/\/fractaljuegos.com\/?post_type=product&#038;p=2889"},"modified":"2025-12-01T15:56:39","modified_gmt":"2025-12-01T15:56:39","slug":"where-is-that-sudamerica","status":"publish","type":"product","link":"https:\/\/fractaljuegos.com\/en\/juegos\/where-is-that-sudamerica\/","title":{"rendered":"Where is that?: Sudam\u00e9rica"},"content":{"rendered":"<p>\u00a1Desaf\u00eda tu conocimiento geogr\u00e1fico de forma divertida!<br \/>\nEn Where is That?, coloca las ciudades en su lugar exacto sobre el mapa, bas\u00e1ndote s\u00f3lo en las cartas que est\u00e1n sobre la mesa.<\/p>\n<p>\u00a1Incluye 2 modos de juego!<br \/>\n&#8211; Sacudida Continental<br \/>\n&#8211; El Rinc\u00f3n del Cart\u00f3grafo<\/p>","protected":false},"excerpt":{"rendered":"<ul>\n<li>90 cartas<\/li>\n<li>32 fichas<\/li>\n<li>2 reglamentos<\/li>\n<\/ul>","protected":false},"featured_media":3039,"comment_status":"open","ping_status":"closed","template":"","meta":{"_acf_changed":false},"product_brand":[],"product_cat":[15],"product_tag":[],"disponible-nodisponible":[],"cantidad_de_participantes":[64],"categorias-juegos":[41,43],"disponibilidad":[38],"mecanica":[57,112],"tamano_del_juego":[51],"tipo_de_jugador":[49],"class_list":{"0":"post-2889","1":"product","2":"type-product","3":"status-publish","4":"has-post-thumbnail","6":"product_cat-sin-categorizar","7":"cantidad_de_participantes-dos-participantes","8":"categorias-juegos-originales","9":"categorias-juegos-proximos-lanzamientos","10":"disponibilidad-disponible","11":"mecanica-drafting","12":"mecanica-trivia","13":"tamano_del_juego-de-bolsillo","14":"tipo_de_jugador-todo-publico","16":"first","17":"instock","18":"shipping-taxable","19":"purchasable","20":"product-type-simple"},"acf":[],"_links":{"self":[{"href":"https:\/\/fractaljuegos.com\/en\/wp-json\/wp\/v2\/product\/2889","targetHints":{"allow":["GET"]}}],"collection":[{"href":"https:\/\/fractaljuegos.com\/en\/wp-json\/wp\/v2\/product"}],"about":[{"href":"https:\/\/fractaljuegos.com\/en\/wp-json\/wp\/v2\/types\/product"}],"replies":[{"embeddable":true,"href":"https:\/\/fractaljuegos.com\/en\/wp-json\/wp\/v2\/comments?post=2889"}],"version-history":[{"count":3,"href":"https:\/\/fractaljuegos.com\/en\/wp-json\/wp\/v2\/product\/2889\/revisions"}],"predecessor-version":[{"id":3040,"href":"https:\/\/fractaljuegos.com\/en\/wp-json\/wp\/v2\/product\/2889\/revisions\/3040"}],"wp:featuredmedia":[{"embeddable":true,"href":"https:\/\/fractaljuegos.com\/en\/wp-json\/wp\/v2\/media\/3039"}],"wp:attachment":[{"href":"https:\/\/fractaljuegos.com\/en\/wp-json\/wp\/v2\/media?parent=2889"}],"wp:term":[{"taxonomy":"product_brand","embeddable":true,"href":"https:\/\/fractaljuegos.com\/en\/wp-json\/wp\/v2\/product_brand?post=2889"},{"taxonomy":"product_cat","embeddable":true,"href":"https:\/\/fractaljuegos.com\/en\/wp-json\/wp\/v2\/product_cat?post=2889"},{"taxonomy":"product_tag","embeddable":true,"href":"https:\/\/fractaljuegos.com\/en\/wp-json\/wp\/v2\/product_tag?post=2889"},{"taxonomy":"disponible-nodisponible","embeddable":true,"href":"https:\/\/fractaljuegos.com\/en\/wp-json\/wp\/v2\/disponible-nodisponible?post=2889"},{"taxonomy":"cantidad_de_participantes","embeddable":true,"href":"https:\/\/fractaljuegos.com\/en\/wp-json\/wp\/v2\/cantidad_de_participantes?post=2889"},{"taxonomy":"categorias-juegos","embeddable":true,"href":"https:\/\/fractaljuegos.com\/en\/wp-json\/wp\/v2\/categorias-juegos?post=2889"},{"taxonomy":"disponibilidad","embeddable":true,"href":"https:\/\/fractaljuegos.com\/en\/wp-json\/wp\/v2\/disponibilidad?post=2889"},{"taxonomy":"mecanica","embeddable":true,"href":"https:\/\/fractaljuegos.com\/en\/wp-json\/wp\/v2\/mecanica?post=2889"},{"taxonomy":"tamano_del_juego","embeddable":true,"href":"https:\/\/fractaljuegos.com\/en\/wp-json\/wp\/v2\/tamano_del_juego?post=2889"},{"taxonomy":"tipo_de_jugador","embeddable":true,"href":"https:\/\/fractaljuegos.com\/en\/wp-json\/wp\/v2\/tipo_de_jugador?post=2889"}],"curies":[{"name":"wp","href":"https:\/\/api.w.org\/{rel}","templated":true}]}}