{"id":2887,"date":"2025-12-01T04:39:27","date_gmt":"2025-12-01T04:39:27","guid":{"rendered":"https:\/\/fractaljuegos.com\/?post_type=product&#038;p=2887"},"modified":"2025-12-01T15:59:12","modified_gmt":"2025-12-01T15:59:12","slug":"where-is-that-europa","status":"publish","type":"product","link":"https:\/\/fractaljuegos.com\/en\/juegos\/where-is-that-europa\/","title":{"rendered":"Where is that?: Europa"},"content":{"rendered":"<p>\u00a1Desaf\u00eda tu conocimiento geogr\u00e1fico de forma divertida!<br \/>\nEn Where is That?, coloca las ciudades en su lugar exacto sobre el mapa, bas\u00e1ndote s\u00f3lo en las cartas que est\u00e1n sobre la mesa.<\/p>\n<p>\u00a1Incluye 2 modos de juego!<br \/>\n&#8211; Sacudida Continental<br \/>\n&#8211; El Rinc\u00f3n del Cart\u00f3grafo<\/p>","protected":false},"excerpt":{"rendered":"<ul>\n<li>90 cartas<\/li>\n<li>32 fichas<\/li>\n<li>2 reglamentos<\/li>\n<\/ul>","protected":false},"featured_media":3042,"comment_status":"open","ping_status":"closed","template":"","meta":{"_acf_changed":false},"product_brand":[],"product_cat":[15],"product_tag":[],"disponible-nodisponible":[],"cantidad_de_participantes":[64],"categorias-juegos":[41,43],"disponibilidad":[38],"mecanica":[57,112],"tamano_del_juego":[51],"tipo_de_jugador":[49],"class_list":{"0":"post-2887","1":"product","2":"type-product","3":"status-publish","4":"has-post-thumbnail","6":"product_cat-sin-categorizar","7":"cantidad_de_participantes-dos-participantes","8":"categorias-juegos-originales","9":"categorias-juegos-proximos-lanzamientos","10":"disponibilidad-disponible","11":"mecanica-drafting","12":"mecanica-trivia","13":"tamano_del_juego-de-bolsillo","14":"tipo_de_jugador-todo-publico","16":"first","17":"instock","18":"shipping-taxable","19":"purchasable","20":"product-type-simple"},"acf":[],"_links":{"self":[{"href":"https:\/\/fractaljuegos.com\/en\/wp-json\/wp\/v2\/product\/2887","targetHints":{"allow":["GET"]}}],"collection":[{"href":"https:\/\/fractaljuegos.com\/en\/wp-json\/wp\/v2\/product"}],"about":[{"href":"https:\/\/fractaljuegos.com\/en\/wp-json\/wp\/v2\/types\/product"}],"replies":[{"embeddable":true,"href":"https:\/\/fractaljuegos.com\/en\/wp-json\/wp\/v2\/comments?post=2887"}],"version-history":[{"count":4,"href":"https:\/\/fractaljuegos.com\/en\/wp-json\/wp\/v2\/product\/2887\/revisions"}],"predecessor-version":[{"id":3045,"href":"https:\/\/fractaljuegos.com\/en\/wp-json\/wp\/v2\/product\/2887\/revisions\/3045"}],"wp:featuredmedia":[{"embeddable":true,"href":"https:\/\/fractaljuegos.com\/en\/wp-json\/wp\/v2\/media\/3042"}],"wp:attachment":[{"href":"https:\/\/fractaljuegos.com\/en\/wp-json\/wp\/v2\/media?parent=2887"}],"wp:term":[{"taxonomy":"product_brand","embeddable":true,"href":"https:\/\/fractaljuegos.com\/en\/wp-json\/wp\/v2\/product_brand?post=2887"},{"taxonomy":"product_cat","embeddable":true,"href":"https:\/\/fractaljuegos.com\/en\/wp-json\/wp\/v2\/product_cat?post=2887"},{"taxonomy":"product_tag","embeddable":true,"href":"https:\/\/fractaljuegos.com\/en\/wp-json\/wp\/v2\/product_tag?post=2887"},{"taxonomy":"disponible-nodisponible","embeddable":true,"href":"https:\/\/fractaljuegos.com\/en\/wp-json\/wp\/v2\/disponible-nodisponible?post=2887"},{"taxonomy":"cantidad_de_participantes","embeddable":true,"href":"https:\/\/fractaljuegos.com\/en\/wp-json\/wp\/v2\/cantidad_de_participantes?post=2887"},{"taxonomy":"categorias-juegos","embeddable":true,"href":"https:\/\/fractaljuegos.com\/en\/wp-json\/wp\/v2\/categorias-juegos?post=2887"},{"taxonomy":"disponibilidad","embeddable":true,"href":"https:\/\/fractaljuegos.com\/en\/wp-json\/wp\/v2\/disponibilidad?post=2887"},{"taxonomy":"mecanica","embeddable":true,"href":"https:\/\/fractaljuegos.com\/en\/wp-json\/wp\/v2\/mecanica?post=2887"},{"taxonomy":"tamano_del_juego","embeddable":true,"href":"https:\/\/fractaljuegos.com\/en\/wp-json\/wp\/v2\/tamano_del_juego?post=2887"},{"taxonomy":"tipo_de_jugador","embeddable":true,"href":"https:\/\/fractaljuegos.com\/en\/wp-json\/wp\/v2\/tipo_de_jugador?post=2887"}],"curies":[{"name":"wp","href":"https:\/\/api.w.org\/{rel}","templated":true}]}}