{"id":2885,"date":"2025-12-01T04:38:29","date_gmt":"2025-12-01T04:38:29","guid":{"rendered":"https:\/\/fractaljuegos.com\/?post_type=product&#038;p=2885"},"modified":"2025-12-01T16:03:31","modified_gmt":"2025-12-01T16:03:31","slug":"villagers","status":"publish","type":"product","link":"https:\/\/fractaljuegos.com\/en\/juegos\/villagers\/","title":{"rendered":"Villagers"},"content":{"rendered":"<p>En Villagers tendr\u00e1s que fundar de una nueva aldea de la Edad Media en los a\u00f1os posteriores a la Peste Negra. La p\u00e9rdida de tantas personas ha creado grandes problemas para quienes sobrevivieron. No hay materiales para la artesan\u00eda, la clientela del comercio ha bajado contundentemente y se han perdido granjas y talleres al escapar de la peste. Si logras encontrar personas que puedan trabajar juntas para obtener ganancias, al tiempo de aumentar las reservas de alimentos y la capacidad de construir nuevas casas, tu aldea ser\u00e1 la m\u00e1s pr\u00f3spera.<\/p>\n<p>Villagers es un juego altamente estrat\u00e9gico, competitivo y divertido en el que disfrutar\u00e1s cada turno construyendo tu villa.<\/p>","protected":false},"excerpt":{"rendered":"<ul>\n<li>1 Reglamento<\/li>\n<li>95 tokens<\/li>\n<li>177 Cartas<\/li>\n<\/ul>","protected":false},"featured_media":3046,"comment_status":"open","ping_status":"closed","template":"","meta":{"_acf_changed":false},"product_brand":[],"product_cat":[15],"product_tag":[],"disponible-nodisponible":[],"cantidad_de_participantes":[64,63],"categorias-juegos":[46,42],"disponibilidad":[39],"mecanica":[104,57],"tamano_del_juego":[53],"tipo_de_jugador":[49],"class_list":{"0":"post-2885","1":"product","2":"type-product","3":"status-publish","4":"has-post-thumbnail","6":"product_cat-sin-categorizar","7":"cantidad_de_participantes-dos-participantes","8":"cantidad_de_participantes-solitario","9":"categorias-juegos-archivo","10":"categorias-juegos-localizaciones","11":"disponibilidad-no-disponible","12":"mecanica-coleccion-de-sets","13":"mecanica-drafting","14":"tamano_del_juego-de-morral","15":"tipo_de_jugador-todo-publico","17":"first","18":"instock","19":"shipping-taxable","20":"purchasable","21":"product-type-simple"},"acf":[],"_links":{"self":[{"href":"https:\/\/fractaljuegos.com\/en\/wp-json\/wp\/v2\/product\/2885","targetHints":{"allow":["GET"]}}],"collection":[{"href":"https:\/\/fractaljuegos.com\/en\/wp-json\/wp\/v2\/product"}],"about":[{"href":"https:\/\/fractaljuegos.com\/en\/wp-json\/wp\/v2\/types\/product"}],"replies":[{"embeddable":true,"href":"https:\/\/fractaljuegos.com\/en\/wp-json\/wp\/v2\/comments?post=2885"}],"version-history":[{"count":4,"href":"https:\/\/fractaljuegos.com\/en\/wp-json\/wp\/v2\/product\/2885\/revisions"}],"predecessor-version":[{"id":3052,"href":"https:\/\/fractaljuegos.com\/en\/wp-json\/wp\/v2\/product\/2885\/revisions\/3052"}],"wp:featuredmedia":[{"embeddable":true,"href":"https:\/\/fractaljuegos.com\/en\/wp-json\/wp\/v2\/media\/3046"}],"wp:attachment":[{"href":"https:\/\/fractaljuegos.com\/en\/wp-json\/wp\/v2\/media?parent=2885"}],"wp:term":[{"taxonomy":"product_brand","embeddable":true,"href":"https:\/\/fractaljuegos.com\/en\/wp-json\/wp\/v2\/product_brand?post=2885"},{"taxonomy":"product_cat","embeddable":true,"href":"https:\/\/fractaljuegos.com\/en\/wp-json\/wp\/v2\/product_cat?post=2885"},{"taxonomy":"product_tag","embeddable":true,"href":"https:\/\/fractaljuegos.com\/en\/wp-json\/wp\/v2\/product_tag?post=2885"},{"taxonomy":"disponible-nodisponible","embeddable":true,"href":"https:\/\/fractaljuegos.com\/en\/wp-json\/wp\/v2\/disponible-nodisponible?post=2885"},{"taxonomy":"cantidad_de_participantes","embeddable":true,"href":"https:\/\/fractaljuegos.com\/en\/wp-json\/wp\/v2\/cantidad_de_participantes?post=2885"},{"taxonomy":"categorias-juegos","embeddable":true,"href":"https:\/\/fractaljuegos.com\/en\/wp-json\/wp\/v2\/categorias-juegos?post=2885"},{"taxonomy":"disponibilidad","embeddable":true,"href":"https:\/\/fractaljuegos.com\/en\/wp-json\/wp\/v2\/disponibilidad?post=2885"},{"taxonomy":"mecanica","embeddable":true,"href":"https:\/\/fractaljuegos.com\/en\/wp-json\/wp\/v2\/mecanica?post=2885"},{"taxonomy":"tamano_del_juego","embeddable":true,"href":"https:\/\/fractaljuegos.com\/en\/wp-json\/wp\/v2\/tamano_del_juego?post=2885"},{"taxonomy":"tipo_de_jugador","embeddable":true,"href":"https:\/\/fractaljuegos.com\/en\/wp-json\/wp\/v2\/tipo_de_jugador?post=2885"}],"curies":[{"name":"wp","href":"https:\/\/api.w.org\/{rel}","templated":true}]}}