{"id":2882,"date":"2025-12-01T04:36:48","date_gmt":"2025-12-01T04:36:48","guid":{"rendered":"https:\/\/fractaljuegos.com\/?post_type=product&#038;p=2882"},"modified":"2026-03-03T16:04:13","modified_gmt":"2026-03-03T16:04:13","slug":"tras-los-pasos-de-darwin","status":"publish","type":"product","link":"https:\/\/fractaljuegos.com\/en\/juegos\/tras-los-pasos-de-darwin\/","title":{"rendered":"Tras los pasos de Darwin"},"content":{"rendered":"<p>Cada participante es un joven naturalista que acaba de subirse a bordo del Beagle para ayudar a Charles Darwin a terminar su libro El Origen de las Especies. Durante este viaje estudiar\u00e1s animales, realizar\u00e1s estudios de cartograf\u00eda, publicar\u00e1s tus descubrimientos y desarrollar\u00e1s teor\u00edas. Tu objetivo ser\u00e1 obtener m\u00e1s Puntos de Victoria que tus oponentes para determinar qui\u00e9n contribuir\u00e1 m\u00e1s en El Origen de las Especies.<\/p>\n<p>Nominado al Juego del A\u00f1o 2024.<\/p>","protected":false},"excerpt":{"rendered":"<ul>\n<li>1 tablero de Viaje<\/li>\n<li>64 losetas de Animal<\/li>\n<li>16 fichas de Publicaci\u00f3n<\/li>\n<li>1 ficha de Darwin<\/li>\n<li>15 fichas de Br\u00fajula<\/li>\n<li>1 ficha del Beagle<\/li>\n<li>5 cuadernos de Naturalista<\/li>\n<li>5 losetas de Personaje<\/li>\n<li>28 losetas de Teor\u00edas<\/li>\n<li>10 fichas de Gu\u00eda<\/li>\n<li>1 libreta de puntuaci\u00f3n<\/li>\n<li>1 bolsa de g\u00e9nero<\/li>\n<li>1 reglamento<\/li>\n<li>1 ap\u00e9ndice<\/li>\n<\/ul>","protected":false},"featured_media":4389,"comment_status":"open","ping_status":"closed","template":"","meta":{"_acf_changed":false},"product_brand":[],"product_cat":[15],"product_tag":[],"disponible-nodisponible":[],"cantidad_de_participantes":[64],"categorias-juegos":[42],"disponibilidad":[38],"mecanica":[55,57],"tamano_del_juego":[54],"tipo_de_jugador":[49],"class_list":{"0":"post-2882","1":"product","2":"type-product","3":"status-publish","4":"has-post-thumbnail","6":"product_cat-sin-categorizar","7":"cantidad_de_participantes-dos-participantes","8":"categorias-juegos-localizaciones","9":"disponibilidad-disponible","10":"mecanica-colocacion-de-losetas","11":"mecanica-drafting","12":"tamano_del_juego-de-mochila","13":"tipo_de_jugador-todo-publico","15":"first","16":"instock","17":"shipping-taxable","18":"purchasable","19":"product-type-simple"},"acf":[],"_links":{"self":[{"href":"https:\/\/fractaljuegos.com\/en\/wp-json\/wp\/v2\/product\/2882","targetHints":{"allow":["GET"]}}],"collection":[{"href":"https:\/\/fractaljuegos.com\/en\/wp-json\/wp\/v2\/product"}],"about":[{"href":"https:\/\/fractaljuegos.com\/en\/wp-json\/wp\/v2\/types\/product"}],"replies":[{"embeddable":true,"href":"https:\/\/fractaljuegos.com\/en\/wp-json\/wp\/v2\/comments?post=2882"}],"version-history":[{"count":4,"href":"https:\/\/fractaljuegos.com\/en\/wp-json\/wp\/v2\/product\/2882\/revisions"}],"predecessor-version":[{"id":3054,"href":"https:\/\/fractaljuegos.com\/en\/wp-json\/wp\/v2\/product\/2882\/revisions\/3054"}],"wp:featuredmedia":[{"embeddable":true,"href":"https:\/\/fractaljuegos.com\/en\/wp-json\/wp\/v2\/media\/4389"}],"wp:attachment":[{"href":"https:\/\/fractaljuegos.com\/en\/wp-json\/wp\/v2\/media?parent=2882"}],"wp:term":[{"taxonomy":"product_brand","embeddable":true,"href":"https:\/\/fractaljuegos.com\/en\/wp-json\/wp\/v2\/product_brand?post=2882"},{"taxonomy":"product_cat","embeddable":true,"href":"https:\/\/fractaljuegos.com\/en\/wp-json\/wp\/v2\/product_cat?post=2882"},{"taxonomy":"product_tag","embeddable":true,"href":"https:\/\/fractaljuegos.com\/en\/wp-json\/wp\/v2\/product_tag?post=2882"},{"taxonomy":"disponible-nodisponible","embeddable":true,"href":"https:\/\/fractaljuegos.com\/en\/wp-json\/wp\/v2\/disponible-nodisponible?post=2882"},{"taxonomy":"cantidad_de_participantes","embeddable":true,"href":"https:\/\/fractaljuegos.com\/en\/wp-json\/wp\/v2\/cantidad_de_participantes?post=2882"},{"taxonomy":"categorias-juegos","embeddable":true,"href":"https:\/\/fractaljuegos.com\/en\/wp-json\/wp\/v2\/categorias-juegos?post=2882"},{"taxonomy":"disponibilidad","embeddable":true,"href":"https:\/\/fractaljuegos.com\/en\/wp-json\/wp\/v2\/disponibilidad?post=2882"},{"taxonomy":"mecanica","embeddable":true,"href":"https:\/\/fractaljuegos.com\/en\/wp-json\/wp\/v2\/mecanica?post=2882"},{"taxonomy":"tamano_del_juego","embeddable":true,"href":"https:\/\/fractaljuegos.com\/en\/wp-json\/wp\/v2\/tamano_del_juego?post=2882"},{"taxonomy":"tipo_de_jugador","embeddable":true,"href":"https:\/\/fractaljuegos.com\/en\/wp-json\/wp\/v2\/tipo_de_jugador?post=2882"}],"curies":[{"name":"wp","href":"https:\/\/api.w.org\/{rel}","templated":true}]}}