{"id":2875,"date":"2025-12-01T04:31:33","date_gmt":"2025-12-01T04:31:33","guid":{"rendered":"https:\/\/fractaljuegos.com\/?post_type=product&#038;p=2875"},"modified":"2026-03-03T15:55:17","modified_gmt":"2026-03-03T15:55:17","slug":"tiny-towns","status":"publish","type":"product","link":"https:\/\/fractaljuegos.com\/en\/juegos\/tiny-towns\/","title":{"rendered":"Tiny towns"},"content":{"rendered":"<p>Lideras un peque\u00f1o pueblo escondido en medio del bosque donde pac\u00edficas criaturas han creado una civilizaci\u00f3n escondida de sus depredadores. En esta diminuta tierra los recursos son escasos, as\u00ed que debes aceptar lo que venga y nunca decir que no a los materiales de construcci\u00f3n. Debes utilizarlos con mucho cuidado para sacarles el mayor valor posible.<\/p>\n<p>Planea con inteligencia con el fin de construir una ciudad pr\u00f3spera y no permitas que tus limitados terrenos se llenen de recursos in\u00fatiles.<\/p>\n<p>\u00a1Quien construya la ciudad m\u00e1s pr\u00f3spera ganar\u00e1!<\/p>","protected":false},"excerpt":{"rendered":"<ul>\n<li>1 Reglamento<\/li>\n<li>6 Tableros de jugador<\/li>\n<li>25 Cartas de edificio<\/li>\n<li>15 Cartas de monumento<\/li>\n<li>15 Cartas de recurso<\/li>\n<li>1 Bloc de puntuaci\u00f3n<\/li>\n<li>126 Edificios de madera<\/li>\n<li>1 Martillo de maestro constructor<\/li>\n<li>6 Monumentos de madera<\/li>\n<li>90 Cubos de recursos de madera<\/li>\n<\/ul>","protected":false},"featured_media":4374,"comment_status":"open","ping_status":"closed","template":"","meta":{"_acf_changed":false},"product_brand":[],"product_cat":[15],"product_tag":[],"disponible-nodisponible":[],"cantidad_de_participantes":[64,65,63],"categorias-juegos":[46,42],"disponibilidad":[39],"mecanica":[100],"tamano_del_juego":[54],"tipo_de_jugador":[49],"class_list":{"0":"post-2875","1":"product","2":"type-product","3":"status-publish","4":"has-post-thumbnail","6":"product_cat-sin-categorizar","7":"cantidad_de_participantes-dos-participantes","8":"cantidad_de_participantes-grupos-grandes","9":"cantidad_de_participantes-solitario","10":"categorias-juegos-archivo","11":"categorias-juegos-localizaciones","12":"disponibilidad-no-disponible","13":"mecanica-construccion-de-patrones","14":"tamano_del_juego-de-mochila","15":"tipo_de_jugador-todo-publico","17":"first","18":"instock","19":"shipping-taxable","20":"purchasable","21":"product-type-simple"},"acf":[],"_links":{"self":[{"href":"https:\/\/fractaljuegos.com\/en\/wp-json\/wp\/v2\/product\/2875","targetHints":{"allow":["GET"]}}],"collection":[{"href":"https:\/\/fractaljuegos.com\/en\/wp-json\/wp\/v2\/product"}],"about":[{"href":"https:\/\/fractaljuegos.com\/en\/wp-json\/wp\/v2\/types\/product"}],"replies":[{"embeddable":true,"href":"https:\/\/fractaljuegos.com\/en\/wp-json\/wp\/v2\/comments?post=2875"}],"version-history":[{"count":3,"href":"https:\/\/fractaljuegos.com\/en\/wp-json\/wp\/v2\/product\/2875\/revisions"}],"predecessor-version":[{"id":3065,"href":"https:\/\/fractaljuegos.com\/en\/wp-json\/wp\/v2\/product\/2875\/revisions\/3065"}],"wp:featuredmedia":[{"embeddable":true,"href":"https:\/\/fractaljuegos.com\/en\/wp-json\/wp\/v2\/media\/4374"}],"wp:attachment":[{"href":"https:\/\/fractaljuegos.com\/en\/wp-json\/wp\/v2\/media?parent=2875"}],"wp:term":[{"taxonomy":"product_brand","embeddable":true,"href":"https:\/\/fractaljuegos.com\/en\/wp-json\/wp\/v2\/product_brand?post=2875"},{"taxonomy":"product_cat","embeddable":true,"href":"https:\/\/fractaljuegos.com\/en\/wp-json\/wp\/v2\/product_cat?post=2875"},{"taxonomy":"product_tag","embeddable":true,"href":"https:\/\/fractaljuegos.com\/en\/wp-json\/wp\/v2\/product_tag?post=2875"},{"taxonomy":"disponible-nodisponible","embeddable":true,"href":"https:\/\/fractaljuegos.com\/en\/wp-json\/wp\/v2\/disponible-nodisponible?post=2875"},{"taxonomy":"cantidad_de_participantes","embeddable":true,"href":"https:\/\/fractaljuegos.com\/en\/wp-json\/wp\/v2\/cantidad_de_participantes?post=2875"},{"taxonomy":"categorias-juegos","embeddable":true,"href":"https:\/\/fractaljuegos.com\/en\/wp-json\/wp\/v2\/categorias-juegos?post=2875"},{"taxonomy":"disponibilidad","embeddable":true,"href":"https:\/\/fractaljuegos.com\/en\/wp-json\/wp\/v2\/disponibilidad?post=2875"},{"taxonomy":"mecanica","embeddable":true,"href":"https:\/\/fractaljuegos.com\/en\/wp-json\/wp\/v2\/mecanica?post=2875"},{"taxonomy":"tamano_del_juego","embeddable":true,"href":"https:\/\/fractaljuegos.com\/en\/wp-json\/wp\/v2\/tamano_del_juego?post=2875"},{"taxonomy":"tipo_de_jugador","embeddable":true,"href":"https:\/\/fractaljuegos.com\/en\/wp-json\/wp\/v2\/tipo_de_jugador?post=2875"}],"curies":[{"name":"wp","href":"https:\/\/api.w.org\/{rel}","templated":true}]}}