{"id":2864,"date":"2025-12-01T04:26:04","date_gmt":"2025-12-01T04:26:04","guid":{"rendered":"https:\/\/fractaljuegos.com\/?post_type=product&#038;p=2864"},"modified":"2025-12-12T15:59:11","modified_gmt":"2025-12-12T15:59:11","slug":"tanxi","status":"publish","type":"product","link":"https:\/\/fractaljuegos.com\/en\/juegos\/tanxi\/","title":{"rendered":"Tanxi"},"content":{"rendered":"<p>Hace siglos, las deidades hicieron emerger de las profundidades marinas la Isla del Desaf\u00edo. Junto a ella, surgieron en el mundo personas capaces de usar el poder de las gemas, permiti\u00e9ndoles expresar su m\u00e1ximo potencial.<\/p>\n<p>Hoy, las deidades han escogido esta isla como el campo de batalla para encontrar a la persona digna de portar el Tanxi, una misteriosa piedra que otorga un poder inigualable. \u00a1El enfrentamiento ser\u00e1 a muerte!<\/p>","protected":false},"excerpt":{"rendered":"<ul>\n<li>1 tablero<\/li>\n<li>1 marcador de rondas<\/li>\n<li>5 fichas de personaje<\/li>\n<li>4 cartas de residente<\/li>\n<li>1 marcador del pueblo<\/li>\n<li>12 cartas de personaje,<\/li>\n<li>64 cartas de bot\u00edn<\/li>\n<li>15 cartas de bot\u00edn inicial<\/li>\n<li>18 cartas de reliquia<\/li>\n<li>20 cartas de monstruo<\/li>\n<li>6 cartas de deidad<\/li>\n<li>5 cartas de ayuda<\/li>\n<li>20 fichas de 1 vida<\/li>\n<li>10 fichas de 5 vidas<\/li>\n<li>25 fichas de gema de poder<\/li>\n<li>25 fichas de munici\u00f3n<\/li>\n<li>1 dado de ataque<\/li>\n<li>3 dados de defensa<\/li>\n<li>5 fichas de orbe de fuego<\/li>\n<li>5 fichas de orbe de hielo<\/li>\n<li>5 fichas de hielo<\/li>\n<li>1 reglamento<\/li>\n<\/ul>","protected":false},"featured_media":3810,"comment_status":"open","ping_status":"closed","template":"","meta":{"_acf_changed":false},"product_brand":[],"product_cat":[15],"product_tag":[],"disponible-nodisponible":[],"cantidad_de_participantes":[],"categorias-juegos":[41],"disponibilidad":[38],"mecanica":[96,110],"tamano_del_juego":[54],"tipo_de_jugador":[49],"class_list":{"0":"post-2864","1":"product","2":"type-product","3":"status-publish","4":"has-post-thumbnail","6":"product_cat-sin-categorizar","7":"categorias-juegos-originales","8":"disponibilidad-disponible","9":"mecanica-dice-rolling","10":"mecanica-puntos-de-accion","11":"tamano_del_juego-de-mochila","12":"tipo_de_jugador-todo-publico","14":"first","15":"instock","16":"shipping-taxable","17":"purchasable","18":"product-type-simple"},"acf":[],"_links":{"self":[{"href":"https:\/\/fractaljuegos.com\/en\/wp-json\/wp\/v2\/product\/2864","targetHints":{"allow":["GET"]}}],"collection":[{"href":"https:\/\/fractaljuegos.com\/en\/wp-json\/wp\/v2\/product"}],"about":[{"href":"https:\/\/fractaljuegos.com\/en\/wp-json\/wp\/v2\/types\/product"}],"replies":[{"embeddable":true,"href":"https:\/\/fractaljuegos.com\/en\/wp-json\/wp\/v2\/comments?post=2864"}],"version-history":[{"count":3,"href":"https:\/\/fractaljuegos.com\/en\/wp-json\/wp\/v2\/product\/2864\/revisions"}],"predecessor-version":[{"id":3075,"href":"https:\/\/fractaljuegos.com\/en\/wp-json\/wp\/v2\/product\/2864\/revisions\/3075"}],"wp:featuredmedia":[{"embeddable":true,"href":"https:\/\/fractaljuegos.com\/en\/wp-json\/wp\/v2\/media\/3810"}],"wp:attachment":[{"href":"https:\/\/fractaljuegos.com\/en\/wp-json\/wp\/v2\/media?parent=2864"}],"wp:term":[{"taxonomy":"product_brand","embeddable":true,"href":"https:\/\/fractaljuegos.com\/en\/wp-json\/wp\/v2\/product_brand?post=2864"},{"taxonomy":"product_cat","embeddable":true,"href":"https:\/\/fractaljuegos.com\/en\/wp-json\/wp\/v2\/product_cat?post=2864"},{"taxonomy":"product_tag","embeddable":true,"href":"https:\/\/fractaljuegos.com\/en\/wp-json\/wp\/v2\/product_tag?post=2864"},{"taxonomy":"disponible-nodisponible","embeddable":true,"href":"https:\/\/fractaljuegos.com\/en\/wp-json\/wp\/v2\/disponible-nodisponible?post=2864"},{"taxonomy":"cantidad_de_participantes","embeddable":true,"href":"https:\/\/fractaljuegos.com\/en\/wp-json\/wp\/v2\/cantidad_de_participantes?post=2864"},{"taxonomy":"categorias-juegos","embeddable":true,"href":"https:\/\/fractaljuegos.com\/en\/wp-json\/wp\/v2\/categorias-juegos?post=2864"},{"taxonomy":"disponibilidad","embeddable":true,"href":"https:\/\/fractaljuegos.com\/en\/wp-json\/wp\/v2\/disponibilidad?post=2864"},{"taxonomy":"mecanica","embeddable":true,"href":"https:\/\/fractaljuegos.com\/en\/wp-json\/wp\/v2\/mecanica?post=2864"},{"taxonomy":"tamano_del_juego","embeddable":true,"href":"https:\/\/fractaljuegos.com\/en\/wp-json\/wp\/v2\/tamano_del_juego?post=2864"},{"taxonomy":"tipo_de_jugador","embeddable":true,"href":"https:\/\/fractaljuegos.com\/en\/wp-json\/wp\/v2\/tipo_de_jugador?post=2864"}],"curies":[{"name":"wp","href":"https:\/\/api.w.org\/{rel}","templated":true}]}}