{"id":2854,"date":"2025-12-01T04:19:49","date_gmt":"2025-12-01T04:19:49","guid":{"rendered":"https:\/\/fractaljuegos.com\/?post_type=product&#038;p=2854"},"modified":"2026-03-03T16:11:22","modified_gmt":"2026-03-03T16:11:22","slug":"salsacia-vs-conservia","status":"publish","type":"product","link":"https:\/\/fractaljuegos.com\/en\/juegos\/salsacia-vs-conservia\/","title":{"rendered":"Salsacia vs Conservia"},"content":{"rendered":"<p>La guerra entre dos pueblos hermanos no se detiene. Salsacia y Conservia no logran un acuerdo y las \u00faltimas declaraciones del general Duraznov han endurecido la situaci\u00f3n.<\/p>\n<p>Descubre la historia de esta guerra con 3 juegos de destreza ambientados en el famoso Conflicto del mar Desp\u00e9nsico.<\/p>\n<p>En La Conquista de la Torre cada ej\u00e9rcito va a luchar por controlar la torre y derribar a los tarros oponentes.<\/p>\n<p>En El Campo de Entrenamiento, conoceremos el origen de la guerra, donde los tarros tendr\u00e1n estrictas pr\u00e1cticas de movimiento, disparo y bombardeo.<\/p>\n<p>Por \u00faltimo, en El Partido de la Reconciliaci\u00f3n, presenciaremos el final feliz de esta historia, donde ambos pueblos jugar\u00e1n el partido de f\u00fatbol m\u00e1s ca\u00f3tico del territorio.<\/p>\n<p>\u00a1Pon a prueba tu habilidad lanzando tarros y derribando a tus oponentes en este fren\u00e9tico juego de 31 Minutos!<\/p>","protected":false},"excerpt":{"rendered":"<ul>\n<li>6 tarros de Salsacia<\/li>\n<li>6 tarros de Conservia<\/li>\n<li>3 balas<\/li>\n<li>1 torre<\/li>\n<li>6 dados<\/li>\n<li>3 bombas \/ pelotas<\/li>\n<li>4 marcadores de madera<\/li>\n<li>4 obst\u00e1culos<\/li>\n<li>1 reglamento<\/li>\n<\/ul>","protected":false},"featured_media":4402,"comment_status":"open","ping_status":"closed","template":"","meta":{"_acf_changed":false},"product_brand":[],"product_cat":[15],"product_tag":[],"disponible-nodisponible":[],"cantidad_de_participantes":[64,65],"categorias-juegos":[44,41],"disponibilidad":[38],"mecanica":[96,110],"tamano_del_juego":[52],"tipo_de_jugador":[49],"class_list":{"0":"post-2854","1":"product","2":"type-product","3":"status-publish","4":"has-post-thumbnail","6":"product_cat-sin-categorizar","7":"cantidad_de_participantes-dos-participantes","8":"cantidad_de_participantes-grupos-grandes","9":"categorias-juegos-licencias","10":"categorias-juegos-originales","11":"disponibilidad-disponible","12":"mecanica-dice-rolling","13":"mecanica-puntos-de-accion","14":"tamano_del_juego-de-cartera","15":"tipo_de_jugador-todo-publico","17":"first","18":"instock","19":"shipping-taxable","20":"purchasable","21":"product-type-simple"},"acf":[],"_links":{"self":[{"href":"https:\/\/fractaljuegos.com\/en\/wp-json\/wp\/v2\/product\/2854","targetHints":{"allow":["GET"]}}],"collection":[{"href":"https:\/\/fractaljuegos.com\/en\/wp-json\/wp\/v2\/product"}],"about":[{"href":"https:\/\/fractaljuegos.com\/en\/wp-json\/wp\/v2\/types\/product"}],"replies":[{"embeddable":true,"href":"https:\/\/fractaljuegos.com\/en\/wp-json\/wp\/v2\/comments?post=2854"}],"version-history":[{"count":3,"href":"https:\/\/fractaljuegos.com\/en\/wp-json\/wp\/v2\/product\/2854\/revisions"}],"predecessor-version":[{"id":3087,"href":"https:\/\/fractaljuegos.com\/en\/wp-json\/wp\/v2\/product\/2854\/revisions\/3087"}],"wp:featuredmedia":[{"embeddable":true,"href":"https:\/\/fractaljuegos.com\/en\/wp-json\/wp\/v2\/media\/4402"}],"wp:attachment":[{"href":"https:\/\/fractaljuegos.com\/en\/wp-json\/wp\/v2\/media?parent=2854"}],"wp:term":[{"taxonomy":"product_brand","embeddable":true,"href":"https:\/\/fractaljuegos.com\/en\/wp-json\/wp\/v2\/product_brand?post=2854"},{"taxonomy":"product_cat","embeddable":true,"href":"https:\/\/fractaljuegos.com\/en\/wp-json\/wp\/v2\/product_cat?post=2854"},{"taxonomy":"product_tag","embeddable":true,"href":"https:\/\/fractaljuegos.com\/en\/wp-json\/wp\/v2\/product_tag?post=2854"},{"taxonomy":"disponible-nodisponible","embeddable":true,"href":"https:\/\/fractaljuegos.com\/en\/wp-json\/wp\/v2\/disponible-nodisponible?post=2854"},{"taxonomy":"cantidad_de_participantes","embeddable":true,"href":"https:\/\/fractaljuegos.com\/en\/wp-json\/wp\/v2\/cantidad_de_participantes?post=2854"},{"taxonomy":"categorias-juegos","embeddable":true,"href":"https:\/\/fractaljuegos.com\/en\/wp-json\/wp\/v2\/categorias-juegos?post=2854"},{"taxonomy":"disponibilidad","embeddable":true,"href":"https:\/\/fractaljuegos.com\/en\/wp-json\/wp\/v2\/disponibilidad?post=2854"},{"taxonomy":"mecanica","embeddable":true,"href":"https:\/\/fractaljuegos.com\/en\/wp-json\/wp\/v2\/mecanica?post=2854"},{"taxonomy":"tamano_del_juego","embeddable":true,"href":"https:\/\/fractaljuegos.com\/en\/wp-json\/wp\/v2\/tamano_del_juego?post=2854"},{"taxonomy":"tipo_de_jugador","embeddable":true,"href":"https:\/\/fractaljuegos.com\/en\/wp-json\/wp\/v2\/tipo_de_jugador?post=2854"}],"curies":[{"name":"wp","href":"https:\/\/api.w.org\/{rel}","templated":true}]}}