{"id":2852,"date":"2025-12-01T04:18:44","date_gmt":"2025-12-01T04:18:44","guid":{"rendered":"https:\/\/fractaljuegos.com\/?post_type=product&#038;p=2852"},"modified":"2025-12-01T17:31:33","modified_gmt":"2025-12-01T17:31:33","slug":"saboteur-edicion-20-aniversario","status":"publish","type":"product","link":"https:\/\/fractaljuegos.com\/en\/juegos\/saboteur-edicion-20-aniversario\/","title":{"rendered":"Saboteur: Edici\u00f3n 20 aniversario"},"content":{"rendered":"<p>\u00a1En busca del oro!<\/p>\n<p>De repente, la luz de la mina se apaga: \u00a1un saboteador ha atacado de nuevo! Est\u00e1 tratando de evitar que encuentres el preciado tesoro con sus acciones malvadas. Pero, \u00bfqui\u00e9n juega en tu contra en las minas de oro? S\u00f3lo al final se revelan todos los personajes&#8230;<\/p>\n<p>Esta edici\u00f3n del 20 aniversario de Saboteur incluye el juego base y Saboteur 2, adem\u00e1s de m\u00e1s mini expansiones.<\/p>","protected":false},"excerpt":{"rendered":"<ul>\n<li>210 cartas<\/li>\n<li>1 tarjeta postal con las mini expansiones<\/li>\n<li>2 tokens de Enano<\/li>\n<li>33 fichas de Pepitas de Oro<\/li>\n<li>1 reglamento<\/li>\n<li>1 cinta el\u00e1stica<\/li>\n<\/ul>","protected":false},"featured_media":3088,"comment_status":"open","ping_status":"closed","template":"","meta":{"_acf_changed":false},"product_brand":[],"product_cat":[15],"product_tag":[],"disponible-nodisponible":[],"cantidad_de_participantes":[65],"categorias-juegos":[46,42],"disponibilidad":[39],"mecanica":[59,60],"tamano_del_juego":[52],"tipo_de_jugador":[49],"class_list":{"0":"post-2852","1":"product","2":"type-product","3":"status-publish","4":"has-post-thumbnail","6":"product_cat-sin-categorizar","7":"cantidad_de_participantes-grupos-grandes","8":"categorias-juegos-archivo","9":"categorias-juegos-localizaciones","10":"disponibilidad-no-disponible","11":"mecanica-bluff","12":"mecanica-roles-ocultos","13":"tamano_del_juego-de-cartera","14":"tipo_de_jugador-todo-publico","16":"first","17":"instock","18":"shipping-taxable","19":"purchasable","20":"product-type-simple"},"acf":[],"_links":{"self":[{"href":"https:\/\/fractaljuegos.com\/en\/wp-json\/wp\/v2\/product\/2852","targetHints":{"allow":["GET"]}}],"collection":[{"href":"https:\/\/fractaljuegos.com\/en\/wp-json\/wp\/v2\/product"}],"about":[{"href":"https:\/\/fractaljuegos.com\/en\/wp-json\/wp\/v2\/types\/product"}],"replies":[{"embeddable":true,"href":"https:\/\/fractaljuegos.com\/en\/wp-json\/wp\/v2\/comments?post=2852"}],"version-history":[{"count":3,"href":"https:\/\/fractaljuegos.com\/en\/wp-json\/wp\/v2\/product\/2852\/revisions"}],"predecessor-version":[{"id":3092,"href":"https:\/\/fractaljuegos.com\/en\/wp-json\/wp\/v2\/product\/2852\/revisions\/3092"}],"wp:featuredmedia":[{"embeddable":true,"href":"https:\/\/fractaljuegos.com\/en\/wp-json\/wp\/v2\/media\/3088"}],"wp:attachment":[{"href":"https:\/\/fractaljuegos.com\/en\/wp-json\/wp\/v2\/media?parent=2852"}],"wp:term":[{"taxonomy":"product_brand","embeddable":true,"href":"https:\/\/fractaljuegos.com\/en\/wp-json\/wp\/v2\/product_brand?post=2852"},{"taxonomy":"product_cat","embeddable":true,"href":"https:\/\/fractaljuegos.com\/en\/wp-json\/wp\/v2\/product_cat?post=2852"},{"taxonomy":"product_tag","embeddable":true,"href":"https:\/\/fractaljuegos.com\/en\/wp-json\/wp\/v2\/product_tag?post=2852"},{"taxonomy":"disponible-nodisponible","embeddable":true,"href":"https:\/\/fractaljuegos.com\/en\/wp-json\/wp\/v2\/disponible-nodisponible?post=2852"},{"taxonomy":"cantidad_de_participantes","embeddable":true,"href":"https:\/\/fractaljuegos.com\/en\/wp-json\/wp\/v2\/cantidad_de_participantes?post=2852"},{"taxonomy":"categorias-juegos","embeddable":true,"href":"https:\/\/fractaljuegos.com\/en\/wp-json\/wp\/v2\/categorias-juegos?post=2852"},{"taxonomy":"disponibilidad","embeddable":true,"href":"https:\/\/fractaljuegos.com\/en\/wp-json\/wp\/v2\/disponibilidad?post=2852"},{"taxonomy":"mecanica","embeddable":true,"href":"https:\/\/fractaljuegos.com\/en\/wp-json\/wp\/v2\/mecanica?post=2852"},{"taxonomy":"tamano_del_juego","embeddable":true,"href":"https:\/\/fractaljuegos.com\/en\/wp-json\/wp\/v2\/tamano_del_juego?post=2852"},{"taxonomy":"tipo_de_jugador","embeddable":true,"href":"https:\/\/fractaljuegos.com\/en\/wp-json\/wp\/v2\/tipo_de_jugador?post=2852"}],"curies":[{"name":"wp","href":"https:\/\/api.w.org\/{rel}","templated":true}]}}