{"id":2850,"date":"2025-12-01T04:17:42","date_gmt":"2025-12-01T04:17:42","guid":{"rendered":"https:\/\/fractaljuegos.com\/?post_type=product&#038;p=2850"},"modified":"2026-03-03T15:59:10","modified_gmt":"2026-03-03T15:59:10","slug":"saboteur-2","status":"publish","type":"product","link":"https:\/\/fractaljuegos.com\/en\/juegos\/saboteur-2\/","title":{"rendered":"Saboteur 2"},"content":{"rendered":"<p>Una vez m\u00e1s, los enanos se disponen a buscar el codiciado oro. Esta vez, algunos mineros se organizar\u00e1n en equipos, mientras otros actuar\u00e1n por su cuenta.<br \/>\nLas nuevas cartas de acci\u00f3n y las puertas en el t\u00fanel dificultar\u00e1n que los enanos cumplan sus objetivos secretos.<br \/>\n\u00a1El enano que consiga la mayor cantidad de oro ser\u00e1 el ganador!<\/p>\n<p>Saboteur 2 es una expansi\u00f3n. Necesitar\u00e1s Saboteur para jugar.<\/p>","protected":false},"excerpt":{"rendered":"<ul>\n<li>66 cartas<\/li>\n<li>32 fichas de pepitas de oro<\/li>\n<li>1 reglamento<\/li>\n<\/ul>","protected":false},"featured_media":4379,"comment_status":"open","ping_status":"closed","template":"","meta":{"_acf_changed":false},"product_brand":[],"product_cat":[15],"product_tag":[],"disponible-nodisponible":[],"cantidad_de_participantes":[65],"categorias-juegos":[42],"disponibilidad":[38],"mecanica":[59,60],"tamano_del_juego":[51],"tipo_de_jugador":[49],"class_list":{"0":"post-2850","1":"product","2":"type-product","3":"status-publish","4":"has-post-thumbnail","6":"product_cat-sin-categorizar","7":"cantidad_de_participantes-grupos-grandes","8":"categorias-juegos-localizaciones","9":"disponibilidad-disponible","10":"mecanica-bluff","11":"mecanica-roles-ocultos","12":"tamano_del_juego-de-bolsillo","13":"tipo_de_jugador-todo-publico","15":"first","16":"instock","17":"shipping-taxable","18":"purchasable","19":"product-type-simple"},"acf":[],"_links":{"self":[{"href":"https:\/\/fractaljuegos.com\/en\/wp-json\/wp\/v2\/product\/2850","targetHints":{"allow":["GET"]}}],"collection":[{"href":"https:\/\/fractaljuegos.com\/en\/wp-json\/wp\/v2\/product"}],"about":[{"href":"https:\/\/fractaljuegos.com\/en\/wp-json\/wp\/v2\/types\/product"}],"replies":[{"embeddable":true,"href":"https:\/\/fractaljuegos.com\/en\/wp-json\/wp\/v2\/comments?post=2850"}],"version-history":[{"count":3,"href":"https:\/\/fractaljuegos.com\/en\/wp-json\/wp\/v2\/product\/2850\/revisions"}],"predecessor-version":[{"id":3101,"href":"https:\/\/fractaljuegos.com\/en\/wp-json\/wp\/v2\/product\/2850\/revisions\/3101"}],"wp:featuredmedia":[{"embeddable":true,"href":"https:\/\/fractaljuegos.com\/en\/wp-json\/wp\/v2\/media\/4379"}],"wp:attachment":[{"href":"https:\/\/fractaljuegos.com\/en\/wp-json\/wp\/v2\/media?parent=2850"}],"wp:term":[{"taxonomy":"product_brand","embeddable":true,"href":"https:\/\/fractaljuegos.com\/en\/wp-json\/wp\/v2\/product_brand?post=2850"},{"taxonomy":"product_cat","embeddable":true,"href":"https:\/\/fractaljuegos.com\/en\/wp-json\/wp\/v2\/product_cat?post=2850"},{"taxonomy":"product_tag","embeddable":true,"href":"https:\/\/fractaljuegos.com\/en\/wp-json\/wp\/v2\/product_tag?post=2850"},{"taxonomy":"disponible-nodisponible","embeddable":true,"href":"https:\/\/fractaljuegos.com\/en\/wp-json\/wp\/v2\/disponible-nodisponible?post=2850"},{"taxonomy":"cantidad_de_participantes","embeddable":true,"href":"https:\/\/fractaljuegos.com\/en\/wp-json\/wp\/v2\/cantidad_de_participantes?post=2850"},{"taxonomy":"categorias-juegos","embeddable":true,"href":"https:\/\/fractaljuegos.com\/en\/wp-json\/wp\/v2\/categorias-juegos?post=2850"},{"taxonomy":"disponibilidad","embeddable":true,"href":"https:\/\/fractaljuegos.com\/en\/wp-json\/wp\/v2\/disponibilidad?post=2850"},{"taxonomy":"mecanica","embeddable":true,"href":"https:\/\/fractaljuegos.com\/en\/wp-json\/wp\/v2\/mecanica?post=2850"},{"taxonomy":"tamano_del_juego","embeddable":true,"href":"https:\/\/fractaljuegos.com\/en\/wp-json\/wp\/v2\/tamano_del_juego?post=2850"},{"taxonomy":"tipo_de_jugador","embeddable":true,"href":"https:\/\/fractaljuegos.com\/en\/wp-json\/wp\/v2\/tipo_de_jugador?post=2850"}],"curies":[{"name":"wp","href":"https:\/\/api.w.org\/{rel}","templated":true}]}}