{"id":2842,"date":"2025-12-01T04:13:03","date_gmt":"2025-12-01T04:13:03","guid":{"rendered":"https:\/\/fractaljuegos.com\/?post_type=product&#038;p=2842"},"modified":"2025-12-01T17:51:05","modified_gmt":"2025-12-01T17:51:05","slug":"raton-valiente","status":"publish","type":"product","link":"https:\/\/fractaljuegos.com\/en\/juegos\/raton-valiente\/","title":{"rendered":"Rat\u00f3n valiente"},"content":{"rendered":"<p>Con la repentina desaparici\u00f3n del Rey de los Ratones, el reino ya no tiene soberano y dos grandes clanes, los Yarg y los Applewood, compiten para obtener el control.<\/p>\n<p>Los Yarg son ratones b\u00e1rbaros que empu\u00f1an el martillo de guerra y el hacha como ning\u00fan otra rat\u00f3n. Los Applewood son m\u00e1s civilizados. Les encanta todo lo que brilla y poseen muchas joyas relucientes.<\/p>\n<p>Ambos bandos se reunieron para comenzar esta lucha por el poder, pero un gran secreto podr\u00eda complicar la batalla: cada uno de sus Pr\u00edncipes est\u00e1 profundamente enamorado de la Princesa del clan enemigo&#8230;<\/p>\n<p>\u00bfQui\u00e9n ganar\u00e1 esta pelea por la corona?<\/p>","protected":false},"excerpt":{"rendered":"<ul>\n<li>18 Cartas<\/li>\n<li>7 Fichas de Corona<\/li>\n<li>1 Reglamento<\/li>\n<\/ul>","protected":false},"featured_media":3109,"comment_status":"open","ping_status":"closed","template":"","meta":{"_acf_changed":false},"product_brand":[],"product_cat":[15],"product_tag":[],"disponible-nodisponible":[],"cantidad_de_participantes":[64],"categorias-juegos":[46,42],"disponibilidad":[39],"mecanica":[56],"tamano_del_juego":[51],"tipo_de_jugador":[49],"class_list":{"0":"post-2842","1":"product","2":"type-product","3":"status-publish","4":"has-post-thumbnail","6":"product_cat-sin-categorizar","7":"cantidad_de_participantes-dos-participantes","8":"categorias-juegos-archivo","9":"categorias-juegos-localizaciones","10":"disponibilidad-no-disponible","11":"mecanica-manejo-de-mano","12":"tamano_del_juego-de-bolsillo","13":"tipo_de_jugador-todo-publico","15":"first","16":"instock","17":"shipping-taxable","18":"purchasable","19":"product-type-simple"},"acf":[],"_links":{"self":[{"href":"https:\/\/fractaljuegos.com\/en\/wp-json\/wp\/v2\/product\/2842","targetHints":{"allow":["GET"]}}],"collection":[{"href":"https:\/\/fractaljuegos.com\/en\/wp-json\/wp\/v2\/product"}],"about":[{"href":"https:\/\/fractaljuegos.com\/en\/wp-json\/wp\/v2\/types\/product"}],"replies":[{"embeddable":true,"href":"https:\/\/fractaljuegos.com\/en\/wp-json\/wp\/v2\/comments?post=2842"}],"version-history":[{"count":3,"href":"https:\/\/fractaljuegos.com\/en\/wp-json\/wp\/v2\/product\/2842\/revisions"}],"predecessor-version":[{"id":3117,"href":"https:\/\/fractaljuegos.com\/en\/wp-json\/wp\/v2\/product\/2842\/revisions\/3117"}],"wp:featuredmedia":[{"embeddable":true,"href":"https:\/\/fractaljuegos.com\/en\/wp-json\/wp\/v2\/media\/3109"}],"wp:attachment":[{"href":"https:\/\/fractaljuegos.com\/en\/wp-json\/wp\/v2\/media?parent=2842"}],"wp:term":[{"taxonomy":"product_brand","embeddable":true,"href":"https:\/\/fractaljuegos.com\/en\/wp-json\/wp\/v2\/product_brand?post=2842"},{"taxonomy":"product_cat","embeddable":true,"href":"https:\/\/fractaljuegos.com\/en\/wp-json\/wp\/v2\/product_cat?post=2842"},{"taxonomy":"product_tag","embeddable":true,"href":"https:\/\/fractaljuegos.com\/en\/wp-json\/wp\/v2\/product_tag?post=2842"},{"taxonomy":"disponible-nodisponible","embeddable":true,"href":"https:\/\/fractaljuegos.com\/en\/wp-json\/wp\/v2\/disponible-nodisponible?post=2842"},{"taxonomy":"cantidad_de_participantes","embeddable":true,"href":"https:\/\/fractaljuegos.com\/en\/wp-json\/wp\/v2\/cantidad_de_participantes?post=2842"},{"taxonomy":"categorias-juegos","embeddable":true,"href":"https:\/\/fractaljuegos.com\/en\/wp-json\/wp\/v2\/categorias-juegos?post=2842"},{"taxonomy":"disponibilidad","embeddable":true,"href":"https:\/\/fractaljuegos.com\/en\/wp-json\/wp\/v2\/disponibilidad?post=2842"},{"taxonomy":"mecanica","embeddable":true,"href":"https:\/\/fractaljuegos.com\/en\/wp-json\/wp\/v2\/mecanica?post=2842"},{"taxonomy":"tamano_del_juego","embeddable":true,"href":"https:\/\/fractaljuegos.com\/en\/wp-json\/wp\/v2\/tamano_del_juego?post=2842"},{"taxonomy":"tipo_de_jugador","embeddable":true,"href":"https:\/\/fractaljuegos.com\/en\/wp-json\/wp\/v2\/tipo_de_jugador?post=2842"}],"curies":[{"name":"wp","href":"https:\/\/api.w.org\/{rel}","templated":true}]}}