{"id":2829,"date":"2025-12-01T04:04:08","date_gmt":"2025-12-01T04:04:08","guid":{"rendered":"https:\/\/fractaljuegos.com\/?post_type=product&#038;p=2829"},"modified":"2025-12-23T22:15:26","modified_gmt":"2025-12-23T22:15:26","slug":"puzzle-500pc-el-gran-tusunami","status":"publish","type":"product","link":"https:\/\/fractaljuegos.com\/en\/juegos\/puzzle-500pc-el-gran-tusunami\/","title":{"rendered":"Puzzle 500pc el gran tusunami"},"content":{"rendered":"<p>&nbsp;<\/p>\n<div id=\"SITE_PAGES\" class=\"JsJXaX SITE_PAGES\">\n<div id=\"SITE_PAGES_TRANSITION_GROUP\" class=\"AnQkDU\">\n<div id=\"knnes\" class=\"dBAkHi knnes\">\n<div class=\"HT5ybB\">\n<div id=\"Containerknnes\" class=\"Containerknnes SPY_vo\">\n<div class=\"\" data-mesh-id=\"ContainerknnesinlineContent\" data-testid=\"inline-content\">\n<div data-mesh-id=\"ContainerknnesinlineContent-gridContainer\" data-testid=\"mesh-container-content\">\n<section id=\"comp-mdz1krql\" class=\"Oqnisf comp-mdz1krql wixui-section\" tabindex=\"-1\" data-block-level-container=\"ClassicSection\">\n<div class=\"\" data-mesh-id=\"comp-mdz1krqlinlineContent\" data-testid=\"inline-content\">\n<div data-mesh-id=\"comp-mdz1krqlinlineContent-gridContainer\" data-testid=\"mesh-container-content\">\n<section id=\"comp-mdz1krqq1\" class=\"comp-mdz1krqq1 CohWsy wixui-column-strip\">\n<div class=\"V5AUxf\" data-testid=\"columns\">\n<div id=\"comp-mdz1krqu\" class=\"comp-mdz1krqu YzqVVZ wixui-column-strip__column\">\n<div class=\"\" data-mesh-id=\"comp-mdz1krquinlineContent\" data-testid=\"inline-content\">\n<div data-mesh-id=\"comp-mdz1krquinlineContent-gridContainer\" data-testid=\"mesh-container-content\">\n<div id=\"comp-mdz1lyah\" class=\"Z_l5lU ku3DBC zQ9jDz qvSjx3 Vq6kJx comp-mdz1lyah wixui-rich-text\" data-testid=\"richTextElement\">\n<p class=\"font_8 wixui-rich-text__text\"><span class=\"wixui-rich-text__text\">Sum\u00e9rgete mientras armas esta adrenal\u00ednica escena, mirando el vaiv\u00e9n de las olas que se forma en cada pieza. Descubre este majestuoso puzzle de la obra de Leonardo DaviCingo titulada El Gran Tusunami, parte del famoso juego Arte Moderno, ilustrado por Gianfranco Giordano.<\/span><\/p>\n<\/div>\n<\/div>\n<\/div>\n<\/div>\n<\/div>\n<\/section>\n<\/div>\n<\/div>\n<\/section>\n<\/div>\n<\/div>\n<\/div>\n<\/div>\n<\/div>\n<\/div>\n<\/div>\n<p>&nbsp;<\/p>","protected":false},"excerpt":{"rendered":"<p>&nbsp; Sum\u00e9rgete mientras armas esta adrenal\u00ednica escena, mirando el vaiv\u00e9n de las olas que se forma en cada pieza. Descubre este majestuoso puzzle de la obra de Leonardo DaviCingo titulada El Gran Tusunami, parte del famoso juego Arte Moderno, ilustrado por Gianfranco Giordano. &nbsp;<\/p>","protected":false},"featured_media":3767,"comment_status":"open","ping_status":"closed","template":"","meta":{"_acf_changed":false},"product_brand":[],"product_cat":[15],"product_tag":[],"disponible-nodisponible":[],"cantidad_de_participantes":[64,63],"categorias-juegos":[44,114],"disponibilidad":[38],"mecanica":[],"tamano_del_juego":[53],"tipo_de_jugador":[49],"class_list":{"0":"post-2829","1":"product","2":"type-product","3":"status-publish","4":"has-post-thumbnail","6":"product_cat-sin-categorizar","7":"cantidad_de_participantes-dos-participantes","8":"cantidad_de_participantes-solitario","9":"categorias-juegos-licencias","10":"categorias-juegos-puzzle","11":"disponibilidad-disponible","12":"tamano_del_juego-de-morral","13":"tipo_de_jugador-todo-publico","15":"first","16":"instock","17":"shipping-taxable","18":"purchasable","19":"product-type-simple"},"acf":[],"_links":{"self":[{"href":"https:\/\/fractaljuegos.com\/en\/wp-json\/wp\/v2\/product\/2829","targetHints":{"allow":["GET"]}}],"collection":[{"href":"https:\/\/fractaljuegos.com\/en\/wp-json\/wp\/v2\/product"}],"about":[{"href":"https:\/\/fractaljuegos.com\/en\/wp-json\/wp\/v2\/types\/product"}],"replies":[{"embeddable":true,"href":"https:\/\/fractaljuegos.com\/en\/wp-json\/wp\/v2\/comments?post=2829"}],"version-history":[{"count":5,"href":"https:\/\/fractaljuegos.com\/en\/wp-json\/wp\/v2\/product\/2829\/revisions"}],"predecessor-version":[{"id":3774,"href":"https:\/\/fractaljuegos.com\/en\/wp-json\/wp\/v2\/product\/2829\/revisions\/3774"}],"wp:featuredmedia":[{"embeddable":true,"href":"https:\/\/fractaljuegos.com\/en\/wp-json\/wp\/v2\/media\/3767"}],"wp:attachment":[{"href":"https:\/\/fractaljuegos.com\/en\/wp-json\/wp\/v2\/media?parent=2829"}],"wp:term":[{"taxonomy":"product_brand","embeddable":true,"href":"https:\/\/fractaljuegos.com\/en\/wp-json\/wp\/v2\/product_brand?post=2829"},{"taxonomy":"product_cat","embeddable":true,"href":"https:\/\/fractaljuegos.com\/en\/wp-json\/wp\/v2\/product_cat?post=2829"},{"taxonomy":"product_tag","embeddable":true,"href":"https:\/\/fractaljuegos.com\/en\/wp-json\/wp\/v2\/product_tag?post=2829"},{"taxonomy":"disponible-nodisponible","embeddable":true,"href":"https:\/\/fractaljuegos.com\/en\/wp-json\/wp\/v2\/disponible-nodisponible?post=2829"},{"taxonomy":"cantidad_de_participantes","embeddable":true,"href":"https:\/\/fractaljuegos.com\/en\/wp-json\/wp\/v2\/cantidad_de_participantes?post=2829"},{"taxonomy":"categorias-juegos","embeddable":true,"href":"https:\/\/fractaljuegos.com\/en\/wp-json\/wp\/v2\/categorias-juegos?post=2829"},{"taxonomy":"disponibilidad","embeddable":true,"href":"https:\/\/fractaljuegos.com\/en\/wp-json\/wp\/v2\/disponibilidad?post=2829"},{"taxonomy":"mecanica","embeddable":true,"href":"https:\/\/fractaljuegos.com\/en\/wp-json\/wp\/v2\/mecanica?post=2829"},{"taxonomy":"tamano_del_juego","embeddable":true,"href":"https:\/\/fractaljuegos.com\/en\/wp-json\/wp\/v2\/tamano_del_juego?post=2829"},{"taxonomy":"tipo_de_jugador","embeddable":true,"href":"https:\/\/fractaljuegos.com\/en\/wp-json\/wp\/v2\/tipo_de_jugador?post=2829"}],"curies":[{"name":"wp","href":"https:\/\/api.w.org\/{rel}","templated":true}]}}