{"id":2812,"date":"2025-12-01T03:54:02","date_gmt":"2025-12-01T03:54:02","guid":{"rendered":"https:\/\/fractaljuegos.com\/?post_type=product&#038;p=2812"},"modified":"2025-12-12T15:58:51","modified_gmt":"2025-12-12T15:58:51","slug":"polaris","status":"publish","type":"product","link":"https:\/\/fractaljuegos.com\/en\/juegos\/polaris\/","title":{"rendered":"Polaris"},"content":{"rendered":"<p>En el cielo nocturno del hemisferio norte hay una estrella que a medida que transcurre la noche nunca cambia de posici\u00f3n, esa es Polaris.<br \/>\nEn Polaris debes posicionar tus estrellas en el cielo nocturno con el fin de formar constelaciones y cumplir los objetivos de la partida. Se jugar\u00e1n 5 fases de puntuaci\u00f3n, donde las diferentes fases lunares definir\u00e1n la forma de puntuar y ser\u00e1n vitales para decidir d\u00f3nde posicionar tus estrellas.<br \/>\nAs\u00f3mbrate con el cielo nocturno en este nuevo juego familiar de estrategia de Simone Luciani y Andrea Mainini.<\/p>","protected":false},"excerpt":{"rendered":"<ul>\n<li>6 m\u00f3dulos de Tablero de Cielo Nocturno<\/li>\n<li>5 marcos de Fases Lunares<\/li>\n<li>1 tablero de Puntuaci\u00f3n<\/li>\n<li>140 estrellas de Colores<\/li>\n<li>80 enlaces Estelares<\/li>\n<li>4 marcadores de Puntuaci\u00f3n<\/li>\n<li>64 cartas de Acci\u00f3n<\/li>\n<li>25 cartas de Objetivos<\/li>\n<li>40 fichas de Estrellas Fugaces<\/li>\n<li>1 ficha de Telescopio<\/li>\n<\/ul>","protected":false},"featured_media":3809,"comment_status":"open","ping_status":"closed","template":"","meta":{"_acf_changed":false},"product_brand":[],"product_cat":[15],"product_tag":[],"disponible-nodisponible":[],"cantidad_de_participantes":[64],"categorias-juegos":[41],"disponibilidad":[38],"mecanica":[105],"tamano_del_juego":[54],"tipo_de_jugador":[49],"class_list":{"0":"post-2812","1":"product","2":"type-product","3":"status-publish","4":"has-post-thumbnail","6":"product_cat-sin-categorizar","7":"cantidad_de_participantes-dos-participantes","8":"categorias-juegos-originales","9":"disponibilidad-disponible","10":"mecanica-control-de-area","11":"tamano_del_juego-de-mochila","12":"tipo_de_jugador-todo-publico","14":"first","15":"instock","16":"shipping-taxable","17":"purchasable","18":"product-type-simple"},"acf":[],"_links":{"self":[{"href":"https:\/\/fractaljuegos.com\/en\/wp-json\/wp\/v2\/product\/2812","targetHints":{"allow":["GET"]}}],"collection":[{"href":"https:\/\/fractaljuegos.com\/en\/wp-json\/wp\/v2\/product"}],"about":[{"href":"https:\/\/fractaljuegos.com\/en\/wp-json\/wp\/v2\/types\/product"}],"replies":[{"embeddable":true,"href":"https:\/\/fractaljuegos.com\/en\/wp-json\/wp\/v2\/comments?post=2812"}],"version-history":[{"count":3,"href":"https:\/\/fractaljuegos.com\/en\/wp-json\/wp\/v2\/product\/2812\/revisions"}],"predecessor-version":[{"id":3130,"href":"https:\/\/fractaljuegos.com\/en\/wp-json\/wp\/v2\/product\/2812\/revisions\/3130"}],"wp:featuredmedia":[{"embeddable":true,"href":"https:\/\/fractaljuegos.com\/en\/wp-json\/wp\/v2\/media\/3809"}],"wp:attachment":[{"href":"https:\/\/fractaljuegos.com\/en\/wp-json\/wp\/v2\/media?parent=2812"}],"wp:term":[{"taxonomy":"product_brand","embeddable":true,"href":"https:\/\/fractaljuegos.com\/en\/wp-json\/wp\/v2\/product_brand?post=2812"},{"taxonomy":"product_cat","embeddable":true,"href":"https:\/\/fractaljuegos.com\/en\/wp-json\/wp\/v2\/product_cat?post=2812"},{"taxonomy":"product_tag","embeddable":true,"href":"https:\/\/fractaljuegos.com\/en\/wp-json\/wp\/v2\/product_tag?post=2812"},{"taxonomy":"disponible-nodisponible","embeddable":true,"href":"https:\/\/fractaljuegos.com\/en\/wp-json\/wp\/v2\/disponible-nodisponible?post=2812"},{"taxonomy":"cantidad_de_participantes","embeddable":true,"href":"https:\/\/fractaljuegos.com\/en\/wp-json\/wp\/v2\/cantidad_de_participantes?post=2812"},{"taxonomy":"categorias-juegos","embeddable":true,"href":"https:\/\/fractaljuegos.com\/en\/wp-json\/wp\/v2\/categorias-juegos?post=2812"},{"taxonomy":"disponibilidad","embeddable":true,"href":"https:\/\/fractaljuegos.com\/en\/wp-json\/wp\/v2\/disponibilidad?post=2812"},{"taxonomy":"mecanica","embeddable":true,"href":"https:\/\/fractaljuegos.com\/en\/wp-json\/wp\/v2\/mecanica?post=2812"},{"taxonomy":"tamano_del_juego","embeddable":true,"href":"https:\/\/fractaljuegos.com\/en\/wp-json\/wp\/v2\/tamano_del_juego?post=2812"},{"taxonomy":"tipo_de_jugador","embeddable":true,"href":"https:\/\/fractaljuegos.com\/en\/wp-json\/wp\/v2\/tipo_de_jugador?post=2812"}],"curies":[{"name":"wp","href":"https:\/\/api.w.org\/{rel}","templated":true}]}}