{"id":2802,"date":"2025-12-01T03:48:12","date_gmt":"2025-12-01T03:48:12","guid":{"rendered":"https:\/\/fractaljuegos.com\/?post_type=product&#038;p=2802"},"modified":"2025-12-01T18:58:14","modified_gmt":"2025-12-01T18:58:14","slug":"parade","status":"publish","type":"product","link":"https:\/\/fractaljuegos.com\/en\/juegos\/parade\/","title":{"rendered":"Parade"},"content":{"rendered":"<p>Ha comenzado el desfile en el Pa\u00eds de las Maravillas. Lo est\u00e1s organizando y tu deber es atraer m\u00e1s participantes a la fiesta sin que otras personas se sientan ofendidas por tu noble gesto \u00bfPor qu\u00e9 es tan dif\u00edcil organizar esta celebraci\u00f3n?<\/p>\n<p>Parade es un entretenido juego de cartas perfecto para toda la familia, \u00e9xito de ventas en todo el mundo. Con m\u00e1s de 7 ediciones en distintas lenguas.<\/p>","protected":false},"excerpt":{"rendered":"<ul>\n<li>66 Cartas<\/li>\n<li>1 Reglamento<\/li>\n<li>1 Libreta de Puntuaci\u00f3n<\/li>\n<\/ul>","protected":false},"featured_media":3151,"comment_status":"open","ping_status":"closed","template":"","meta":{"_acf_changed":false},"product_brand":[],"product_cat":[15],"product_tag":[],"disponible-nodisponible":[],"cantidad_de_participantes":[64,65],"categorias-juegos":[46,42],"disponibilidad":[39],"mecanica":[56],"tamano_del_juego":[52],"tipo_de_jugador":[49],"class_list":{"0":"post-2802","1":"product","2":"type-product","3":"status-publish","4":"has-post-thumbnail","6":"product_cat-sin-categorizar","7":"cantidad_de_participantes-dos-participantes","8":"cantidad_de_participantes-grupos-grandes","9":"categorias-juegos-archivo","10":"categorias-juegos-localizaciones","11":"disponibilidad-no-disponible","12":"mecanica-manejo-de-mano","13":"tamano_del_juego-de-cartera","14":"tipo_de_jugador-todo-publico","16":"first","17":"instock","18":"shipping-taxable","19":"purchasable","20":"product-type-simple"},"acf":[],"_links":{"self":[{"href":"https:\/\/fractaljuegos.com\/en\/wp-json\/wp\/v2\/product\/2802","targetHints":{"allow":["GET"]}}],"collection":[{"href":"https:\/\/fractaljuegos.com\/en\/wp-json\/wp\/v2\/product"}],"about":[{"href":"https:\/\/fractaljuegos.com\/en\/wp-json\/wp\/v2\/types\/product"}],"replies":[{"embeddable":true,"href":"https:\/\/fractaljuegos.com\/en\/wp-json\/wp\/v2\/comments?post=2802"}],"version-history":[{"count":3,"href":"https:\/\/fractaljuegos.com\/en\/wp-json\/wp\/v2\/product\/2802\/revisions"}],"predecessor-version":[{"id":3157,"href":"https:\/\/fractaljuegos.com\/en\/wp-json\/wp\/v2\/product\/2802\/revisions\/3157"}],"wp:featuredmedia":[{"embeddable":true,"href":"https:\/\/fractaljuegos.com\/en\/wp-json\/wp\/v2\/media\/3151"}],"wp:attachment":[{"href":"https:\/\/fractaljuegos.com\/en\/wp-json\/wp\/v2\/media?parent=2802"}],"wp:term":[{"taxonomy":"product_brand","embeddable":true,"href":"https:\/\/fractaljuegos.com\/en\/wp-json\/wp\/v2\/product_brand?post=2802"},{"taxonomy":"product_cat","embeddable":true,"href":"https:\/\/fractaljuegos.com\/en\/wp-json\/wp\/v2\/product_cat?post=2802"},{"taxonomy":"product_tag","embeddable":true,"href":"https:\/\/fractaljuegos.com\/en\/wp-json\/wp\/v2\/product_tag?post=2802"},{"taxonomy":"disponible-nodisponible","embeddable":true,"href":"https:\/\/fractaljuegos.com\/en\/wp-json\/wp\/v2\/disponible-nodisponible?post=2802"},{"taxonomy":"cantidad_de_participantes","embeddable":true,"href":"https:\/\/fractaljuegos.com\/en\/wp-json\/wp\/v2\/cantidad_de_participantes?post=2802"},{"taxonomy":"categorias-juegos","embeddable":true,"href":"https:\/\/fractaljuegos.com\/en\/wp-json\/wp\/v2\/categorias-juegos?post=2802"},{"taxonomy":"disponibilidad","embeddable":true,"href":"https:\/\/fractaljuegos.com\/en\/wp-json\/wp\/v2\/disponibilidad?post=2802"},{"taxonomy":"mecanica","embeddable":true,"href":"https:\/\/fractaljuegos.com\/en\/wp-json\/wp\/v2\/mecanica?post=2802"},{"taxonomy":"tamano_del_juego","embeddable":true,"href":"https:\/\/fractaljuegos.com\/en\/wp-json\/wp\/v2\/tamano_del_juego?post=2802"},{"taxonomy":"tipo_de_jugador","embeddable":true,"href":"https:\/\/fractaljuegos.com\/en\/wp-json\/wp\/v2\/tipo_de_jugador?post=2802"}],"curies":[{"name":"wp","href":"https:\/\/api.w.org\/{rel}","templated":true}]}}