{"id":2800,"date":"2025-12-01T03:47:22","date_gmt":"2025-12-01T03:47:22","guid":{"rendered":"https:\/\/fractaljuegos.com\/?post_type=product&#038;p=2800"},"modified":"2026-03-03T15:58:15","modified_gmt":"2026-03-03T15:58:15","slug":"odin","status":"publish","type":"product","link":"https:\/\/fractaljuegos.com\/en\/juegos\/odin\/","title":{"rendered":"Odin"},"content":{"rendered":"<p>\u00a1Env\u00eda a tu clan Vikingo m\u00e1s poderoso a la batalla!<\/p>\n<p>En Odin deber\u00e1s jugar tus cartas estrat\u00e9gicamente para recolectar las cartas apropiadas para construir tu mejor mano posible, y as\u00ed tomar a tus enemigos por sorpresa. Supera cada baza en el momento oportuno e intenta quedarte con la menor cantidad de cartas al final de una mano, ya que ser\u00e1n puntos negativos.<\/p>\n<p>Un estrat\u00e9gico juego de cartas para toda la familia.<\/p>\n<p>GANADOR JUEGO DEL A\u00d1O 2025 (AS D&#8217; OR)<\/p>","protected":false},"excerpt":{"rendered":"<ul>\n<li>54 cartas<\/li>\n<li>1 reglamento<\/li>\n<\/ul>","protected":false},"featured_media":4376,"comment_status":"open","ping_status":"closed","template":"","meta":{"_acf_changed":false},"product_brand":[],"product_cat":[15],"product_tag":[],"disponible-nodisponible":[],"cantidad_de_participantes":[64,65],"categorias-juegos":[42],"disponibilidad":[38],"mecanica":[102,56],"tamano_del_juego":[51],"tipo_de_jugador":[49],"class_list":{"0":"post-2800","1":"product","2":"type-product","3":"status-publish","4":"has-post-thumbnail","6":"product_cat-sin-categorizar","7":"cantidad_de_participantes-dos-participantes","8":"cantidad_de_participantes-grupos-grandes","9":"categorias-juegos-localizaciones","10":"disponibilidad-disponible","11":"mecanica-escalada","12":"mecanica-manejo-de-mano","13":"tamano_del_juego-de-bolsillo","14":"tipo_de_jugador-todo-publico","16":"first","17":"instock","18":"shipping-taxable","19":"purchasable","20":"product-type-simple"},"acf":[],"_links":{"self":[{"href":"https:\/\/fractaljuegos.com\/en\/wp-json\/wp\/v2\/product\/2800","targetHints":{"allow":["GET"]}}],"collection":[{"href":"https:\/\/fractaljuegos.com\/en\/wp-json\/wp\/v2\/product"}],"about":[{"href":"https:\/\/fractaljuegos.com\/en\/wp-json\/wp\/v2\/types\/product"}],"replies":[{"embeddable":true,"href":"https:\/\/fractaljuegos.com\/en\/wp-json\/wp\/v2\/comments?post=2800"}],"version-history":[{"count":3,"href":"https:\/\/fractaljuegos.com\/en\/wp-json\/wp\/v2\/product\/2800\/revisions"}],"predecessor-version":[{"id":3162,"href":"https:\/\/fractaljuegos.com\/en\/wp-json\/wp\/v2\/product\/2800\/revisions\/3162"}],"wp:featuredmedia":[{"embeddable":true,"href":"https:\/\/fractaljuegos.com\/en\/wp-json\/wp\/v2\/media\/4376"}],"wp:attachment":[{"href":"https:\/\/fractaljuegos.com\/en\/wp-json\/wp\/v2\/media?parent=2800"}],"wp:term":[{"taxonomy":"product_brand","embeddable":true,"href":"https:\/\/fractaljuegos.com\/en\/wp-json\/wp\/v2\/product_brand?post=2800"},{"taxonomy":"product_cat","embeddable":true,"href":"https:\/\/fractaljuegos.com\/en\/wp-json\/wp\/v2\/product_cat?post=2800"},{"taxonomy":"product_tag","embeddable":true,"href":"https:\/\/fractaljuegos.com\/en\/wp-json\/wp\/v2\/product_tag?post=2800"},{"taxonomy":"disponible-nodisponible","embeddable":true,"href":"https:\/\/fractaljuegos.com\/en\/wp-json\/wp\/v2\/disponible-nodisponible?post=2800"},{"taxonomy":"cantidad_de_participantes","embeddable":true,"href":"https:\/\/fractaljuegos.com\/en\/wp-json\/wp\/v2\/cantidad_de_participantes?post=2800"},{"taxonomy":"categorias-juegos","embeddable":true,"href":"https:\/\/fractaljuegos.com\/en\/wp-json\/wp\/v2\/categorias-juegos?post=2800"},{"taxonomy":"disponibilidad","embeddable":true,"href":"https:\/\/fractaljuegos.com\/en\/wp-json\/wp\/v2\/disponibilidad?post=2800"},{"taxonomy":"mecanica","embeddable":true,"href":"https:\/\/fractaljuegos.com\/en\/wp-json\/wp\/v2\/mecanica?post=2800"},{"taxonomy":"tamano_del_juego","embeddable":true,"href":"https:\/\/fractaljuegos.com\/en\/wp-json\/wp\/v2\/tamano_del_juego?post=2800"},{"taxonomy":"tipo_de_jugador","embeddable":true,"href":"https:\/\/fractaljuegos.com\/en\/wp-json\/wp\/v2\/tipo_de_jugador?post=2800"}],"curies":[{"name":"wp","href":"https:\/\/api.w.org\/{rel}","templated":true}]}}